{"id":155982,"date":"2025-09-03T10:40:36","date_gmt":"2025-09-03T08:40:36","guid":{"rendered":"https:\/\/secureus.se\/monteringsstolpe-840\/"},"modified":"2026-04-08T15:06:15","modified_gmt":"2026-04-08T13:06:15","slug":"monteringsstolpe-840","status":"publish","type":"product","link":"https:\/\/secureus.se\/dk\/monteringsstolpe-840\/","title":{"rendered":"Monteringsstolpe 840"},"content":{"rendered":"<div>\n<div>\n<div>\n<div>\n<div>\n<div><b>Anvendelsesomr\u00e5de:\u00a0<\/b>Monteringsstolpe i rustfrit st\u00e5l til ekstra st\u00e6rke elektriske endeplader, specielt designet til SapaFront profilsystemet. Bruges til at tilpasse fastg\u00f8relsen af elektriske endeplader til Sapa standardudsparinger.<\/div>\n<div><\/div>\n<div>\n<p><b>Egenskaber:\u00a0<\/b><\/p>\n<ul>\n<li>N\u00e5r smalprofill\u00e5se anvendes sammen med SapaFront stolper, skal l\u00e5sene forsynes med en 22 mm stolpe.<\/li>\n<li>Passer til SapaFront byggesystem 2050 og 2071 indad.<\/li>\n<li>Beregnet til aluminiumsramme.<\/li>\n<\/ul>\n<\/div>\n<\/div>\n<div><\/div>\n<div>\n<p><b>Funktion:\u00a0<\/b>Valget af stolpe bestemmes af en r\u00e6kke forskellige faktorer, som tilsammen giver den optimale kombination af d\u00f8r\/l\u00e5s\/stolpe. En af de vigtigste faktorer er, hvordan selve d\u00f8ren er designet. Karmen\/d\u00f8rbladets materiale kan variere, f.eks. tr\u00e6, alu eller st\u00e5l, og der skal tages hensyn til d\u00f8rens profil (udfoldet\/foldet).<\/p>\n<div>For at kunne v\u00e6lge elektrisk lukkeplade og monteringsstolpe skal man ogs\u00e5 kende hvilken type mekanisk l\u00e5s der er brugt, om det er enkelt- eller dobbeltfaldsl\u00e5s, og hvor stor tungedimensionen er mellem forkanten af d\u00f8rblad og l\u00e5sens stempel.<\/div>\n<div>\n<b>S\u00e6rlige standarder for brandklassificerede d\u00f8re:\u00a0<\/b>For d\u00f8re med brandteknisk klasse EI\/E 60, EI\/E 30 eller EI\/E15 m\u00e5 der ikke anvendes simple elektriske lukkeplader som d\u00f8rholdebeslag. Hvis du er i tvivl om kombinationen af l\u00e5s\/elektrisk slutplade i brandklassificerede d\u00f8re, s\u00e5 kontakt os eller l\u00e6s Boligstyrelsens Byggereglement BBR 94.3 afsnit 5:6214.<\/div>\n<\/div>\n<\/div>\n<\/div>\n<\/div>\n<\/div>\n<div><\/div>","protected":false},"excerpt":{"rendered":"<p>Anv\u00e4ndningsomr\u00e5de:\u00a0Monteringsstolpe i rostfritt st\u00e5l f\u00f6r extra kraftiga elslutbleck, speciellt framtagna f\u00f6r SapaFront profilsystem. Anv\u00e4nds f\u00f6r att anpassa inf\u00e4stning av elslutbleck till Sapa standardurtag. Egenskaper:\u00a0 D\u00e5 smalprofill\u00e5s anv\u00e4nds tillsammans med SapaFront<\/p>","protected":false},"featured_media":155981,"template":"","meta":{"_acf_changed":false},"product_brand":[],"product_cat":[4735],"product_tag":[],"class_list":{"0":"post-155982","1":"product","2":"type-product","3":"status-publish","4":"has-post-thumbnail","6":"product_cat-monteringsstolpe","7":"product_shipping_class-postnord-varubrev","8":"pa_brands-abloy","9":"tm-no-options","11":"first","12":"instock","13":"sale","14":"taxable","15":"shipping-taxable","16":"purchasable","17":"product-type-simple"},"acf":[],"_links":{"self":[{"href":"https:\/\/secureus.se\/dk\/wp-json\/wp\/v2\/product\/155982","targetHints":{"allow":["GET"]}}],"collection":[{"href":"https:\/\/secureus.se\/dk\/wp-json\/wp\/v2\/product"}],"about":[{"href":"https:\/\/secureus.se\/dk\/wp-json\/wp\/v2\/types\/product"}],"wp:featuredmedia":[{"embeddable":true,"href":"https:\/\/secureus.se\/dk\/wp-json\/wp\/v2\/media\/155981"}],"wp:attachment":[{"href":"https:\/\/secureus.se\/dk\/wp-json\/wp\/v2\/media?parent=155982"}],"wp:term":[{"taxonomy":"product_brand","embeddable":true,"href":"https:\/\/secureus.se\/dk\/wp-json\/wp\/v2\/product_brand?post=155982"},{"taxonomy":"product_cat","embeddable":true,"href":"https:\/\/secureus.se\/dk\/wp-json\/wp\/v2\/product_cat?post=155982"},{"taxonomy":"product_tag","embeddable":true,"href":"https:\/\/secureus.se\/dk\/wp-json\/wp\/v2\/product_tag?post=155982"}],"curies":[{"name":"wp","href":"https:\/\/api.w.org\/{rel}","templated":true}]}}