{"id":155996,"date":"2025-09-03T10:49:04","date_gmt":"2025-09-03T08:49:04","guid":{"rendered":"https:\/\/secureus.se\/monteringsstolpe-843\/"},"modified":"2026-04-23T11:19:52","modified_gmt":"2026-04-23T09:19:52","slug":"monteringsstolpe-843","status":"publish","type":"product","link":"https:\/\/secureus.se\/dk\/monteringsstolpe-843\/","title":{"rendered":"Monteringsstolpe 843"},"content":{"rendered":"<div>\n<div>\n<div>\n<div>\n<div>\n<div><\/div>\n<div>Monteringsstolpe i rustfrit st\u00e5l til standard elektriske endeplader, specielt designet til SapaFront profilsystemet. Bruges til at tilpasse fastg\u00f8relsen af elektriske endeplader til Sapa standardudsparinger.<\/div>\n<div><b>\u00a0<\/b><\/div>\n<div><b>Egenskaber: <\/b><\/div>\n<div>\n<ul>\n<li>N\u00e5r smalprofill\u00e5se anvendes sammen med SapaFront stolper, skal l\u00e5sene forsynes med en 22 mm stolpe.<\/li>\n<li>Passer til SapaFront byggesystem 2074.<\/li>\n<li>Beregnet til aluminiumsramme.<\/li>\n<\/ul>\n<div>\n<div><b>\u00a0<\/b><\/div>\n<div><b>Velegnet til:<\/b><\/div>\n<div>ASSA ABLOY elektriske endeplader i standardserien: 70, 570, 71, 571, 75, 575, 585<\/div>\n<\/div>\n<\/div>\n<\/div>\n<\/div>\n<\/div>\n<\/div>\n<\/div>\n<div><\/div>","protected":false},"excerpt":{"rendered":"<p>Monteringsstolpe i rustfrit st\u00e5l til standard elektriske slutblege, specielt designet til SapaFront profilsystemer. Anvendes til at tilpasse fastg\u00f8relsen af elektriske slutblege til Sapa standardudsparinger. Funktioner: N\u00e5r smalprofill\u00e5se anvendes sammen med SapaFront<\/p>","protected":false},"featured_media":155995,"template":"","meta":{"_acf_changed":false},"product_brand":[],"product_cat":[4735],"product_tag":[],"class_list":{"0":"post-155996","1":"product","2":"type-product","3":"status-publish","4":"has-post-thumbnail","6":"product_cat-monteringsstolpe","7":"product_shipping_class-postnord-varubrev","8":"pa_brands-abloy","9":"tm-no-options","11":"first","12":"instock","13":"sale","14":"taxable","15":"shipping-taxable","16":"purchasable","17":"product-type-simple"},"acf":[],"_links":{"self":[{"href":"https:\/\/secureus.se\/dk\/wp-json\/wp\/v2\/product\/155996","targetHints":{"allow":["GET"]}}],"collection":[{"href":"https:\/\/secureus.se\/dk\/wp-json\/wp\/v2\/product"}],"about":[{"href":"https:\/\/secureus.se\/dk\/wp-json\/wp\/v2\/types\/product"}],"wp:featuredmedia":[{"embeddable":true,"href":"https:\/\/secureus.se\/dk\/wp-json\/wp\/v2\/media\/155995"}],"wp:attachment":[{"href":"https:\/\/secureus.se\/dk\/wp-json\/wp\/v2\/media?parent=155996"}],"wp:term":[{"taxonomy":"product_brand","embeddable":true,"href":"https:\/\/secureus.se\/dk\/wp-json\/wp\/v2\/product_brand?post=155996"},{"taxonomy":"product_cat","embeddable":true,"href":"https:\/\/secureus.se\/dk\/wp-json\/wp\/v2\/product_cat?post=155996"},{"taxonomy":"product_tag","embeddable":true,"href":"https:\/\/secureus.se\/dk\/wp-json\/wp\/v2\/product_tag?post=155996"}],"curies":[{"name":"wp","href":"https:\/\/api.w.org\/{rel}","templated":true}]}}