{"id":156341,"date":"2025-09-11T15:41:30","date_gmt":"2025-09-11T13:41:30","guid":{"rendered":"https:\/\/secureus.se\/evolis-n5h204e100-easy4pro-ymcko-half-panel-colour-ribbon-400-prints\/"},"modified":"2026-04-08T16:56:14","modified_gmt":"2026-04-08T14:56:14","slug":"evolis-n5h204e100-easy4pro-ymcko-half-panel-colour-ribbon-400-prints","status":"publish","type":"product","link":"https:\/\/secureus.se\/dk\/evolis-n5h204e100-easy4pro-ymcko-half-panel-colour-ribbon-400-prints\/","title":{"rendered":"Evolis Easy4Pro YMCKO b\u00e5nd \u2013 N5H204E100, halvt panel (400 print)"},"content":{"rendered":"<h1>B\u00e5nd<br \/>\n  Evolis Easy4Pro YMCKO &#8211; N5H204E100, halvpanel (400 utskrifter)<\/h1>\n<p>F\u00e4rgband Evolis Easy4Pro YMCKO &#8211; N5H204E100, halvpanel (400<br \/>\n  utskrifter) \u00e4r ett f\u00e4rgband f\u00f6r utskrift av plastkort med skarpa f\u00e4rger, tydlig<br \/>\n  text och bra detalj\u00e5tergivning. Bandtypen YMCKO ger r\u00e4tt kombination av<br \/>\n  f\u00e4rgpaneler och skyddande overlay f\u00f6r professionella<br \/>\n  korttrykning.<\/p>\n<p>Velegnet til ID-kort, adgangskort, medlemskort og andet<br \/>\n  plastikkort, hvor h\u00f8j udskriftskvalitet og p\u00e5lidelighed er afg\u00f8rende<br \/>\n  vigtig.<\/p>\n<ul>\n<li>Kapacitet: op til 400 udskrifter<\/li>\n<li>B\u00e5ndtype: YMCKO<\/li>\n<li>Artikelnummer: N5H204E100<\/li>\n<\/ul>\n<p><strong>Kompatibel med Evolis Primacy 2 og Zenius 2 kort<br \/>\n  kun printere.<\/strong><\/p>\n<p><strong>Produktv\u00e6gt:<\/strong> 0,20 kg<\/p>","protected":false},"excerpt":{"rendered":"<p>F\u00e4rgband Evolis Easy4Pro YMCKO &#8211; N5H204E100, halvpanel (400 utskrifter) F\u00e4rgband Evolis Easy4Pro YMCKO &#8211; N5H204E100, halvpanel (400 utskrifter) \u00e4r ett f\u00e4rgband f\u00f6r utskrift av plastkort med skarpa f\u00e4rger, tydlig text<\/p>","protected":false},"featured_media":156340,"template":"","meta":{"_acf_changed":false},"product_brand":[],"product_cat":[4856,4859],"product_tag":[4863],"class_list":{"0":"post-156341","1":"product","2":"type-product","3":"status-publish","4":"has-post-thumbnail","6":"product_cat-easy4-pro","7":"product_cat-primacy-2","8":"product_tag-pf","9":"pa_brands-evolis","10":"tm-no-options","12":"first","13":"instock","14":"sale","15":"taxable","16":"shipping-taxable","17":"purchasable","18":"product-type-simple"},"acf":[],"_links":{"self":[{"href":"https:\/\/secureus.se\/dk\/wp-json\/wp\/v2\/product\/156341","targetHints":{"allow":["GET"]}}],"collection":[{"href":"https:\/\/secureus.se\/dk\/wp-json\/wp\/v2\/product"}],"about":[{"href":"https:\/\/secureus.se\/dk\/wp-json\/wp\/v2\/types\/product"}],"wp:featuredmedia":[{"embeddable":true,"href":"https:\/\/secureus.se\/dk\/wp-json\/wp\/v2\/media\/156340"}],"wp:attachment":[{"href":"https:\/\/secureus.se\/dk\/wp-json\/wp\/v2\/media?parent=156341"}],"wp:term":[{"taxonomy":"product_brand","embeddable":true,"href":"https:\/\/secureus.se\/dk\/wp-json\/wp\/v2\/product_brand?post=156341"},{"taxonomy":"product_cat","embeddable":true,"href":"https:\/\/secureus.se\/dk\/wp-json\/wp\/v2\/product_cat?post=156341"},{"taxonomy":"product_tag","embeddable":true,"href":"https:\/\/secureus.se\/dk\/wp-json\/wp\/v2\/product_tag?post=156341"}],"curies":[{"name":"wp","href":"https:\/\/api.w.org\/{rel}","templated":true}]}}