{"id":156343,"date":"2025-09-11T15:41:26","date_gmt":"2025-09-11T13:41:26","guid":{"rendered":"https:\/\/secureus.se\/evolis-rct218naaa-scratch-off-monochrome-ribbon-1000-prints\/"},"modified":"2026-05-06T09:48:55","modified_gmt":"2026-05-06T07:48:55","slug":"evolis-rct218naaa-scratch-off-monochrome-ribbon-1000-prints","status":"publish","type":"product","link":"https:\/\/secureus.se\/dk\/evolis-rct218naaa-scratch-off-monochrome-ribbon-1000-prints\/","title":{"rendered":"Evolis RCT218NAAA Skrabeb\u00e5nd til sort\/hvidt b\u00e5nd (1000 print)"},"content":{"rendered":"<h1>B\u00e5nd<br \/>\n  Evolis - RCT218NAAA (1000 print)<\/h1>\n<p>Evolis-b\u00e5nd \u2013 RCT218NAAA (1000 print) er et<br \/>\n  skrabeb\u00e5nd, der bruges til at skjule koder, gavekortoplysninger og<br \/>\n  andre fortrolige oplysninger p\u00e5 plastikkort. Overfladen kan nemt ridses af<br \/>\n  slutbrugeren, hvis det er n\u00f8dvendigt.<\/p>\n<p>S\u00e6rligt velegnet til gavekort, kuponer og kort, hvor visse<br \/>\n  Oplysningerne skal skjules, indtil de bruges.<\/p>\n<ul>\n<li>Kapacitet: op til 1.000 udskrifter<\/li>\n<li>Artikelnummer: RCT218NAAA<\/li>\n<\/ul>\n<p><strong>Kompatibel med Evolis Primacy 2 kortprinter<br \/>\n  kun.<\/strong><\/p>\n<p><strong>Produktv\u00e6gt:<\/strong> 0,20 kg<\/p>","protected":false},"excerpt":{"rendered":"<p>F\u00e4rgband Evolis &#8211; RCT218NAAA (1000 utskrifter) F\u00e4rgband Evolis &#8211; RCT218NAAA (1000 utskrifter) \u00e4r ett scratch-off-band som anv\u00e4nds f\u00f6r att d\u00f6lja koder, presentkortsinformation och annan konfidentiell information p\u00e5 plastkort. Ytan kan<\/p>","protected":false},"featured_media":156342,"template":"","meta":{"_acf_changed":false},"product_brand":[],"product_cat":[4859],"product_tag":[4863],"class_list":{"0":"post-156343","1":"product","2":"type-product","3":"status-publish","4":"has-post-thumbnail","6":"product_cat-primacy-2","7":"product_tag-pf","8":"pa_brands-evolis","9":"tm-no-options","11":"first","12":"outofstock","13":"sale","14":"taxable","15":"shipping-taxable","16":"purchasable","17":"product-type-simple"},"acf":[],"_links":{"self":[{"href":"https:\/\/secureus.se\/dk\/wp-json\/wp\/v2\/product\/156343","targetHints":{"allow":["GET"]}}],"collection":[{"href":"https:\/\/secureus.se\/dk\/wp-json\/wp\/v2\/product"}],"about":[{"href":"https:\/\/secureus.se\/dk\/wp-json\/wp\/v2\/types\/product"}],"wp:featuredmedia":[{"embeddable":true,"href":"https:\/\/secureus.se\/dk\/wp-json\/wp\/v2\/media\/156342"}],"wp:attachment":[{"href":"https:\/\/secureus.se\/dk\/wp-json\/wp\/v2\/media?parent=156343"}],"wp:term":[{"taxonomy":"product_brand","embeddable":true,"href":"https:\/\/secureus.se\/dk\/wp-json\/wp\/v2\/product_brand?post=156343"},{"taxonomy":"product_cat","embeddable":true,"href":"https:\/\/secureus.se\/dk\/wp-json\/wp\/v2\/product_cat?post=156343"},{"taxonomy":"product_tag","embeddable":true,"href":"https:\/\/secureus.se\/dk\/wp-json\/wp\/v2\/product_tag?post=156343"}],"curies":[{"name":"wp","href":"https:\/\/api.w.org\/{rel}","templated":true}]}}