{"id":156347,"date":"2025-09-11T15:41:31","date_gmt":"2025-09-11T13:41:31","guid":{"rendered":"https:\/\/secureus.se\/evolis-r6f207naaa-ymckoo-colour-ribbon-250-prints\/"},"modified":"2026-05-06T09:47:23","modified_gmt":"2026-05-06T07:47:23","slug":"evolis-r6f207naaa-ymckoo-colour-ribbon-250-prints","status":"publish","type":"product","link":"https:\/\/secureus.se\/dk\/evolis-r6f207naaa-ymckoo-colour-ribbon-250-prints\/","title":{"rendered":"Evolis R6F207NAAA YMCKOO b\u00e5nd (250 print)"},"content":{"rendered":"<h1>B\u00e5nd<br \/>\n  Evolis YMCKOO \u2013 R6F207NAAA (250 print)<\/h1>\n<p>Evolis YMCKOO-b\u00e5nd \u2013 R6F207NAAA (250 print) er et<br \/>\n  Farveb\u00e5nd til trykning af plastikkort med skarpe farver, klar tekst og god<br \/>\n  YMCKOO-b\u00e5ndtypen giver den korrekte kombination af farvepaneler og<br \/>\n  Beskyttende overlay til professionel korttryk.<\/p>\n<p>Velegnet til ID-kort, adgangskort, medlemskort og andet<br \/>\n  plastikkort, hvor h\u00f8j udskriftskvalitet og p\u00e5lidelighed er afg\u00f8rende<br \/>\n  vigtig.<\/p>\n<ul>\n<li>Kapacitet: op til 300 udskrifter<\/li>\n<li>B\u00e5ndtype: YMCKOO<\/li>\n<li>Artikelnummer: R6F207NAAA<\/li>\n<\/ul>\n<p><strong>Kompatibel med Evolis Primacy 2 kortprinter<br \/>\n  kun.<\/strong><\/p>\n<p><strong>Produktv\u00e6gt:<\/strong> 0,20 kg<\/p>","protected":false},"excerpt":{"rendered":"<p>F\u00e4rgband Evolis YMCKOO &#8211; R6F207NAAA (250 utskrifter) F\u00e4rgband Evolis YMCKOO &#8211; R6F207NAAA (250 utskrifter) \u00e4r ett f\u00e4rgband f\u00f6r utskrift av plastkort med skarpa f\u00e4rger, tydlig text och bra detalj\u00e5tergivning. Bandtypen<\/p>","protected":false},"featured_media":156346,"template":"","meta":{"_acf_changed":false},"product_brand":[],"product_cat":[4859],"product_tag":[4863],"class_list":{"0":"post-156347","1":"product","2":"type-product","3":"status-publish","4":"has-post-thumbnail","6":"product_cat-primacy-2","7":"product_tag-pf","8":"pa_brands-evolis","9":"tm-no-options","11":"first","12":"instock","13":"sale","14":"taxable","15":"shipping-taxable","16":"purchasable","17":"product-type-simple"},"acf":[],"_links":{"self":[{"href":"https:\/\/secureus.se\/dk\/wp-json\/wp\/v2\/product\/156347","targetHints":{"allow":["GET"]}}],"collection":[{"href":"https:\/\/secureus.se\/dk\/wp-json\/wp\/v2\/product"}],"about":[{"href":"https:\/\/secureus.se\/dk\/wp-json\/wp\/v2\/types\/product"}],"wp:featuredmedia":[{"embeddable":true,"href":"https:\/\/secureus.se\/dk\/wp-json\/wp\/v2\/media\/156346"}],"wp:attachment":[{"href":"https:\/\/secureus.se\/dk\/wp-json\/wp\/v2\/media?parent=156347"}],"wp:term":[{"taxonomy":"product_brand","embeddable":true,"href":"https:\/\/secureus.se\/dk\/wp-json\/wp\/v2\/product_brand?post=156347"},{"taxonomy":"product_cat","embeddable":true,"href":"https:\/\/secureus.se\/dk\/wp-json\/wp\/v2\/product_cat?post=156347"},{"taxonomy":"product_tag","embeddable":true,"href":"https:\/\/secureus.se\/dk\/wp-json\/wp\/v2\/product_tag?post=156347"}],"curies":[{"name":"wp","href":"https:\/\/api.w.org\/{rel}","templated":true}]}}