{"id":156357,"date":"2025-09-11T15:41:36","date_gmt":"2025-09-11T13:41:36","guid":{"rendered":"https:\/\/secureus.se\/evolis-lvr037naa-hologram-varnish-ribbon-1200-prints\/"},"modified":"2026-04-08T16:52:11","modified_gmt":"2026-04-08T14:52:11","slug":"evolis-lvr037naa-hologram-varnish-ribbon-1200-prints","status":"publish","type":"product","link":"https:\/\/secureus.se\/dk\/evolis-lvr037naa-hologram-varnish-ribbon-1200-prints\/","title":{"rendered":"Evolis malerb\u00e5nd \u2013 LVR037NAA (1200 print)"},"content":{"rendered":"<h1>Lackband<br \/>\n  Evolis &#8211; LVR037NAA (1200 utskrifter)<\/h1>\n<p>Lackband Evolis &#8211; LVR037NAA (1200 utskrifter) \u00e4r en overlayfilm<br \/>\n  som skyddar kortets yta mot repor, fukt och dagligt slitage.<\/p>\n<p>Et godt valg, n\u00e5r du vil forl\u00e6nge levetiden p\u00e5 dine kort, forbedre<br \/>\n  holdbarhed og f\u00e5 et mere professionelt slutresultat.<\/p>\n<ul>\n<li>Kapacitet: upp till 1 200 utskrifter per rulle<\/li>\n<li>Giver ekstra visuel sikkerhed med holografisk effekt<\/li>\n<li>Globe-hologram f\u00f6r b\u00e4ttre skydd mot f\u00f6rfalskning<\/li>\n<li>Artikelnummer: LVR037NAA<\/li>\n<\/ul>\n<p><strong>Kompatibel med Evolis Primacy, Primacy 2 och<br \/>\n  Avansia.<\/strong><\/p>\n<p><strong>Produktv\u00e6gt:<\/strong> 0,20 kg<\/p>","protected":false},"excerpt":{"rendered":"<p>Lackband Evolis &#8211; LVR037NAA (1200 utskrifter) Lackband Evolis &#8211; LVR037NAA (1200 utskrifter) \u00e4r en overlayfilm som skyddar kortets yta mot repor, fukt och dagligt slitage. Ett bra val n\u00e4r du<\/p>","protected":false},"featured_media":156356,"template":"","meta":{"_acf_changed":false},"product_brand":[],"product_cat":[4855,4858,4859],"product_tag":[4863],"class_list":{"0":"post-156357","1":"product","2":"type-product","3":"status-publish","4":"has-post-thumbnail","6":"product_cat-avansia","7":"product_cat-primacy","8":"product_cat-primacy-2","9":"product_tag-pf","10":"pa_brands-evolis","11":"tm-no-options","13":"first","14":"instock","15":"sale","16":"taxable","17":"shipping-taxable","18":"purchasable","19":"product-type-simple"},"acf":[],"_links":{"self":[{"href":"https:\/\/secureus.se\/dk\/wp-json\/wp\/v2\/product\/156357","targetHints":{"allow":["GET"]}}],"collection":[{"href":"https:\/\/secureus.se\/dk\/wp-json\/wp\/v2\/product"}],"about":[{"href":"https:\/\/secureus.se\/dk\/wp-json\/wp\/v2\/types\/product"}],"wp:featuredmedia":[{"embeddable":true,"href":"https:\/\/secureus.se\/dk\/wp-json\/wp\/v2\/media\/156356"}],"wp:attachment":[{"href":"https:\/\/secureus.se\/dk\/wp-json\/wp\/v2\/media?parent=156357"}],"wp:term":[{"taxonomy":"product_brand","embeddable":true,"href":"https:\/\/secureus.se\/dk\/wp-json\/wp\/v2\/product_brand?post=156357"},{"taxonomy":"product_cat","embeddable":true,"href":"https:\/\/secureus.se\/dk\/wp-json\/wp\/v2\/product_cat?post=156357"},{"taxonomy":"product_tag","embeddable":true,"href":"https:\/\/secureus.se\/dk\/wp-json\/wp\/v2\/product_tag?post=156357"}],"curies":[{"name":"wp","href":"https:\/\/api.w.org\/{rel}","templated":true}]}}