{"id":156368,"date":"2025-09-11T15:41:36","date_gmt":"2025-09-11T13:41:36","guid":{"rendered":"https:\/\/secureus.se\/evolis-lps032naa-0-5mil-clear-patch-laminate-600-prints\/"},"modified":"2026-03-26T09:56:59","modified_gmt":"2026-03-26T08:56:59","slug":"evolis-lps032naa-0-5mil-clear-patch-laminate-600-prints","status":"publish","type":"product","link":"https:\/\/secureus.se\/dk\/evolis-lps032naa-0-5mil-clear-patch-laminate-600-prints\/","title":{"rendered":"Evolis LPS032NAA 0,5 mil klar patchlaminat (600 print)"},"content":{"rendered":"<p>Evolis LPS032NAA klar patchlaminat \u00f8ger kortets holdbarhed mod ridser, falmning og daglig slitage. Denne 0,5 mil overlaminat kan bruges til b\u00e5de enkelt- og dobbeltsidet udskrivning, hvilket beskytter dine kunders kort for at sikre en l\u00e6ngere levetid, samtidig med at risikoen for manipulation reduceres.<\/p>\n<ul>\n<li>600 print pr rulle<\/li>\n<li>0,5 mil klar patchlaminat\u00a0<\/li>\n<li>Producentens varenummer: LPS032NAA<\/li>\n<\/ul>\n<p><strong>F\u00f8r du afgiver din ordre, bedes du kontrollere, at dette er det rigtige b\u00e5nd til din printer. Dette b\u00e5nd er kompatibelt med Evolis Primacy og Primacy 2 lamineringsprinterne.<\/strong><\/p>\n<p>\n <strong><br \/>\n Produktv\u00e6gt:<br \/>\n 0,15 kg<br \/>\n <\/strong>\n <\/p>","protected":false},"excerpt":{"rendered":"<p>The Evolis LPS032NAA clear patch laminate increases card durability against scratching, fading and everyday wear and tear. This 0.5 mil overlaminate can be used in both single and dual-sided printing,<\/p>","protected":false},"featured_media":156365,"template":"","meta":{"_acf_changed":false},"product_brand":[],"product_cat":[4858,4859],"product_tag":[4863],"class_list":{"0":"post-156368","1":"product","2":"type-product","3":"status-publish","4":"has-post-thumbnail","6":"product_cat-primacy","7":"product_cat-primacy-2","8":"product_tag-pf","9":"pa_brands-evolis","10":"tm-no-options","12":"first","13":"instock","14":"sale","15":"taxable","16":"shipping-taxable","17":"purchasable","18":"product-type-simple"},"acf":[],"_links":{"self":[{"href":"https:\/\/secureus.se\/dk\/wp-json\/wp\/v2\/product\/156368","targetHints":{"allow":["GET"]}}],"collection":[{"href":"https:\/\/secureus.se\/dk\/wp-json\/wp\/v2\/product"}],"about":[{"href":"https:\/\/secureus.se\/dk\/wp-json\/wp\/v2\/types\/product"}],"wp:featuredmedia":[{"embeddable":true,"href":"https:\/\/secureus.se\/dk\/wp-json\/wp\/v2\/media\/156365"}],"wp:attachment":[{"href":"https:\/\/secureus.se\/dk\/wp-json\/wp\/v2\/media?parent=156368"}],"wp:term":[{"taxonomy":"product_brand","embeddable":true,"href":"https:\/\/secureus.se\/dk\/wp-json\/wp\/v2\/product_brand?post=156368"},{"taxonomy":"product_cat","embeddable":true,"href":"https:\/\/secureus.se\/dk\/wp-json\/wp\/v2\/product_cat?post=156368"},{"taxonomy":"product_tag","embeddable":true,"href":"https:\/\/secureus.se\/dk\/wp-json\/wp\/v2\/product_tag?post=156368"}],"curies":[{"name":"wp","href":"https:\/\/api.w.org\/{rel}","templated":true}]}}