{"id":156395,"date":"2025-09-11T15:41:38","date_gmt":"2025-09-11T13:41:38","guid":{"rendered":"https:\/\/secureus.se\/evolis-lps033naa-0-6mil-generic-hologram-patch-laminate-600-prints\/"},"modified":"2026-04-08T17:02:01","modified_gmt":"2026-04-08T15:02:01","slug":"evolis-lps033naa-0-6mil-generic-hologram-patch-laminate-600-prints","status":"publish","type":"product","link":"https:\/\/secureus.se\/dk\/evolis-lps033naa-0-6mil-generic-hologram-patch-laminate-600-prints\/","title":{"rendered":"Lamineringsfilm Evolis &#8211; LPS033NAA, hologrampatch, generisk (600\n  utskrifter)"},"content":{"rendered":"<h1>Lamineringsfilm<br \/>\n  Evolis &#8211; LPS033NAA, hologrampatch, generisk (600 utskrifter)<\/h1>\n<p>Lamineringsfilm Evolis &#8211; LPS033NAA, hologrampatch, generisk (600<br \/>\n  utskrifter) \u00e4r en lamineringsfilm som ger ett extra skyddslager till<br \/>\n  plastkort och hj\u00e4lper till att minska repor, blekning och vanligt<br \/>\n  slitage.<\/p>\n<p>Ett bra val n\u00e4r du vill \u00f6ka kortens livsl\u00e4ngd, f\u00f6rb\u00e4ttra<br \/>\n  slitstyrkan och f\u00e5 ett mer professionellt slutresultat.<\/p>\n<ul>\n<li>Kapacitet: upp till 600 utskrifter per rulle<\/li>\n<li>Ger extra visuell s\u00e4kerhet med holografisk effekt<\/li>\n<li>0,6 mil tjocklek<\/li>\n<li>Artikelnummer: LPS033NAA<\/li>\n<\/ul>\n<p><strong>Kompatibel med Evolis Primacy och Primacy 2<br \/>\n  lamination printers.<\/strong><\/p>\n<p><strong>Produktv\u00e6gt:<\/strong> 0,12 kg<\/p>","protected":false},"excerpt":{"rendered":"<p>Lamineringsfilm Evolis &#8211; LPS033NAA, hologrampatch, generisk (600 utskrifter) Lamineringsfilm Evolis &#8211; LPS033NAA, hologrampatch, generisk (600 utskrifter) \u00e4r en lamineringsfilm som ger ett extra skyddslager till plastkort och hj\u00e4lper till att<\/p>","protected":false},"featured_media":156393,"template":"","meta":{"_acf_changed":false},"product_brand":[],"product_cat":[4858,4859],"product_tag":[4863],"class_list":{"0":"post-156395","1":"product","2":"type-product","3":"status-publish","4":"has-post-thumbnail","6":"product_cat-primacy","7":"product_cat-primacy-2","8":"product_tag-pf","9":"pa_brands-evolis","10":"tm-no-options","12":"first","13":"instock","14":"sale","15":"taxable","16":"shipping-taxable","17":"purchasable","18":"product-type-simple"},"acf":[],"_links":{"self":[{"href":"https:\/\/secureus.se\/dk\/wp-json\/wp\/v2\/product\/156395","targetHints":{"allow":["GET"]}}],"collection":[{"href":"https:\/\/secureus.se\/dk\/wp-json\/wp\/v2\/product"}],"about":[{"href":"https:\/\/secureus.se\/dk\/wp-json\/wp\/v2\/types\/product"}],"wp:featuredmedia":[{"embeddable":true,"href":"https:\/\/secureus.se\/dk\/wp-json\/wp\/v2\/media\/156393"}],"wp:attachment":[{"href":"https:\/\/secureus.se\/dk\/wp-json\/wp\/v2\/media?parent=156395"}],"wp:term":[{"taxonomy":"product_brand","embeddable":true,"href":"https:\/\/secureus.se\/dk\/wp-json\/wp\/v2\/product_brand?post=156395"},{"taxonomy":"product_cat","embeddable":true,"href":"https:\/\/secureus.se\/dk\/wp-json\/wp\/v2\/product_cat?post=156395"},{"taxonomy":"product_tag","embeddable":true,"href":"https:\/\/secureus.se\/dk\/wp-json\/wp\/v2\/product_tag?post=156395"}],"curies":[{"name":"wp","href":"https:\/\/api.w.org\/{rel}","templated":true}]}}