{"id":156399,"date":"2025-09-11T15:41:40","date_gmt":"2025-09-11T13:41:40","guid":{"rendered":"https:\/\/secureus.se\/evolis-rct015naa-white-monochrome-ribbon-1000-prints\/"},"modified":"2026-03-27T18:03:52","modified_gmt":"2026-03-27T17:03:52","slug":"evolis-rct015naa-white-monochrome-ribbon-1000-prints","status":"publish","type":"product","link":"https:\/\/secureus.se\/dk\/evolis-rct015naa-white-monochrome-ribbon-1000-prints\/","title":{"rendered":"Evolis RCT015NAA Hvidt monokromt b\u00e5nd (1.000 print)"},"content":{"rendered":"<p>Evolis RCT015NAA hvidt monokromt b\u00e5nd er perfekt til at personligg\u00f8re dine kunders ID-kort. Ideelt til udskrivning p\u00e5 m\u00f8rke farvede kort, det producerer detaljeret tekst og pr\u00e6cis enkeltlinjegrafik i en fantastisk hvid finish.<\/p>\n<ul>\n<li>1.000 prints pr. rulle<\/li>\n<li>Hvidt monokrom b\u00e5nd<\/li>\n<li>Producentens varenummer: RCT015NAA<\/li>\n<\/ul>\n<p><strong>F\u00f8r du afgiver din ordre, bedes du kontrollere, at dette er det rigtige farveb\u00e5nd til din printer. Dette farveb\u00e5nd er kompatibelt med Evolis Primacy- og Evolis Zenius-kortprinterne.<\/strong><\/p>\n<p>\n <strong><br \/>\n Produktv\u00e6gt:<br \/>\n 0,20 kg<br \/>\n <\/strong>\n <\/p>","protected":false},"excerpt":{"rendered":"<p>The Evolis RCT015NAA white monochrome ribbon is perfect for personalising your customer&#8217;s ID cards. Ideal for printing onto dark coloured cards, it produces\u00a0detailed text and\u00a0accurate single-line art\u00a0in a stunning white<\/p>","protected":false},"featured_media":156397,"template":"","meta":{"_acf_changed":false},"product_brand":[],"product_cat":[4858,4862],"product_tag":[4863],"class_list":{"0":"post-156399","1":"product","2":"type-product","3":"status-publish","4":"has-post-thumbnail","6":"product_cat-primacy","7":"product_cat-zenius","8":"product_tag-pf","9":"pa_brands-evolis","10":"tm-no-options","12":"first","13":"instock","14":"sale","15":"taxable","16":"shipping-taxable","17":"purchasable","18":"product-type-simple"},"acf":[],"_links":{"self":[{"href":"https:\/\/secureus.se\/dk\/wp-json\/wp\/v2\/product\/156399","targetHints":{"allow":["GET"]}}],"collection":[{"href":"https:\/\/secureus.se\/dk\/wp-json\/wp\/v2\/product"}],"about":[{"href":"https:\/\/secureus.se\/dk\/wp-json\/wp\/v2\/types\/product"}],"wp:featuredmedia":[{"embeddable":true,"href":"https:\/\/secureus.se\/dk\/wp-json\/wp\/v2\/media\/156397"}],"wp:attachment":[{"href":"https:\/\/secureus.se\/dk\/wp-json\/wp\/v2\/media?parent=156399"}],"wp:term":[{"taxonomy":"product_brand","embeddable":true,"href":"https:\/\/secureus.se\/dk\/wp-json\/wp\/v2\/product_brand?post=156399"},{"taxonomy":"product_cat","embeddable":true,"href":"https:\/\/secureus.se\/dk\/wp-json\/wp\/v2\/product_cat?post=156399"},{"taxonomy":"product_tag","embeddable":true,"href":"https:\/\/secureus.se\/dk\/wp-json\/wp\/v2\/product_tag?post=156399"}],"curies":[{"name":"wp","href":"https:\/\/api.w.org\/{rel}","templated":true}]}}