{"id":156407,"date":"2025-09-11T15:41:27","date_gmt":"2025-09-11T13:41:27","guid":{"rendered":"https:\/\/secureus.se\/evolis-rct215naaa-white-monochrome-ribbon-1000-prints\/"},"modified":"2026-04-08T16:58:43","modified_gmt":"2026-04-08T14:58:43","slug":"evolis-rct215naaa-white-monochrome-ribbon-1000-prints","status":"publish","type":"product","link":"https:\/\/secureus.se\/dk\/evolis-rct215naaa-white-monochrome-ribbon-1000-prints\/","title":{"rendered":"F\u00e4rgband Evolis &#8211; RCT215NAAA, vit monokrom (1000 utskrifter)"},"content":{"rendered":"<h1>B\u00e5nd<br \/>\n  Evolis &#8211; RCT215NAAA, vit monokrom (1000 utskrifter)<\/h1>\n<p>F\u00e4rgband Evolis &#8211; RCT215NAAA, vit monokrom (1000 utskrifter) \u00e4r<br \/>\n  ett vitt monokromt f\u00e4rgband som l\u00e4mpar sig f\u00f6r tydliga utskrifter p\u00e5 m\u00f6rka<br \/>\n  eller specialanpassade kort, till exempel displaykort och<br \/>\n  etiketter.<\/p>\n<p>Velegnet til ID-kort, adgangskort, medlemskort og andet<br \/>\n  plastikkort, hvor h\u00f8j udskriftskvalitet og p\u00e5lidelighed er afg\u00f8rende<br \/>\n  vigtig.<\/p>\n<ul>\n<li>Kapacitet: op til 1.000 udskrifter<\/li>\n<li>Remtype: Hvid monokrom<\/li>\n<li>Artikelnummer: RCT215NAAA<\/li>\n<\/ul>\n<p><strong>Kompatibel med Evolis Primacy 2 kortprinter<br \/>\n  kun.<\/strong><\/p>\n<p><strong>Produktv\u00e6gt:<\/strong> 0,20 kg<\/p>","protected":false},"excerpt":{"rendered":"<p>F\u00e4rgband Evolis &#8211; RCT215NAAA, vit monokrom (1000 utskrifter) F\u00e4rgband Evolis &#8211; RCT215NAAA, vit monokrom (1000 utskrifter) \u00e4r ett vitt monokromt f\u00e4rgband som l\u00e4mpar sig f\u00f6r tydliga utskrifter p\u00e5 m\u00f6rka eller<\/p>","protected":false},"featured_media":156405,"template":"","meta":{"_acf_changed":false},"product_brand":[],"product_cat":[4859],"product_tag":[4863],"class_list":{"0":"post-156407","1":"product","2":"type-product","3":"status-publish","4":"has-post-thumbnail","6":"product_cat-primacy-2","7":"product_tag-pf","8":"pa_brands-evolis","9":"tm-no-options","11":"first","12":"instock","13":"sale","14":"taxable","15":"shipping-taxable","16":"purchasable","17":"product-type-simple"},"acf":[],"_links":{"self":[{"href":"https:\/\/secureus.se\/dk\/wp-json\/wp\/v2\/product\/156407","targetHints":{"allow":["GET"]}}],"collection":[{"href":"https:\/\/secureus.se\/dk\/wp-json\/wp\/v2\/product"}],"about":[{"href":"https:\/\/secureus.se\/dk\/wp-json\/wp\/v2\/types\/product"}],"wp:featuredmedia":[{"embeddable":true,"href":"https:\/\/secureus.se\/dk\/wp-json\/wp\/v2\/media\/156405"}],"wp:attachment":[{"href":"https:\/\/secureus.se\/dk\/wp-json\/wp\/v2\/media?parent=156407"}],"wp:term":[{"taxonomy":"product_brand","embeddable":true,"href":"https:\/\/secureus.se\/dk\/wp-json\/wp\/v2\/product_brand?post=156407"},{"taxonomy":"product_cat","embeddable":true,"href":"https:\/\/secureus.se\/dk\/wp-json\/wp\/v2\/product_cat?post=156407"},{"taxonomy":"product_tag","embeddable":true,"href":"https:\/\/secureus.se\/dk\/wp-json\/wp\/v2\/product_tag?post=156407"}],"curies":[{"name":"wp","href":"https:\/\/api.w.org\/{rel}","templated":true}]}}