{"id":156413,"date":"2025-09-11T15:41:38","date_gmt":"2025-09-11T13:41:38","guid":{"rendered":"https:\/\/secureus.se\/evolis-rct021naa-white-signature-monochrome-ribbon-1000-prints\/"},"modified":"2026-03-26T10:02:29","modified_gmt":"2026-03-26T09:02:29","slug":"evolis-rct021naa-white-signature-monochrome-ribbon-1000-prints","status":"publish","type":"product","link":"https:\/\/secureus.se\/dk\/evolis-rct021naa-white-signature-monochrome-ribbon-1000-prints\/","title":{"rendered":"Evolis RCT021NAA Hvidt Signature Monokromt Farveb\u00e5nd (1.000 Print)"},"content":{"rendered":"<p>Evolis RCT021NAA producerer 1.000 print i h\u00f8j kvalitet pr. rulle. Den er designet til at printe en signaturstrimmel p\u00e5 bagsiden af fortrykte kort, hvilket giver dine kunder mulighed for at \u00f8ge deres kortsikkerhed med verifikation af en underskrift.<\/p>\n<ul>\n<li>1.000 prints pr. rulle<\/li>\n<li>Hvidt signaturb\u00e5nd<\/li>\n<li>Producentens varenummer: RCT021NAA<\/li>\n<\/ul>\n<p><strong>F\u00f8r du afgiver din ordre, bedes du kontrollere, at dette er det rigtige farveb\u00e5nd til din printer. Dette farveb\u00e5nd er kompatibelt med Evolis Primacy- og Evolis Zenius-kortprinterne.<\/strong><\/p>\n<p>\u00a0<\/p>\n<p>\n <strong><br \/>\n Produktv\u00e6gt:<br \/>\n 0,20 kg<br \/>\n <\/strong>\n <\/p>","protected":false},"excerpt":{"rendered":"<p>The Evolis RCT021NAA produces 1,000 high-quality prints per roll. It is designed for\u00a0printing a signature strip onto the back of pre-printed cards, allowing your customers to increase their card security<\/p>","protected":false},"featured_media":156411,"template":"","meta":{"_acf_changed":false},"product_brand":[],"product_cat":[4858,4862],"product_tag":[4863],"class_list":{"0":"post-156413","1":"product","2":"type-product","3":"status-publish","4":"has-post-thumbnail","6":"product_cat-primacy","7":"product_cat-zenius","8":"product_tag-pf","9":"pa_brands-evolis","10":"tm-no-options","12":"first","13":"instock","14":"sale","15":"taxable","16":"shipping-taxable","17":"purchasable","18":"product-type-simple"},"acf":[],"_links":{"self":[{"href":"https:\/\/secureus.se\/dk\/wp-json\/wp\/v2\/product\/156413","targetHints":{"allow":["GET"]}}],"collection":[{"href":"https:\/\/secureus.se\/dk\/wp-json\/wp\/v2\/product"}],"about":[{"href":"https:\/\/secureus.se\/dk\/wp-json\/wp\/v2\/types\/product"}],"wp:featuredmedia":[{"embeddable":true,"href":"https:\/\/secureus.se\/dk\/wp-json\/wp\/v2\/media\/156411"}],"wp:attachment":[{"href":"https:\/\/secureus.se\/dk\/wp-json\/wp\/v2\/media?parent=156413"}],"wp:term":[{"taxonomy":"product_brand","embeddable":true,"href":"https:\/\/secureus.se\/dk\/wp-json\/wp\/v2\/product_brand?post=156413"},{"taxonomy":"product_cat","embeddable":true,"href":"https:\/\/secureus.se\/dk\/wp-json\/wp\/v2\/product_cat?post=156413"},{"taxonomy":"product_tag","embeddable":true,"href":"https:\/\/secureus.se\/dk\/wp-json\/wp\/v2\/product_tag?post=156413"}],"curies":[{"name":"wp","href":"https:\/\/api.w.org\/{rel}","templated":true}]}}