{"id":156418,"date":"2025-09-11T15:41:37","date_gmt":"2025-09-11T13:41:37","guid":{"rendered":"https:\/\/secureus.se\/evolis-rva022naa-globe-hologram-overlay-ribbon-400-prints\/"},"modified":"2026-03-26T09:56:48","modified_gmt":"2026-03-26T08:56:48","slug":"evolis-rva022naa-globe-hologram-overlay-ribbon-400-prints","status":"publish","type":"product","link":"https:\/\/secureus.se\/dk\/evolis-rva022naa-globe-hologram-overlay-ribbon-400-prints\/","title":{"rendered":"Evolis RVA022NAA Globe Hologram Overlay Farveb\u00e5nd (400 Print)"},"content":{"rendered":"<p>Evolis RVA022NAA globe-hologram-overlayb\u00e5ndet giver et beskyttende lag, der beskytter kort mod daglig slitage. Den holografiske globe, der er pr\u00e6get ind i laminatet, kan kun ses i bestemte lysforhold og fungerer som en visuel sikkerhedsforanstaltning for at reducere forfalskning og kortkloning.<\/p>\n<ul>\n<li>400 print pr rulle<\/li>\n<li>Globe-hologram-overlay<\/li>\n<li>Producentens varenummer: RVA022NAA<\/li>\n<\/ul>\n<p><strong>F\u00f8r du afgiver din ordre, bedes du kontrollere, at dette er det rigtige farveb\u00e5nd til din printer. Dette farveb\u00e5nd er kompatibelt med Evolis Primacy- og Evolis Zenius-kortprinterne.<\/strong><\/p>\n<p>\n <strong><br \/>\n Produktv\u00e6gt:<br \/>\n 0,02 kg<br \/>\n <\/strong>\n <\/p>","protected":false},"excerpt":{"rendered":"<p>The Evolis RVA022NAA globe hologram overlay ribbon provides a protective overlay to protect cards from everyday wear and tear. The holographic globe imprinted into the laminate can only be seen<\/p>","protected":false},"featured_media":156416,"template":"","meta":{"_acf_changed":false},"product_brand":[],"product_cat":[4858,4862],"product_tag":[4863],"class_list":{"0":"post-156418","1":"product","2":"type-product","3":"status-publish","4":"has-post-thumbnail","6":"product_cat-primacy","7":"product_cat-zenius","8":"product_tag-pf","9":"pa_brands-evolis","10":"tm-no-options","12":"first","13":"instock","14":"sale","15":"taxable","16":"shipping-taxable","17":"purchasable","18":"product-type-simple"},"acf":[],"_links":{"self":[{"href":"https:\/\/secureus.se\/dk\/wp-json\/wp\/v2\/product\/156418","targetHints":{"allow":["GET"]}}],"collection":[{"href":"https:\/\/secureus.se\/dk\/wp-json\/wp\/v2\/product"}],"about":[{"href":"https:\/\/secureus.se\/dk\/wp-json\/wp\/v2\/types\/product"}],"wp:featuredmedia":[{"embeddable":true,"href":"https:\/\/secureus.se\/dk\/wp-json\/wp\/v2\/media\/156416"}],"wp:attachment":[{"href":"https:\/\/secureus.se\/dk\/wp-json\/wp\/v2\/media?parent=156418"}],"wp:term":[{"taxonomy":"product_brand","embeddable":true,"href":"https:\/\/secureus.se\/dk\/wp-json\/wp\/v2\/product_brand?post=156418"},{"taxonomy":"product_cat","embeddable":true,"href":"https:\/\/secureus.se\/dk\/wp-json\/wp\/v2\/product_cat?post=156418"},{"taxonomy":"product_tag","embeddable":true,"href":"https:\/\/secureus.se\/dk\/wp-json\/wp\/v2\/product_tag?post=156418"}],"curies":[{"name":"wp","href":"https:\/\/api.w.org\/{rel}","templated":true}]}}