{"id":156426,"date":"2025-09-11T15:41:39","date_gmt":"2025-09-11T13:41:39","guid":{"rendered":"https:\/\/secureus.se\/evolis-rct016naa-gold-monochrome-ribbon-1000-prints\/"},"modified":"2026-04-08T17:01:03","modified_gmt":"2026-04-08T15:01:03","slug":"evolis-rct016naa-gold-monochrome-ribbon-1000-prints","status":"publish","type":"product","link":"https:\/\/secureus.se\/dk\/evolis-rct016naa-gold-monochrome-ribbon-1000-prints\/","title":{"rendered":"Evolis b\u00e5nd \u2013 RCT016NAA, guld monokrom (1000 print)"},"content":{"rendered":"<h1>B\u00e5nd<br \/>\n  Evolis &#8211; RCT016NAA, guld monokrom (1000 utskrifter)<\/h1>\n<p>F\u00e4rgband Evolis &#8211; RCT016NAA, guld monokrom (1000 utskrifter) \u00e4r<br \/>\n  et originalt tilbeh\u00f8r til kortprintere, der er designet til p\u00e5lidelig og<br \/>\n  professionel kortproduktion.<\/p>\n<ul>\n<li>Kapacitet: op til 1.000 udskrifter<\/li>\n<li>Artikelnummer: s<\/li>\n<\/ul>\n<p><strong>Kompatibel med Evolis Primacy og Evolis<br \/>\n  Zenius.<\/strong><\/p>\n<p><strong>Produktv\u00e6gt:<\/strong> 0,20 kg<\/p>","protected":false},"excerpt":{"rendered":"<p>F\u00e4rgband Evolis &#8211; RCT016NAA, guld monokrom (1000 utskrifter) F\u00e4rgband Evolis &#8211; RCT016NAA, guld monokrom (1000 utskrifter) \u00e4r ett originaltillbeh\u00f6r f\u00f6r kortskrivare som \u00e4r anpassat f\u00f6r p\u00e5litlig och professionell kortproduktion. Kapacitet:<\/p>","protected":false},"featured_media":156422,"template":"","meta":{"_acf_changed":false},"product_brand":[],"product_cat":[4858,4862],"product_tag":[4863],"class_list":{"0":"post-156426","1":"product","2":"type-product","3":"status-publish","4":"has-post-thumbnail","6":"product_cat-primacy","7":"product_cat-zenius","8":"product_tag-pf","9":"pa_brands-evolis","10":"tm-no-options","12":"first","13":"instock","14":"sale","15":"taxable","16":"shipping-taxable","17":"purchasable","18":"product-type-simple"},"acf":[],"_links":{"self":[{"href":"https:\/\/secureus.se\/dk\/wp-json\/wp\/v2\/product\/156426","targetHints":{"allow":["GET"]}}],"collection":[{"href":"https:\/\/secureus.se\/dk\/wp-json\/wp\/v2\/product"}],"about":[{"href":"https:\/\/secureus.se\/dk\/wp-json\/wp\/v2\/types\/product"}],"wp:featuredmedia":[{"embeddable":true,"href":"https:\/\/secureus.se\/dk\/wp-json\/wp\/v2\/media\/156422"}],"wp:attachment":[{"href":"https:\/\/secureus.se\/dk\/wp-json\/wp\/v2\/media?parent=156426"}],"wp:term":[{"taxonomy":"product_brand","embeddable":true,"href":"https:\/\/secureus.se\/dk\/wp-json\/wp\/v2\/product_brand?post=156426"},{"taxonomy":"product_cat","embeddable":true,"href":"https:\/\/secureus.se\/dk\/wp-json\/wp\/v2\/product_cat?post=156426"},{"taxonomy":"product_tag","embeddable":true,"href":"https:\/\/secureus.se\/dk\/wp-json\/wp\/v2\/product_tag?post=156426"}],"curies":[{"name":"wp","href":"https:\/\/api.w.org\/{rel}","templated":true}]}}