{"id":156451,"date":"2025-09-11T15:41:35","date_gmt":"2025-09-11T13:41:35","guid":{"rendered":"https:\/\/secureus.se\/evolis-lva036naa-continuous-varnish-holo-ribbon-1200-prints\/"},"modified":"2026-04-08T16:52:29","modified_gmt":"2026-04-08T14:52:29","slug":"evolis-lva036naa-continuous-varnish-holo-ribbon-1200-prints","status":"publish","type":"product","link":"https:\/\/secureus.se\/dk\/evolis-lva036naa-continuous-varnish-holo-ribbon-1200-prints\/","title":{"rendered":"Evolis b\u00e5nd \u2013 LVA036NAA, kontinuerlig holografisk lak (1200 print)"},"content":{"rendered":"<h1>B\u00e5nd<br \/>\n  Evolis &#8211; LVA036NAA, kontinuerlig holografisk lack (1200<br \/>\n  udskrifter)<\/h1>\n<p>F\u00e4rgband Evolis &#8211; LVA036NAA, kontinuerlig holografisk lack (1200<br \/>\n  utskrifter) \u00e4r ett KO-band med svart panel och skyddande overlay. Det \u00e4r ett<br \/>\n  bra val n\u00e4r du beh\u00f6ver tydlig text, streckkoder och extra skydd p\u00e5 kortets<br \/>\n  yta.<\/p>\n<p>Velegnet til ID-kort, adgangskort, medlemskort og andet<br \/>\n  plastikkort, hvor h\u00f8j udskriftskvalitet og p\u00e5lidelighed er vigtig.<\/p>\n<ul>\n<li>Kapacitet: op til 1.200 udskrifter<\/li>\n<li>B\u00e5ndtype: KO<\/li>\n<li>Ger extra visuell s\u00e4kerhet med holografisk effekt<\/li>\n<li>Artikelnummer: LVA036NAA<\/li>\n<\/ul>\n<p><strong>Kompatibel med Evolis Primacy, Primacy 2 och<br \/>\n  Avansia.<\/strong><\/p>\n<p><strong>Produktv\u00e6gt:<\/strong> 0,20 kg<\/p>","protected":false},"excerpt":{"rendered":"<p>F\u00e4rgband Evolis &#8211; LVA036NAA, kontinuerlig holografisk lack (1200 utskrifter) F\u00e4rgband Evolis &#8211; LVA036NAA, kontinuerlig holografisk lack (1200 utskrifter) \u00e4r ett KO-band med svart panel och skyddande overlay. Det \u00e4r ett<\/p>","protected":false},"featured_media":156445,"template":"","meta":{"_acf_changed":false},"product_brand":[],"product_cat":[4855,4858,4859],"product_tag":[4863],"class_list":{"0":"post-156451","1":"product","2":"type-product","3":"status-publish","4":"has-post-thumbnail","6":"product_cat-avansia","7":"product_cat-primacy","8":"product_cat-primacy-2","9":"product_tag-pf","10":"pa_brands-evolis","11":"tm-no-options","13":"first","14":"instock","15":"sale","16":"taxable","17":"shipping-taxable","18":"purchasable","19":"product-type-simple"},"acf":[],"_links":{"self":[{"href":"https:\/\/secureus.se\/dk\/wp-json\/wp\/v2\/product\/156451","targetHints":{"allow":["GET"]}}],"collection":[{"href":"https:\/\/secureus.se\/dk\/wp-json\/wp\/v2\/product"}],"about":[{"href":"https:\/\/secureus.se\/dk\/wp-json\/wp\/v2\/types\/product"}],"wp:featuredmedia":[{"embeddable":true,"href":"https:\/\/secureus.se\/dk\/wp-json\/wp\/v2\/media\/156445"}],"wp:attachment":[{"href":"https:\/\/secureus.se\/dk\/wp-json\/wp\/v2\/media?parent=156451"}],"wp:term":[{"taxonomy":"product_brand","embeddable":true,"href":"https:\/\/secureus.se\/dk\/wp-json\/wp\/v2\/product_brand?post=156451"},{"taxonomy":"product_cat","embeddable":true,"href":"https:\/\/secureus.se\/dk\/wp-json\/wp\/v2\/product_cat?post=156451"},{"taxonomy":"product_tag","embeddable":true,"href":"https:\/\/secureus.se\/dk\/wp-json\/wp\/v2\/product_tag?post=156451"}],"curies":[{"name":"wp","href":"https:\/\/api.w.org\/{rel}","templated":true}]}}