{"id":156467,"date":"2025-09-11T15:41:28","date_gmt":"2025-09-11T13:41:28","guid":{"rendered":"https:\/\/secureus.se\/evolis-r2f210naaa-ko-black-ribbon-with-overlay-600-prints\/"},"modified":"2026-04-08T16:57:38","modified_gmt":"2026-04-08T14:57:38","slug":"evolis-r2f210naaa-ko-black-ribbon-with-overlay-600-prints","status":"publish","type":"product","link":"https:\/\/secureus.se\/dk\/evolis-r2f210naaa-ko-black-ribbon-with-overlay-600-prints\/","title":{"rendered":"Farveb\u00e5nd Evolis KO \u2013 R2F210NAAA, med overlay (600 print)"},"content":{"rendered":"<h1>B\u00e5nd<br \/>\n  Evolis KO &#8211; R2F210NAAA, med overlay (600 utskrifter)<\/h1>\n<p>F\u00e4rgband Evolis KO &#8211; R2F210NAAA, med overlay (600 utskrifter) \u00e4r<br \/>\n  ett KO-band med svart panel och skyddande overlay. Det \u00e4r ett bra val n\u00e4r du<br \/>\n  har brug for klar tekst, stregkoder og ekstra beskyttelse p\u00e5 kortets overflade.<\/p>\n<p>Velegnet til ID-kort, adgangskort, medlemskort og andet<br \/>\n  plastikkort, hvor h\u00f8j udskriftskvalitet og p\u00e5lidelighed er afg\u00f8rende<br \/>\n  vigtig.<\/p>\n<ul>\n<li>Kapacitet: op til 600 udskrifter<\/li>\n<li>B\u00e5ndtype: KO<\/li>\n<li>Artikelnummer: R2F210NAAA<\/li>\n<\/ul>\n<p><strong>Kompatibel med Evolis Primacy 2 og Zenius 2 kort<br \/>\n  kun printere.<\/strong><\/p>\n<p><strong>Produktv\u00e6gt:<\/strong> 0,20 kg<\/p>","protected":false},"excerpt":{"rendered":"<p>F\u00e4rgband Evolis KO &#8211; R2F210NAAA, med overlay (600 utskrifter) F\u00e4rgband Evolis KO &#8211; R2F210NAAA, med overlay (600 utskrifter) \u00e4r ett KO-band med svart panel och skyddande overlay. Det \u00e4r ett<\/p>","protected":false},"featured_media":156465,"template":"","meta":{"_acf_changed":false},"product_brand":[],"product_cat":[4859],"product_tag":[4863],"class_list":{"0":"post-156467","1":"product","2":"type-product","3":"status-publish","4":"has-post-thumbnail","6":"product_cat-primacy-2","7":"product_tag-pf","8":"pa_brands-evolis","9":"tm-no-options","11":"first","12":"instock","13":"sale","14":"taxable","15":"shipping-taxable","16":"purchasable","17":"product-type-simple"},"acf":[],"_links":{"self":[{"href":"https:\/\/secureus.se\/dk\/wp-json\/wp\/v2\/product\/156467","targetHints":{"allow":["GET"]}}],"collection":[{"href":"https:\/\/secureus.se\/dk\/wp-json\/wp\/v2\/product"}],"about":[{"href":"https:\/\/secureus.se\/dk\/wp-json\/wp\/v2\/types\/product"}],"wp:featuredmedia":[{"embeddable":true,"href":"https:\/\/secureus.se\/dk\/wp-json\/wp\/v2\/media\/156465"}],"wp:attachment":[{"href":"https:\/\/secureus.se\/dk\/wp-json\/wp\/v2\/media?parent=156467"}],"wp:term":[{"taxonomy":"product_brand","embeddable":true,"href":"https:\/\/secureus.se\/dk\/wp-json\/wp\/v2\/product_brand?post=156467"},{"taxonomy":"product_cat","embeddable":true,"href":"https:\/\/secureus.se\/dk\/wp-json\/wp\/v2\/product_cat?post=156467"},{"taxonomy":"product_tag","embeddable":true,"href":"https:\/\/secureus.se\/dk\/wp-json\/wp\/v2\/product_tag?post=156467"}],"curies":[{"name":"wp","href":"https:\/\/api.w.org\/{rel}","templated":true}]}}