{"id":156481,"date":"2025-09-11T15:41:30","date_gmt":"2025-09-11T13:41:30","guid":{"rendered":"https:\/\/secureus.se\/evolis-r5h204e100-ymcko-half-panel-colour-ribbon-400-prints\/"},"modified":"2026-04-08T16:56:22","modified_gmt":"2026-04-08T14:56:22","slug":"evolis-r5h204e100-ymcko-half-panel-colour-ribbon-400-prints","status":"publish","type":"product","link":"https:\/\/secureus.se\/dk\/evolis-r5h204e100-ymcko-half-panel-colour-ribbon-400-prints\/","title":{"rendered":"Evolis YMCKO b\u00e5nd \u2013 R5H204E100, halvt panel (400 print)"},"content":{"rendered":"<h1>B\u00e5nd<br \/>\n  Evolis YMCKO \u2013 R5H204E100, halvt panel (400 print)<\/h1>\n<p>Evolis YMCKO b\u00e5nd \u2013 R5H204E100, halvt panel (400 print) er<br \/>\n  et b\u00e5nd til udskrivning af plastikkort med skarpe farver, klar tekst og god<br \/>\n  YMCKO-b\u00e5ndtypen giver den korrekte kombination af farvepaneler og<br \/>\n  Beskyttende overlay til professionel korttryk.<\/p>\n<p>Velegnet til ID-kort, adgangskort, medlemskort og andet<br \/>\n  plastikkort, hvor h\u00f8j udskriftskvalitet og p\u00e5lidelighed er afg\u00f8rende<br \/>\n  vigtig.<\/p>\n<ul>\n<li>Kapacitet: op til 400 udskrifter<\/li>\n<li>B\u00e5ndtype: YMCKO<\/li>\n<li>Artikelnummer: R5H204E100<\/li>\n<\/ul>\n<p><strong>Kompatibel med Evolis Primacy 2 og Zenius 2 kort<br \/>\n  kun printere.<\/strong><\/p>\n<p><strong>Produktv\u00e6gt:<\/strong> 0,20 kg<\/p>","protected":false},"excerpt":{"rendered":"<p>F\u00e4rgband Evolis YMCKO &#8211; R5H204E100, halvpanel (400 utskrifter) F\u00e4rgband Evolis YMCKO &#8211; R5H204E100, halvpanel (400 utskrifter) \u00e4r ett f\u00e4rgband f\u00f6r utskrift av plastkort med skarpa f\u00e4rger, tydlig text och bra<\/p>","protected":false},"featured_media":156480,"template":"","meta":{"_acf_changed":false},"product_brand":[],"product_cat":[4859],"product_tag":[4863],"class_list":{"0":"post-156481","1":"product","2":"type-product","3":"status-publish","4":"has-post-thumbnail","6":"product_cat-primacy-2","7":"product_tag-pf","8":"pa_brands-evolis","9":"tm-no-options","11":"first","12":"instock","13":"sale","14":"taxable","15":"shipping-taxable","16":"purchasable","17":"product-type-simple"},"acf":[],"_links":{"self":[{"href":"https:\/\/secureus.se\/dk\/wp-json\/wp\/v2\/product\/156481","targetHints":{"allow":["GET"]}}],"collection":[{"href":"https:\/\/secureus.se\/dk\/wp-json\/wp\/v2\/product"}],"about":[{"href":"https:\/\/secureus.se\/dk\/wp-json\/wp\/v2\/types\/product"}],"wp:featuredmedia":[{"embeddable":true,"href":"https:\/\/secureus.se\/dk\/wp-json\/wp\/v2\/media\/156480"}],"wp:attachment":[{"href":"https:\/\/secureus.se\/dk\/wp-json\/wp\/v2\/media?parent=156481"}],"wp:term":[{"taxonomy":"product_brand","embeddable":true,"href":"https:\/\/secureus.se\/dk\/wp-json\/wp\/v2\/product_brand?post=156481"},{"taxonomy":"product_cat","embeddable":true,"href":"https:\/\/secureus.se\/dk\/wp-json\/wp\/v2\/product_cat?post=156481"},{"taxonomy":"product_tag","embeddable":true,"href":"https:\/\/secureus.se\/dk\/wp-json\/wp\/v2\/product_tag?post=156481"}],"curies":[{"name":"wp","href":"https:\/\/api.w.org\/{rel}","templated":true}]}}