{"id":156551,"date":"2025-09-11T16:11:46","date_gmt":"2025-09-11T14:11:46","guid":{"rendered":"https:\/\/secureus.se\/?post_type=product&#038;p=156551"},"modified":"2025-10-21T12:23:35","modified_gmt":"2025-10-21T10:23:35","slug":"magicard-prima-463-0-6mil-clear-patch-laminate-with-chip-patch-600-prints-2","status":"publish","type":"product","link":"https:\/\/secureus.se\/dk\/magicard-prima-463-0-6mil-clear-patch-laminate-with-chip-patch-600-prints-2\/","title":{"rendered":"Magicard Prima 463 0,6 mil klar patchlaminat med chip patch (600 print)"},"content":{"rendered":"<p>Magicard Prima 463 klar patch-laminat tilf\u00f8jer et lag beskyttelse til dine kundekort for at \u00f8ge holdbarheden mod ridser, falmning og hverdagens slid. Med en tykkelse p\u00e5 0,6 mm har Prima 463-laminatet en smart chip-udsk\u00e6ring, der sikrer, at RFID-chippen p\u00e5 dine kunders smartkort fortsat fungerer korrekt.<\/p>\n<ul>\n<li>600 print pr rulle<\/li>\n<li>0,6 mil klar patchlaminat med chip patch<\/li>\n<li>Producentens varenummer \u2013 PRIMA463<\/li>\n<\/ul>\n<p><strong>Kompatibel med Magicard Prima 4-kortprinteren.<\/strong><\/p>\n<p><strong><br \/>\nProduktv\u00e6gt:<br \/>\n0,29 kg<br \/>\n<\/strong><\/p>","protected":false},"excerpt":{"rendered":"<p>The Magicard Prima 463 clear patch laminate adds a layer of protection to your customer cards to increase\u00a0durability again scratching, fading and everyday abrasions. In 0.6 mil thickness, the Prima<\/p>","protected":false},"featured_media":156548,"template":"","meta":{"_acf_changed":false},"product_brand":[],"product_cat":[4838,3216],"product_tag":[4863],"class_list":{"0":"post-156551","1":"product","2":"type-product","3":"status-publish","4":"has-post-thumbnail","6":"product_cat-magicard-prima-band","7":"product_cat-magicard-fargband-retransfer","8":"product_tag-pf","9":"pa_brands-magicard","10":"tm-has-options","12":"first","13":"instock","14":"sale","15":"taxable","16":"shipping-taxable","17":"purchasable","18":"product-type-simple"},"acf":[],"_links":{"self":[{"href":"https:\/\/secureus.se\/dk\/wp-json\/wp\/v2\/product\/156551","targetHints":{"allow":["GET"]}}],"collection":[{"href":"https:\/\/secureus.se\/dk\/wp-json\/wp\/v2\/product"}],"about":[{"href":"https:\/\/secureus.se\/dk\/wp-json\/wp\/v2\/types\/product"}],"wp:featuredmedia":[{"embeddable":true,"href":"https:\/\/secureus.se\/dk\/wp-json\/wp\/v2\/media\/156548"}],"wp:attachment":[{"href":"https:\/\/secureus.se\/dk\/wp-json\/wp\/v2\/media?parent=156551"}],"wp:term":[{"taxonomy":"product_brand","embeddable":true,"href":"https:\/\/secureus.se\/dk\/wp-json\/wp\/v2\/product_brand?post=156551"},{"taxonomy":"product_cat","embeddable":true,"href":"https:\/\/secureus.se\/dk\/wp-json\/wp\/v2\/product_cat?post=156551"},{"taxonomy":"product_tag","embeddable":true,"href":"https:\/\/secureus.se\/dk\/wp-json\/wp\/v2\/product_tag?post=156551"}],"curies":[{"name":"wp","href":"https:\/\/api.w.org\/{rel}","templated":true}]}}