{"id":156582,"date":"2025-09-11T16:15:44","date_gmt":"2025-09-11T14:15:44","guid":{"rendered":"https:\/\/secureus.se\/magicard-prima-465-clear-patch-laminate-600-prints\/"},"modified":"2026-04-08T17:00:49","modified_gmt":"2026-04-08T15:00:49","slug":"magicard-prima-465-clear-patch-laminate-600-prints","status":"publish","type":"product","link":"https:\/\/secureus.se\/dk\/magicard-prima-465-clear-patch-laminate-600-prints\/","title":{"rendered":"Lamineringsfilm Magicard Prima \u2013 465, klar plaster (600 print)"},"content":{"rendered":"<h1>Lamineringsfilm<br \/>\n  Magicard Prima &#8211; 465, klar patch (600 utskrifter)<\/h1>\n<p>Lamineringsfilm Magicard Prima \u2013 465, klar plaster (600 print)<br \/>\n  \u00e4r en lamineringsfilm som ger ett extra skyddslager till plastkort och hj\u00e4lper<br \/>\n  for at reducere ridser, falmning og normal slitage.<\/p>\n<p>Et godt valg, n\u00e5r du vil forl\u00e6nge levetiden p\u00e5 dine kort, forbedre<br \/>\n  holdbarhed og f\u00e5 et mere professionelt slutresultat.<\/p>\n<ul>\n<li>Kapacitet: op til 600 print pr. rulle<\/li>\n<li>Gennemsigtigt laminat<\/li>\n<li>Artikelnummer: PRIMA465<\/li>\n<\/ul>\n<p><strong>Kompatibel med Magicard Prima<br \/>\n  4.<\/strong><\/p>\n<p><strong>Produktv\u00e6gt:<\/strong> 0,29 kg<\/p>","protected":false},"excerpt":{"rendered":"<p>Lamineringsfilm Magicard Prima &#8211; 465, klar patch (600 utskrifter) Lamineringsfilm Magicard Prima &#8211; 465, klar patch (600 utskrifter) \u00e4r en lamineringsfilm som ger ett extra skyddslager till plastkort och hj\u00e4lper<\/p>","protected":false},"featured_media":156581,"template":"","meta":{"_acf_changed":false},"product_brand":[],"product_cat":[4838,3216],"product_tag":[4863],"class_list":{"0":"post-156582","1":"product","2":"type-product","3":"status-publish","4":"has-post-thumbnail","6":"product_cat-magicard-prima-band","7":"product_cat-magicard-fargband-retransfer","8":"product_tag-pf","9":"pa_brands-magicard","10":"tm-has-options","12":"first","13":"outofstock","14":"sale","15":"taxable","16":"shipping-taxable","17":"purchasable","18":"product-type-simple"},"acf":[],"_links":{"self":[{"href":"https:\/\/secureus.se\/dk\/wp-json\/wp\/v2\/product\/156582","targetHints":{"allow":["GET"]}}],"collection":[{"href":"https:\/\/secureus.se\/dk\/wp-json\/wp\/v2\/product"}],"about":[{"href":"https:\/\/secureus.se\/dk\/wp-json\/wp\/v2\/types\/product"}],"wp:featuredmedia":[{"embeddable":true,"href":"https:\/\/secureus.se\/dk\/wp-json\/wp\/v2\/media\/156581"}],"wp:attachment":[{"href":"https:\/\/secureus.se\/dk\/wp-json\/wp\/v2\/media?parent=156582"}],"wp:term":[{"taxonomy":"product_brand","embeddable":true,"href":"https:\/\/secureus.se\/dk\/wp-json\/wp\/v2\/product_brand?post=156582"},{"taxonomy":"product_cat","embeddable":true,"href":"https:\/\/secureus.se\/dk\/wp-json\/wp\/v2\/product_cat?post=156582"},{"taxonomy":"product_tag","embeddable":true,"href":"https:\/\/secureus.se\/dk\/wp-json\/wp\/v2\/product_tag?post=156582"}],"curies":[{"name":"wp","href":"https:\/\/api.w.org\/{rel}","templated":true}]}}