{"id":156616,"date":"2025-09-11T16:35:40","date_gmt":"2025-09-11T14:35:40","guid":{"rendered":"https:\/\/secureus.se\/fargo-dtc-550-standard-black-ribbon-086204-3000-images\/"},"modified":"2026-04-08T17:02:42","modified_gmt":"2026-04-08T15:02:42","slug":"fargo-dtc-550-standard-black-ribbon-086204-3000-images","status":"publish","type":"product","link":"https:\/\/secureus.se\/dk\/fargo-dtc-550-standard-black-ribbon-086204-3000-images\/","title":{"rendered":"Fargo DTC 550 \u2013 550 farveb\u00e5nd (3000 billeder)"},"content":{"rendered":"<h1>B\u00e5nd<br \/>\n  Fargo DTC 550 \u2013 550 (3000 billeder)<\/h1>\n<p>Fargo DTC 550 b\u00e5nd \u2013 550 (3000 billeder) er et sort monokromt farveb\u00e5nd<br \/>\n  b\u00e5nd egnet til klar tekst, enkel linjegrafik og l\u00e6sbarhed<br \/>\n  Stregkoder p\u00e5 plastikkort.<\/p>\n<p>Velegnet til ID-kort, adgangskort, medlemskort og andet<br \/>\n  plastikkort, hvor h\u00f8j udskriftskvalitet og p\u00e5lidelighed er afg\u00f8rende<br \/>\n  vigtig.<\/p>\n<ul>\n<li>Kapacitet: op til 3.000 udskrifter<\/li>\n<li>Remtype: Sort monokrom<\/li>\n<li>Artikelnummer: 86204<\/li>\n<\/ul>\n<p><strong>Kompatibel med Fargo<br \/>\n  DTC550.<\/strong><\/p>\n<p><strong>Produktv\u00e6gt:<\/strong> 0,01 kg<\/p>","protected":false},"excerpt":{"rendered":"<p>F\u00e4rgband Fargo DTC 550 &#8211; 550 (3000 bilder) F\u00e4rgband Fargo DTC 550 &#8211; 550 (3000 bilder) \u00e4r ett svart monokromt f\u00e4rgband som passar f\u00f6r tydlig text, enkla linjegrafiker och l\u00e4sbara<\/p>","protected":false},"featured_media":156615,"template":"","meta":{"_acf_changed":false},"product_brand":[],"product_cat":[4853],"product_tag":[4863],"class_list":{"0":"post-156616","1":"product","2":"type-product","3":"status-publish","4":"has-post-thumbnail","6":"product_cat-hdp8500-band","7":"product_tag-pf","8":"pa_brands-fargo","9":"tm-no-options","11":"first","12":"outofstock","13":"sale","14":"taxable","15":"shipping-taxable","16":"purchasable","17":"product-type-simple"},"acf":[],"_links":{"self":[{"href":"https:\/\/secureus.se\/dk\/wp-json\/wp\/v2\/product\/156616","targetHints":{"allow":["GET"]}}],"collection":[{"href":"https:\/\/secureus.se\/dk\/wp-json\/wp\/v2\/product"}],"about":[{"href":"https:\/\/secureus.se\/dk\/wp-json\/wp\/v2\/types\/product"}],"wp:featuredmedia":[{"embeddable":true,"href":"https:\/\/secureus.se\/dk\/wp-json\/wp\/v2\/media\/156615"}],"wp:attachment":[{"href":"https:\/\/secureus.se\/dk\/wp-json\/wp\/v2\/media?parent=156616"}],"wp:term":[{"taxonomy":"product_brand","embeddable":true,"href":"https:\/\/secureus.se\/dk\/wp-json\/wp\/v2\/product_brand?post=156616"},{"taxonomy":"product_cat","embeddable":true,"href":"https:\/\/secureus.se\/dk\/wp-json\/wp\/v2\/product_cat?post=156616"},{"taxonomy":"product_tag","embeddable":true,"href":"https:\/\/secureus.se\/dk\/wp-json\/wp\/v2\/product_tag?post=156616"}],"curies":[{"name":"wp","href":"https:\/\/api.w.org\/{rel}","templated":true}]}}