{"id":156622,"date":"2025-09-11T16:35:45","date_gmt":"2025-09-11T14:35:45","guid":{"rendered":"https:\/\/secureus.se\/fargo-45109-ymcfko-uv-ribbon-200-prints\/"},"modified":"2026-04-08T17:01:57","modified_gmt":"2026-04-08T15:01:57","slug":"fargo-45109-ymcfko-uv-ribbon-200-prints","status":"publish","type":"product","link":"https:\/\/secureus.se\/dk\/fargo-45109-ymcfko-uv-ribbon-200-prints\/","title":{"rendered":"Fargo YMCFKO b\u00e5nd \u2013 45109 (200 tryk)"},"content":{"rendered":"<h1>B\u00e5nd<br \/>\n  Fargo YMCFKO \u2013 45109 (200 tryk)<\/h1>\n<p>Fargo YMCFKO \u2013 45109 (200 tryk) b\u00e5nd er et b\u00e5nd til<br \/>\n  trykning af plastikkort med skarpe farver, klar tekst og god<br \/>\n  detaljeret gengivelse. YMCFKO-b\u00e5ndtypen giver den korrekte kombination af farvepaneler og<br \/>\n  Beskyttende overlay til professionel korttryk.<\/p>\n<p>Velegnet til ID-kort, adgangskort, medlemskort og andet<br \/>\n  plastikkort, hvor h\u00f8j udskriftskvalitet og p\u00e5lidelighed er afg\u00f8rende<br \/>\n  vigtig.<\/p>\n<ul>\n<li>Kapacitet: op til 200 udskrifter<\/li>\n<li>B\u00e5ndtype: YMCFKO<\/li>\n<li>UV-bestandig beskyttelse<\/li>\n<li>Artikelnummer: 45109<\/li>\n<\/ul>\n<p><strong>Kompatibel med Fargo DTC4000 og<br \/>\n  DTC4250e.<\/strong><\/p>\n<p><strong>Produktv\u00e6gt:<\/strong> 0,15 kg<\/p>","protected":false},"excerpt":{"rendered":"<p>F\u00e4rgband Fargo YMCFKO &#8211; 45109 (200 utskrifter) F\u00e4rgband Fargo YMCFKO &#8211; 45109 (200 utskrifter) \u00e4r ett f\u00e4rgband f\u00f6r utskrift av plastkort med skarpa f\u00e4rger, tydlig text och bra detalj\u00e5tergivning. Bandtypen<\/p>","protected":false},"featured_media":0,"template":"","meta":{"_acf_changed":false},"product_brand":[],"product_cat":[4844,4845],"product_tag":[4863],"class_list":{"0":"post-156622","1":"product","2":"type-product","3":"status-publish","5":"product_cat-dtc4000-band","6":"product_cat-dtc4250-band","7":"product_tag-pf","8":"pa_brands-fargo","9":"tm-no-options","11":"first","12":"outofstock","13":"sale","14":"taxable","15":"shipping-taxable","16":"purchasable","17":"product-type-simple"},"acf":[],"_links":{"self":[{"href":"https:\/\/secureus.se\/dk\/wp-json\/wp\/v2\/product\/156622","targetHints":{"allow":["GET"]}}],"collection":[{"href":"https:\/\/secureus.se\/dk\/wp-json\/wp\/v2\/product"}],"about":[{"href":"https:\/\/secureus.se\/dk\/wp-json\/wp\/v2\/types\/product"}],"wp:attachment":[{"href":"https:\/\/secureus.se\/dk\/wp-json\/wp\/v2\/media?parent=156622"}],"wp:term":[{"taxonomy":"product_brand","embeddable":true,"href":"https:\/\/secureus.se\/dk\/wp-json\/wp\/v2\/product_brand?post=156622"},{"taxonomy":"product_cat","embeddable":true,"href":"https:\/\/secureus.se\/dk\/wp-json\/wp\/v2\/product_cat?post=156622"},{"taxonomy":"product_tag","embeddable":true,"href":"https:\/\/secureus.se\/dk\/wp-json\/wp\/v2\/product_tag?post=156622"}],"curies":[{"name":"wp","href":"https:\/\/api.w.org\/{rel}","templated":true}]}}