{"id":156630,"date":"2025-09-11T16:35:46","date_gmt":"2025-09-11T14:35:46","guid":{"rendered":"https:\/\/secureus.se\/fargo-84511-ymck-colour-ribbon-500-prints\/"},"modified":"2026-04-08T17:01:28","modified_gmt":"2026-04-08T15:01:28","slug":"fargo-84511-ymck-colour-ribbon-500-prints","status":"publish","type":"product","link":"https:\/\/secureus.se\/dk\/fargo-84511-ymck-colour-ribbon-500-prints\/","title":{"rendered":"Fargo YMCK-b\u00e5nd \u2013 84511 (500 tryk)"},"content":{"rendered":"<h1>B\u00e5nd<br \/>\n  Fargo YMCK \u2013 84511 (500 udskrifter)<\/h1>\n<p>Fargo YMCK-b\u00e5nd \u2013 84511 (500 print) er et b\u00e5nd til<br \/>\n  trykning af plastikkort med skarpe farver, klar tekst og god<br \/>\n  detaljeret gengivelse. YMCK-b\u00e5ndtypen giver den korrekte kombination af farvepaneler til<br \/>\n  professionel korttrykning.<\/p>\n<p>Velegnet til ID-kort, adgangskort, medlemskort og andet<br \/>\n  plastikkort, hvor h\u00f8j udskriftskvalitet og p\u00e5lidelighed er afg\u00f8rende<br \/>\n  vigtig.<\/p>\n<ul>\n<li>Kapacitet: op til 500 udskrifter<\/li>\n<li>B\u00e5ndtype: YMCK<\/li>\n<li>Artikelnummer: 84511<\/li>\n<\/ul>\n<p><strong>Kompatibel med Fargo HDP5600 og<br \/>\n  HDP5000e.<\/strong><\/p>\n<p><strong>Produktv\u00e6gt:<\/strong> 0,20 kg<\/p>","protected":false},"excerpt":{"rendered":"<p>F\u00e4rgband Fargo YMCK &#8211; 84511 (500 utskrifter) F\u00e4rgband Fargo YMCK &#8211; 84511 (500 utskrifter) \u00e4r ett f\u00e4rgband f\u00f6r utskrift av plastkort med skarpa f\u00e4rger, tydlig text och bra detalj\u00e5tergivning. Bandtypen<\/p>","protected":false},"featured_media":156627,"template":"","meta":{"_acf_changed":false},"product_brand":[],"product_cat":[4846,4850,4851],"product_tag":[4863],"class_list":{"0":"post-156630","1":"product","2":"type-product","3":"status-publish","4":"has-post-thumbnail","6":"product_cat-dtc4500-band","7":"product_cat-hdp5000-band","8":"product_cat-hdp5000e-band","9":"product_tag-pf","10":"pa_brands-fargo","11":"tm-no-options","13":"first","14":"instock","15":"sale","16":"taxable","17":"shipping-taxable","18":"purchasable","19":"product-type-simple"},"acf":[],"_links":{"self":[{"href":"https:\/\/secureus.se\/dk\/wp-json\/wp\/v2\/product\/156630","targetHints":{"allow":["GET"]}}],"collection":[{"href":"https:\/\/secureus.se\/dk\/wp-json\/wp\/v2\/product"}],"about":[{"href":"https:\/\/secureus.se\/dk\/wp-json\/wp\/v2\/types\/product"}],"wp:featuredmedia":[{"embeddable":true,"href":"https:\/\/secureus.se\/dk\/wp-json\/wp\/v2\/media\/156627"}],"wp:attachment":[{"href":"https:\/\/secureus.se\/dk\/wp-json\/wp\/v2\/media?parent=156630"}],"wp:term":[{"taxonomy":"product_brand","embeddable":true,"href":"https:\/\/secureus.se\/dk\/wp-json\/wp\/v2\/product_brand?post=156630"},{"taxonomy":"product_cat","embeddable":true,"href":"https:\/\/secureus.se\/dk\/wp-json\/wp\/v2\/product_cat?post=156630"},{"taxonomy":"product_tag","embeddable":true,"href":"https:\/\/secureus.se\/dk\/wp-json\/wp\/v2\/product_tag?post=156630"}],"curies":[{"name":"wp","href":"https:\/\/api.w.org\/{rel}","templated":true}]}}