{"id":156632,"date":"2025-09-11T16:35:42","date_gmt":"2025-09-11T14:35:42","guid":{"rendered":"https:\/\/secureus.se\/fargo-45710-ymckok-ribbon-500-prints\/"},"modified":"2026-05-06T09:43:37","modified_gmt":"2026-05-06T07:43:37","slug":"fargo-45710-ymckok-ribbon-500-prints","status":"publish","type":"product","link":"https:\/\/secureus.se\/dk\/fargo-45710-ymckok-ribbon-500-prints\/","title":{"rendered":"Fargo 45710 YMCKOK-b\u00e5nd (500 tryk)"},"content":{"rendered":"<h1>B\u00e5nd<br \/>\n  Fargo YMCKOK \u2013 45710 (500 udskrifter)<\/h1>\n<p>Fargo YMCKOK-b\u00e5nd \u2013 45710 (500 print) er et b\u00e5nd til<br \/>\n  trykning af plastikkort med skarpe farver, klar tekst og god<br \/>\n  detaljeret gengivelse. YMCKOK-b\u00e5ndtypen giver den korrekte kombination af farvepaneler og<br \/>\n  Beskyttende overlay til professionel korttryk.<\/p>\n<p>Velegnet til ID-kort, adgangskort, medlemskort og andet<br \/>\n  plastikkort, hvor h\u00f8j udskriftskvalitet og p\u00e5lidelighed er afg\u00f8rende<br \/>\n  vigtig.<\/p>\n<ul>\n<li>Kapacitet: op til 500 udskrifter<\/li>\n<li>B\u00e5ndtype: YMCKOK<\/li>\n<li>Velegnet til dobbeltsidet korttryk<\/li>\n<li>Artikelnummer: 45710<\/li>\n<\/ul>\n<p><strong>Kompatibel med Fargo DTC5500LMX og<br \/>\n  DTC4500.<\/strong><\/p>\n<p><strong>Produktv\u00e6gt:<\/strong> 0,20 kg<\/p>","protected":false},"excerpt":{"rendered":"<p>F\u00e4rgband Fargo YMCKOK &#8211; 45710 (500 utskrifter) F\u00e4rgband Fargo YMCKOK &#8211; 45710 (500 utskrifter) \u00e4r ett f\u00e4rgband f\u00f6r utskrift av plastkort med skarpa f\u00e4rger, tydlig text och bra detalj\u00e5tergivning. Bandtypen<\/p>","protected":false},"featured_media":156631,"template":"","meta":{"_acf_changed":false},"product_brand":[],"product_cat":[4846],"product_tag":[4863],"class_list":{"0":"post-156632","1":"product","2":"type-product","3":"status-publish","4":"has-post-thumbnail","6":"product_cat-dtc4500-band","7":"product_tag-pf","8":"pa_brands-fargo","9":"tm-no-options","11":"first","12":"outofstock","13":"sale","14":"taxable","15":"shipping-taxable","16":"purchasable","17":"product-type-simple"},"acf":[],"_links":{"self":[{"href":"https:\/\/secureus.se\/dk\/wp-json\/wp\/v2\/product\/156632","targetHints":{"allow":["GET"]}}],"collection":[{"href":"https:\/\/secureus.se\/dk\/wp-json\/wp\/v2\/product"}],"about":[{"href":"https:\/\/secureus.se\/dk\/wp-json\/wp\/v2\/types\/product"}],"wp:featuredmedia":[{"embeddable":true,"href":"https:\/\/secureus.se\/dk\/wp-json\/wp\/v2\/media\/156631"}],"wp:attachment":[{"href":"https:\/\/secureus.se\/dk\/wp-json\/wp\/v2\/media?parent=156632"}],"wp:term":[{"taxonomy":"product_brand","embeddable":true,"href":"https:\/\/secureus.se\/dk\/wp-json\/wp\/v2\/product_brand?post=156632"},{"taxonomy":"product_cat","embeddable":true,"href":"https:\/\/secureus.se\/dk\/wp-json\/wp\/v2\/product_cat?post=156632"},{"taxonomy":"product_tag","embeddable":true,"href":"https:\/\/secureus.se\/dk\/wp-json\/wp\/v2\/product_tag?post=156632"}],"curies":[{"name":"wp","href":"https:\/\/api.w.org\/{rel}","templated":true}]}}