{"id":156638,"date":"2025-09-11T16:35:42","date_gmt":"2025-09-11T14:35:42","guid":{"rendered":"https:\/\/secureus.se\/fargo-84922-ymckk-colour-ribbon-600-prints\/"},"modified":"2026-04-08T17:03:19","modified_gmt":"2026-04-08T15:03:19","slug":"fargo-84922-ymckk-colour-ribbon-600-prints","status":"publish","type":"product","link":"https:\/\/secureus.se\/dk\/fargo-84922-ymckk-colour-ribbon-600-prints\/","title":{"rendered":"Fargo YMCKK-b\u00e5nd \u2013 84922 (600 tryk)"},"content":{"rendered":"<h1>B\u00e5nd<br \/>\n  Fargo YMCKK &#8211; 84922 (600 utskrifter)<\/h1>\n<p>F\u00e4rgband Fargo YMCKK &#8211; 84922 (600 utskrifter) \u00e4r ett f\u00e4rgband f\u00f6r<br \/>\n  trykning af plastikkort med skarpe farver, klar tekst og god<br \/>\n  detalj\u00e5tergivning. Bandtypen YMCKK ger r\u00e4tt kombination av f\u00e4rgpaneler f\u00f6r<br \/>\n  professionel korttrykning.<\/p>\n<p>Velegnet til ID-kort, adgangskort, medlemskort og andet<br \/>\n  plastikkort, hvor h\u00f8j udskriftskvalitet og p\u00e5lidelighed er afg\u00f8rende<br \/>\n  vigtig.<\/p>\n<ul>\n<li>Kapacitet: upp till 600 utskrifter<\/li>\n<li>B\u00e5ndtype: YMCKK<\/li>\n<li>Velegnet til dobbeltsidet korttryk<\/li>\n<li>Artikelnummer: \u2013<\/li>\n<\/ul>\n<p><strong>Kompatibel med Fargo<br \/>\n  HDP6600.<\/strong><\/p>\n<p><strong>Produktv\u00e6gt:<\/strong> 0,20 kg<\/p>","protected":false},"excerpt":{"rendered":"<p>F\u00e4rgband Fargo YMCKK &#8211; 84922 (600 utskrifter) F\u00e4rgband Fargo YMCKK &#8211; 84922 (600 utskrifter) \u00e4r ett f\u00e4rgband f\u00f6r utskrift av plastkort med skarpa f\u00e4rger, tydlig text och bra detalj\u00e5tergivning. Bandtypen<\/p>","protected":false},"featured_media":156637,"template":"","meta":{"_acf_changed":false},"product_brand":[],"product_cat":[4852],"product_tag":[4863],"class_list":{"0":"post-156638","1":"product","2":"type-product","3":"status-publish","4":"has-post-thumbnail","6":"product_cat-hdp6600-band","7":"product_tag-pf","8":"pa_brands-fargo","9":"tm-no-options","11":"first","12":"instock","13":"sale","14":"taxable","15":"shipping-taxable","16":"purchasable","17":"product-type-simple"},"acf":[],"_links":{"self":[{"href":"https:\/\/secureus.se\/dk\/wp-json\/wp\/v2\/product\/156638","targetHints":{"allow":["GET"]}}],"collection":[{"href":"https:\/\/secureus.se\/dk\/wp-json\/wp\/v2\/product"}],"about":[{"href":"https:\/\/secureus.se\/dk\/wp-json\/wp\/v2\/types\/product"}],"wp:featuredmedia":[{"embeddable":true,"href":"https:\/\/secureus.se\/dk\/wp-json\/wp\/v2\/media\/156637"}],"wp:attachment":[{"href":"https:\/\/secureus.se\/dk\/wp-json\/wp\/v2\/media?parent=156638"}],"wp:term":[{"taxonomy":"product_brand","embeddable":true,"href":"https:\/\/secureus.se\/dk\/wp-json\/wp\/v2\/product_brand?post=156638"},{"taxonomy":"product_cat","embeddable":true,"href":"https:\/\/secureus.se\/dk\/wp-json\/wp\/v2\/product_cat?post=156638"},{"taxonomy":"product_tag","embeddable":true,"href":"https:\/\/secureus.se\/dk\/wp-json\/wp\/v2\/product_tag?post=156638"}],"curies":[{"name":"wp","href":"https:\/\/api.w.org\/{rel}","templated":true}]}}