{"id":156660,"date":"2025-09-11T16:35:44","date_gmt":"2025-09-11T14:35:44","guid":{"rendered":"https:\/\/secureus.se\/fargo-84814-ymcfk-full-colour-ribbon-with-uv-panel-500-prints\/"},"modified":"2026-04-08T17:02:35","modified_gmt":"2026-04-08T15:02:35","slug":"fargo-84814-ymcfk-full-colour-ribbon-with-uv-panel-500-prints","status":"publish","type":"product","link":"https:\/\/secureus.se\/dk\/fargo-84814-ymcfk-full-colour-ribbon-with-uv-panel-500-prints\/","title":{"rendered":"F\u00e4rgband Fargo YMCFK &#8211;\n  84814, fullf\u00e4rg, med UV-panel (500 utskrifter)"},"content":{"rendered":"<h1>B\u00e5nd<br \/>\n  Fargo YMCFK &#8211; 84814, fullf\u00e4rg, med UV-panel (500 utskrifter)<\/h1>\n<p>F\u00e4rgband Fargo YMCFK &#8211; 84814, fullf\u00e4rg, med UV-panel (500<br \/>\n  utskrifter) \u00e4r ett f\u00e4rgband f\u00f6r utskrift av plastkort med skarpa f\u00e4rger, tydlig<br \/>\n  text och bra detalj\u00e5tergivning. Bandtypen YMCFK ger r\u00e4tt kombination av<br \/>\n  f\u00e4rgpaneler f\u00f6r professionella kortutskrifter.<\/p>\n<p>Velegnet til ID-kort, adgangskort, medlemskort og andet<br \/>\n  plastikkort, hvor h\u00f8j udskriftskvalitet og p\u00e5lidelighed er afg\u00f8rende<br \/>\n  vigtig.<\/p>\n<ul>\n<li>Kapacitet: op til 500 udskrifter<\/li>\n<li>Bandtyp: YMCFK<\/li>\n<li>UV-bestandig beskyttelse<\/li>\n<li>Artikelnummer: 84814<\/li>\n<\/ul>\n<p><strong>Kompatibel med Fargo<br \/>\n  HDP8500.<\/strong><\/p>\n<p><strong>Produktv\u00e6gt:<\/strong> 0,25 kg<\/p>","protected":false},"excerpt":{"rendered":"<p>F\u00e4rgband Fargo YMCFK &#8211; 84814, fullf\u00e4rg, med UV-panel (500 utskrifter) F\u00e4rgband Fargo YMCFK &#8211; 84814, fullf\u00e4rg, med UV-panel (500 utskrifter) \u00e4r ett f\u00e4rgband f\u00f6r utskrift av plastkort med skarpa f\u00e4rger,<\/p>","protected":false},"featured_media":156659,"template":"","meta":{"_acf_changed":false},"product_brand":[],"product_cat":[4853],"product_tag":[4863],"class_list":{"0":"post-156660","1":"product","2":"type-product","3":"status-publish","4":"has-post-thumbnail","6":"product_cat-hdp8500-band","7":"product_tag-pf","8":"pa_brands-fargo","9":"tm-no-options","11":"first","12":"outofstock","13":"sale","14":"taxable","15":"shipping-taxable","16":"purchasable","17":"product-type-simple"},"acf":[],"_links":{"self":[{"href":"https:\/\/secureus.se\/dk\/wp-json\/wp\/v2\/product\/156660","targetHints":{"allow":["GET"]}}],"collection":[{"href":"https:\/\/secureus.se\/dk\/wp-json\/wp\/v2\/product"}],"about":[{"href":"https:\/\/secureus.se\/dk\/wp-json\/wp\/v2\/types\/product"}],"wp:featuredmedia":[{"embeddable":true,"href":"https:\/\/secureus.se\/dk\/wp-json\/wp\/v2\/media\/156659"}],"wp:attachment":[{"href":"https:\/\/secureus.se\/dk\/wp-json\/wp\/v2\/media?parent=156660"}],"wp:term":[{"taxonomy":"product_brand","embeddable":true,"href":"https:\/\/secureus.se\/dk\/wp-json\/wp\/v2\/product_brand?post=156660"},{"taxonomy":"product_cat","embeddable":true,"href":"https:\/\/secureus.se\/dk\/wp-json\/wp\/v2\/product_cat?post=156660"},{"taxonomy":"product_tag","embeddable":true,"href":"https:\/\/secureus.se\/dk\/wp-json\/wp\/v2\/product_tag?post=156660"}],"curies":[{"name":"wp","href":"https:\/\/api.w.org\/{rel}","templated":true}]}}