{"id":158134,"date":"2025-06-10T11:33:18","date_gmt":"2025-06-10T09:33:18","guid":{"rendered":"https:\/\/secureus.se\/ajax-internal-battery-nb-7-2v-95ah-batteripack-for-hub-bp\/"},"modified":"2026-03-09T17:36:04","modified_gmt":"2026-03-09T16:36:04","slug":"ajax-internal-battery-nb-7-2v-95ah-batteripack-for-hub-bp","status":"publish","type":"product","link":"https:\/\/secureus.se\/dk\/ajax-internal-battery-nb-7-2v-95ah-batteripack-for-hub-bp\/","title":{"rendered":"Ajax Internt batteri NB (7,2V\/95Ah) \u2013 Batteripakke til Hub BP"},"content":{"rendered":"<p data-start=\"409\" data-end=\"785\"><strong data-start=\"409\" data-end=\"449\">Ajax Internt Batteri NB (7,2V\/95Ah)<\/strong> er en batteripakke med h\u00f8j kapacitet, der er specielt designet til brug med Ajax Hub BP. Batteriet er ikke genopladeligt og monteres direkte i navhuset. Med batterisparetilstand aktiveret kan systemet bruges i op til <strong data-start=\"668\" data-end=\"682\">17 m\u00e5neder<\/strong> uden ekstern str\u00f8mforsyning \u2013 perfekt til installationer, hvor p\u00e5lidelig batteridrift er et must.<\/p>\n<p data-start=\"787\" data-end=\"1091\">Batteriet er lavet af <strong data-start=\"812\" data-end=\"843\">10 stk. LTC ER34615-LD-celler<\/strong> og tilbyder stabil drift selv under barske forhold. Den opretholder en konstant tomgangssp\u00e6nding uanset den resterende kapacitet, har en ekstremt lav selvafladning p\u00e5 mindre end 1 % om \u00e5ret og kan modst\u00e5 opbevaring i op til 10 \u00e5r ved stuetemperatur.<\/p>\n<p data-start=\"1093\" data-end=\"1108\"><strong data-start=\"1093\" data-end=\"1108\">Egenskaber:<\/strong><\/p>\n<ul data-start=\"1109\" data-end=\"1443\">\n<li data-start=\"1109\" data-end=\"1127\">\n<p data-start=\"1111\" data-end=\"1127\">Sp\u00e6nding: 7,2V<\/p>\n<\/li>\n<li data-start=\"1128\" data-end=\"1147\">\n<p data-start=\"1130\" data-end=\"1147\">Kapacitet: 95 Ah<\/p>\n<\/li>\n<li data-start=\"1148\" data-end=\"1205\">\n<p data-start=\"1150\" data-end=\"1205\">Driftstid: op til 17 m\u00e5neder med batterisparetilstand<\/p>\n<\/li>\n<li data-start=\"1206\" data-end=\"1246\">\n<p data-start=\"1208\" data-end=\"1246\">Temperaturomr\u00e5de: -10\u00b0C til +40\u00b0C<\/p>\n<\/li>\n<li data-start=\"1247\" data-end=\"1333\">\n<p data-start=\"1249\" data-end=\"1333\">Opbevaringstid: op til 10 \u00e5r (op til 6 m\u00e5neder ved +30 \u00b0C uden at p\u00e5virke driften)<\/p>\n<\/li>\n<li data-start=\"1334\" data-end=\"1387\">\n<p data-start=\"1336\" data-end=\"1387\">Montering: Passer direkte i Ajax Hub BP-kabinettet<\/p>\n<\/li>\n<li data-start=\"1388\" data-end=\"1422\">\n<p data-start=\"1390\" data-end=\"1422\">Batteritype: 10x LTC ER34615-LD<\/p>\n<\/li>\n<li data-start=\"1423\" data-end=\"1443\">\n<p data-start=\"1425\" data-end=\"1443\">Ikke genopladelig<\/p>\n<\/li>\n<\/ul>\n<p data-start=\"1445\" data-end=\"1568\">Dette er den perfekte l\u00f8sning for dig, der har brug for lang og stabil batteridrift til din Ajax Hub BP \u2013 uden kompromis.<\/p>","protected":false},"excerpt":{"rendered":"<p>Intern batteripakke til Ajax Hub BP (7,2V\/95Ah). Ikke-genopladelig. Giver op til 17 m\u00e5neders drift med batterisparetilstand. Best\u00e5r af 10 LTC ER34615-LD batterier.<\/p>","protected":false},"featured_media":158133,"template":"","meta":{"_acf_changed":false},"product_brand":[],"product_cat":[3171,3128],"product_tag":[4863],"class_list":{"0":"post-158134","1":"product","2":"type-product","3":"status-publish","4":"has-post-thumbnail","6":"product_cat-psu-stromforsorjning","7":"product_cat-ajax-reservdelar-fasten","8":"product_tag-pf","9":"product_shipping_class-tunga-paket","10":"pa_brands-ajax-systems","11":"tm-no-options","13":"first","14":"instock","15":"sale","16":"taxable","17":"shipping-taxable","18":"purchasable","19":"product-type-simple"},"acf":[],"_links":{"self":[{"href":"https:\/\/secureus.se\/dk\/wp-json\/wp\/v2\/product\/158134","targetHints":{"allow":["GET"]}}],"collection":[{"href":"https:\/\/secureus.se\/dk\/wp-json\/wp\/v2\/product"}],"about":[{"href":"https:\/\/secureus.se\/dk\/wp-json\/wp\/v2\/types\/product"}],"wp:featuredmedia":[{"embeddable":true,"href":"https:\/\/secureus.se\/dk\/wp-json\/wp\/v2\/media\/158133"}],"wp:attachment":[{"href":"https:\/\/secureus.se\/dk\/wp-json\/wp\/v2\/media?parent=158134"}],"wp:term":[{"taxonomy":"product_brand","embeddable":true,"href":"https:\/\/secureus.se\/dk\/wp-json\/wp\/v2\/product_brand?post=158134"},{"taxonomy":"product_cat","embeddable":true,"href":"https:\/\/secureus.se\/dk\/wp-json\/wp\/v2\/product_cat?post=158134"},{"taxonomy":"product_tag","embeddable":true,"href":"https:\/\/secureus.se\/dk\/wp-json\/wp\/v2\/product_tag?post=158134"}],"curies":[{"name":"wp","href":"https:\/\/api.w.org\/{rel}","templated":true}]}}