{"id":158312,"date":"2025-09-22T12:58:49","date_gmt":"2025-09-22T10:58:49","guid":{"rendered":"https:\/\/secureus.se\/tidsrela-12v-c-no-tillslagsfordrojt-rela-03-60-sekunder\/"},"modified":"2026-04-14T00:00:58","modified_gmt":"2026-04-13T22:00:58","slug":"tidsrela-12v-c-no-tillslagsfordrojt-rela-03-60-sekunder","status":"publish","type":"product","link":"https:\/\/secureus.se\/dk\/tidsrela-12v-c-no-tillslagsfordrojt-rela-03-60-sekunder\/","title":{"rendered":"Tidsrel\u00e6 12V C\/NO t\u00e6nd-forsinkelsesrel\u00e6 0,3 \u2013 60 sekunder"},"content":{"rendered":"<h1>Tidsrel\u00e6 12V C\/NO t\u00e6nd-forsinkelsesrel\u00e6<\/h1>\n<p><strong data-start=\"897\" data-end=\"915\">Arbejdsprincip:<\/strong> N\u00e5r enheden modtager str\u00f8m, venter den et forudindstillet tidsrum, f\u00f8r den aktiverer udgangen.<\/p>\n<h3 data-start=\"135\" data-end=\"154\"><strong data-start=\"139\" data-end=\"154\">Egenskaber:<\/strong><\/h3>\n<ol data-start=\"156\" data-end=\"569\">\n<li data-start=\"156\" data-end=\"210\">\n<p data-start=\"159\" data-end=\"210\">H\u00f8jkvalitetshus \u2013 st\u00f8vt\u00e6t og flammeh\u00e6mmende.<\/p>\n<\/li>\n<li data-start=\"211\" data-end=\"244\">\n<p data-start=\"214\" data-end=\"244\">Beregnet til telekommunikationsinstallationer.<\/p>\n<\/li>\n<li data-start=\"245\" data-end=\"296\">\n<p data-start=\"248\" data-end=\"296\">Tidsforsinkelsen kan justeres efter dine behov.<\/p>\n<\/li>\n<li data-start=\"297\" data-end=\"369\">\n<p data-start=\"300\" data-end=\"369\">Nem at bruge og kan automatisk slukke efter et bestemt tidsrum.<\/p>\n<\/li>\n<li data-start=\"370\" data-end=\"569\">\n<p data-start=\"373\" data-end=\"569\">Alsidig anvendelse inden for alarmer og telekommunikation, men ogs\u00e5 andre funktioner<\/p>\n<\/li>\n<\/ol>\n<h3 data-start=\"576\" data-end=\"609\"><strong data-start=\"580\" data-end=\"609\">Tekniske specifikationer:<\/strong><\/h3>\n<ul data-start=\"611\" data-end=\"1001\">\n<li data-start=\"635\" data-end=\"664\">\n<p data-start=\"637\" data-end=\"664\"><strong data-start=\"637\" data-end=\"646\">M\u00e5le:<\/strong> 50 \u00d7 35 \u00d7 22 mm<\/p>\n<\/li>\n<li data-start=\"665\" data-end=\"691\">\n<p data-start=\"667\" data-end=\"691\"><strong data-start=\"667\" data-end=\"682\">Indgangssp\u00e6nding:<\/strong> DC 12V<\/p>\n<\/li>\n<li data-start=\"692\" data-end=\"754\">\n<p data-start=\"694\" data-end=\"754\"><strong data-start=\"694\" data-end=\"710\">Arbejdsstr\u00f8m:<\/strong> 68 mA (efter aktivering af triggerkontakten)<\/p>\n<\/li>\n<li data-start=\"755\" data-end=\"811\">\n<p data-start=\"757\" data-end=\"811\"><strong data-start=\"757\" data-end=\"788\">Udgangssp\u00e6nding (styring):<\/strong> DC 0\u201314V<\/p>\n<\/li>\n<li data-start=\"812\" data-end=\"849\">\n<p data-start=\"814\" data-end=\"849\"><strong data-start=\"814\" data-end=\"842\">Udgangsstr\u00f8m (styring):<\/strong> &lt;11A<\/p>\n<\/li>\n<li data-start=\"850\" data-end=\"894\">\n<p data-start=\"852\" data-end=\"894\"><strong data-start=\"852\" data-end=\"873\">Arbejdstemperatur:<\/strong> -20\u00b0C til +70\u00b0C<\/p>\n<\/li>\n<li data-start=\"895\" data-end=\"1001\">\n<p data-start=\"897\" data-end=\"1001\"><strong data-start=\"897\" data-end=\"915\">Arbejdsprincip:<\/strong> N\u00e5r enheden modtager str\u00f8m, venter den et forudindstillet tidsrum, f\u00f8r den aktiverer udgangen.<\/p>\n<\/li>\n<\/ul>\n<p data-start=\"1765\" data-end=\"1813\"><img decoding=\"async\" class=\"alignnone size-full wp-image-123539664\" src=\"https:\/\/securityonline.se\/wp-content\/uploads\/2025\/09\/Tidsrelamodul-5V-12V-24V-med-LCD-och-justerbar-fordrojning-1-1.jpg\" alt=\"\" width=\"747\" height=\"489\" \/><\/p>","protected":false},"excerpt":{"rendered":"<p>Kompakt og alsidigt 12V forsinkelsesmodul til telekommunikationsapplikationer.<\/p>\n<p>Med justerbar forsinkelse og et robust, flammesikkert hus er den velegnet til barske milj\u00f8er i lavsp\u00e6ndingsinstallationer.<\/p>","protected":false},"featured_media":158310,"template":"","meta":{"_acf_changed":false},"product_brand":[],"product_cat":[1548,4154],"product_tag":[],"class_list":{"0":"post-158312","1":"product","2":"type-product","3":"status-publish","4":"has-post-thumbnail","6":"product_cat-relaer-elektronik","7":"product_cat-tidrela","8":"product_shipping_class-postnord-varubrev","9":"pa_brands-stonehouse-security","10":"tm-no-options","12":"first","13":"instock","14":"sale","15":"taxable","16":"shipping-taxable","17":"purchasable","18":"product-type-simple"},"acf":[],"_links":{"self":[{"href":"https:\/\/secureus.se\/dk\/wp-json\/wp\/v2\/product\/158312","targetHints":{"allow":["GET"]}}],"collection":[{"href":"https:\/\/secureus.se\/dk\/wp-json\/wp\/v2\/product"}],"about":[{"href":"https:\/\/secureus.se\/dk\/wp-json\/wp\/v2\/types\/product"}],"wp:featuredmedia":[{"embeddable":true,"href":"https:\/\/secureus.se\/dk\/wp-json\/wp\/v2\/media\/158310"}],"wp:attachment":[{"href":"https:\/\/secureus.se\/dk\/wp-json\/wp\/v2\/media?parent=158312"}],"wp:term":[{"taxonomy":"product_brand","embeddable":true,"href":"https:\/\/secureus.se\/dk\/wp-json\/wp\/v2\/product_brand?post=158312"},{"taxonomy":"product_cat","embeddable":true,"href":"https:\/\/secureus.se\/dk\/wp-json\/wp\/v2\/product_cat?post=158312"},{"taxonomy":"product_tag","embeddable":true,"href":"https:\/\/secureus.se\/dk\/wp-json\/wp\/v2\/product_tag?post=158312"}],"curies":[{"name":"wp","href":"https:\/\/api.w.org\/{rel}","templated":true}]}}