{"id":158320,"date":"2025-09-22T12:46:45","date_gmt":"2025-09-22T10:46:45","guid":{"rendered":"https:\/\/secureus.se\/rela-24v-4-kanals-med-hog-lag-nivastyrning\/"},"modified":"2026-04-01T16:17:40","modified_gmt":"2026-04-01T14:17:40","slug":"rela-24v-4-kanals-med-hog-lag-nivastyrning","status":"publish","type":"product","link":"https:\/\/secureus.se\/dk\/rela-24v-4-kanals-med-hog-lag-nivastyrning\/","title":{"rendered":"Rel\u00e6 24V 4-kanals med h\u00f8j\/lav niveau kontrol Pro Series"},"content":{"rendered":"<h1>Rel\u00e6 24V 4-kanals med h\u00f8j\/lav niveau kontrol<\/h1>\n<p><span style=\"text-decoration: underline\"><strong>Perfekt egnet til alarm- og telekommunikationsinstallationer.<\/strong><\/span><\/p>\n<ol data-start=\"579\" data-end=\"1159\">\n<li data-start=\"579\" data-end=\"686\">\n<p data-start=\"582\" data-end=\"615\">Udstyret med \u00e6gte kvalitetsrel\u00e6<\/p>\n<ul data-start=\"619\" data-end=\"686\">\n<li data-start=\"619\" data-end=\"686\">\n<p data-start=\"621\" data-end=\"686\">Maks. belastning: AC 250V\/10A, DC 30V\/10A (normalt \u00e5ben kontakt)<\/p>\n<\/li>\n<\/ul>\n<\/li>\n<li data-start=\"687\" data-end=\"788\">\n<p data-start=\"690\" data-end=\"757\">Dobbelt optokoblerisolering for h\u00f8j sikkerhed og stabil ydeevne<\/p>\n<ul data-start=\"761\" data-end=\"788\">\n<li data-start=\"761\" data-end=\"788\">\n<p data-start=\"763\" data-end=\"788\">Triggerstr\u00f8m: kun 5 mA<\/p>\n<\/li>\n<\/ul>\n<\/li>\n<li data-start=\"789\" data-end=\"812\">\n<p data-start=\"792\" data-end=\"812\">Arbejdssp\u00e6nding: 24V<\/p>\n<\/li>\n<li data-start=\"813\" data-end=\"897\">\n<p data-start=\"816\" data-end=\"897\">Hver kanal kan konfigureres til at blive udl\u00f8st af h\u00f8jt eller lavt niveau (via jumper)<\/p>\n<\/li>\n<li data-start=\"898\" data-end=\"979\">\n<p data-start=\"901\" data-end=\"979\">Fejltolerant design \u2013 hvis styreledningen er brudt, aktiveres rel\u00e6et ikke ved et uheld<\/p>\n<\/li>\n<li data-start=\"980\" data-end=\"1073\">\n<p data-start=\"983\" data-end=\"1001\">LED-indikatorer:<\/p>\n<ul data-start=\"1005\" data-end=\"1073\">\n<li data-start=\"1005\" data-end=\"1029\">\n<p data-start=\"1007\" data-end=\"1029\">Gr\u00f8n: str\u00f8mindikator<\/p>\n<\/li>\n<li data-start=\"1033\" data-end=\"1073\">\n<p data-start=\"1035\" data-end=\"1073\">R\u00f8d: rel\u00e6status for hver kanal<\/p>\n<\/li>\n<\/ul>\n<\/li>\n<li data-start=\"1074\" data-end=\"1159\">\n<p data-start=\"1077\" data-end=\"1159\">Brugervenligt layout \u2013 alle tilslutninger er tilg\u00e6ngelige via klare skrueterminaler<\/p>\n<\/li>\n<\/ol>\n<p data-start=\"1161\" data-end=\"1172\"><strong>Interface:<\/strong><\/p>\n<p data-start=\"1174\" data-end=\"1192\">Str\u00f8mtilslutning:<\/p>\n<ul data-start=\"1193\" data-end=\"1291\">\n<li data-start=\"1193\" data-end=\"1242\">\n<p data-start=\"1195\" data-end=\"1242\">DC+: Forbindes til str\u00f8mforsyningens positive pol<\/p>\n<\/li>\n<li data-start=\"1243\" data-end=\"1291\">\n<p data-start=\"1245\" data-end=\"1291\">DC-: Forbindes til str\u00f8mforsyningens negative pol<\/p>\n<\/li>\n<\/ul>\n<p data-start=\"1293\" data-end=\"1308\"><strong>Styresignaler:<\/strong><\/p>\n<ul data-start=\"1309\" data-end=\"1384\">\n<li data-start=\"1309\" data-end=\"1384\">\n<p data-start=\"1311\" data-end=\"1384\">IN1, IN2: Styrer det respektive rel\u00e6 afh\u00e6ngigt af det indstillede triggerniveau (h\u00f8j\/lav)<\/p>\n<\/li>\n<\/ul>\n<p data-start=\"1386\" data-end=\"1399\"><strong>Rel\u00e6udgang:<\/strong><\/p>\n<ul data-start=\"1400\" data-end=\"1621\">\n<li data-start=\"1400\" data-end=\"1493\">\n<p data-start=\"1402\" data-end=\"1493\">NO1, NO2 (Normalt \u00e5ben): Normalt \u00e5ben kontakt \u2013 \u00e5ben i hviletilstand, lukket ved aktivering<\/p>\n<\/li>\n<li data-start=\"1494\" data-end=\"1526\">\n<p data-start=\"1496\" data-end=\"1526\">COM1, COM2: F\u00e6lles stik<\/p>\n<\/li>\n<li data-start=\"1527\" data-end=\"1621\">\n<p data-start=\"1529\" data-end=\"1621\">NC1, NC2 (Normalt lukket): Normalt lukket kontakt \u2013 lukket i hvileposition, \u00e5ben ved aktivering<\/p>\n<\/li>\n<\/ul>\n<p data-start=\"1623\" data-end=\"1644\"><strong>Valg af triggerniveau:<\/strong><\/p>\n<ul data-start=\"1645\" data-end=\"1813\">\n<li data-start=\"1645\" data-end=\"1698\">\n<p data-start=\"1647\" data-end=\"1698\">S1, S2: Jumpervalg for triggerniveau p\u00e5 rel\u00e6 1 og 2<\/p>\n<\/li>\n<li data-start=\"1699\" data-end=\"1762\">\n<p data-start=\"1701\" data-end=\"1762\">Hvis COM p\u00e5 jumperen er forbundet til lavniveau \u2192 lavniveau-triggering<\/p>\n<\/li>\n<li data-start=\"1763\" data-end=\"1813\">\n<p data-start=\"1765\" data-end=\"1813\">Hvis COM er forbundet til h\u00f8jniveau \u2192 h\u00f8jniveau-trigger<\/p>\n<\/li>\n<\/ul>\n<p><strong>M\u00e5le<\/strong>7,5 cm x 5 cm<\/p>","protected":false},"excerpt":{"rendered":"<p>Kompakt 2-kanals rel\u00e6modul med 24V driftssp\u00e6nding, underst\u00f8ttelse af h\u00f8j- og lavniveau-trigger og dobbelt optokobler-isolering for stabil og sikker styring.<\/p>\n<p>Udstyret med LED-indikatorer og brugervenlige skrueterminaler for nem installation.<\/p>\n<p>Perfekt egnet til alarm- og telekommunikationsinstallationer.<\/p>\n<p><strong>M\u00e5le<\/strong>7,5 cm x 5 cm<\/p>","protected":false},"featured_media":158317,"template":"","meta":{"_acf_changed":false},"product_brand":[],"product_cat":[1548,4152],"product_tag":[],"class_list":{"0":"post-158320","1":"product","2":"type-product","3":"status-publish","4":"has-post-thumbnail","6":"product_cat-relaer-elektronik","7":"product_cat-rela-24-volt","8":"product_shipping_class-postnord-varubrev","9":"pa_brands-stonehouse-security","10":"tm-no-options","12":"first","13":"instock","14":"sale","15":"taxable","16":"shipping-taxable","17":"purchasable","18":"product-type-simple"},"acf":[],"_links":{"self":[{"href":"https:\/\/secureus.se\/dk\/wp-json\/wp\/v2\/product\/158320","targetHints":{"allow":["GET"]}}],"collection":[{"href":"https:\/\/secureus.se\/dk\/wp-json\/wp\/v2\/product"}],"about":[{"href":"https:\/\/secureus.se\/dk\/wp-json\/wp\/v2\/types\/product"}],"wp:featuredmedia":[{"embeddable":true,"href":"https:\/\/secureus.se\/dk\/wp-json\/wp\/v2\/media\/158317"}],"wp:attachment":[{"href":"https:\/\/secureus.se\/dk\/wp-json\/wp\/v2\/media?parent=158320"}],"wp:term":[{"taxonomy":"product_brand","embeddable":true,"href":"https:\/\/secureus.se\/dk\/wp-json\/wp\/v2\/product_brand?post=158320"},{"taxonomy":"product_cat","embeddable":true,"href":"https:\/\/secureus.se\/dk\/wp-json\/wp\/v2\/product_cat?post=158320"},{"taxonomy":"product_tag","embeddable":true,"href":"https:\/\/secureus.se\/dk\/wp-json\/wp\/v2\/product_tag?post=158320"}],"curies":[{"name":"wp","href":"https:\/\/api.w.org\/{rel}","templated":true}]}}