{"id":158377,"date":"2025-09-24T11:46:34","date_gmt":"2025-09-24T09:46:34","guid":{"rendered":"https:\/\/secureus.se\/slutbleck-5097-rostfritt\/"},"modified":"2026-03-25T15:26:27","modified_gmt":"2026-03-25T14:26:27","slug":"slutbleck-5097-rostfritt","status":"publish","type":"product","link":"https:\/\/secureus.se\/dk\/slutbleck-5097-rostfritt\/","title":{"rendered":"Paskvilt-slutplade 5097 rustfrit st\u00e5l \u2013 Assa Abloy"},"content":{"rendered":"<div>ASSA ABLOY 5097 er en slutbleg til endebolte p\u00e5 espagnoletter af greb- eller kiletypen.<\/div>\n<div><\/div>\n<div><b>Egenskaber:<\/b><\/div>\n<div>\n<ul>\n<li>Bredde: 26 mm<\/li>\n<li>H\u00f8jde: 68 mm<\/li>\n<li>Tykkelse: 1,5 mm<\/li>\n<li>Tungest\u00f8rrelse: 5 mm<\/li>\n<li>\u00c5bningsm\u00e5l: 18,5\u00d744<\/li>\n<li>Materiale: Rustfrit st\u00e5l<\/li>\n<\/ul>\n<\/div>","protected":false},"excerpt":{"rendered":"<p>ASSA ABLOY 5097 \u00e4r ett slutbleck f\u00f6r \u00e4ndkolvar p\u00e5 spanjoletter av typ grip- eller kilkolv. Egenskaper: Bredd: 26 mm H\u00f6jd: 68 mm Tjocklek: 1,5 mm Pl\u00f6sm\u00e5tt: 5 mm \u00d6ppningsm\u00e5tt: 18,5&#215;44<\/p>","protected":false},"featured_media":158374,"template":"","meta":{"_acf_changed":false},"product_brand":[],"product_cat":[4874],"product_tag":[],"class_list":{"0":"post-158377","1":"product","2":"type-product","3":"status-publish","4":"has-post-thumbnail","6":"product_cat-slutbleck-spanjoletter","7":"product_shipping_class-postnord-varubrev","8":"pa_brands-abloy","9":"tm-no-options","11":"first","12":"onbackorder","13":"sale","14":"taxable","15":"shipping-taxable","16":"purchasable","17":"product-type-simple"},"acf":[],"_links":{"self":[{"href":"https:\/\/secureus.se\/dk\/wp-json\/wp\/v2\/product\/158377","targetHints":{"allow":["GET"]}}],"collection":[{"href":"https:\/\/secureus.se\/dk\/wp-json\/wp\/v2\/product"}],"about":[{"href":"https:\/\/secureus.se\/dk\/wp-json\/wp\/v2\/types\/product"}],"wp:featuredmedia":[{"embeddable":true,"href":"https:\/\/secureus.se\/dk\/wp-json\/wp\/v2\/media\/158374"}],"wp:attachment":[{"href":"https:\/\/secureus.se\/dk\/wp-json\/wp\/v2\/media?parent=158377"}],"wp:term":[{"taxonomy":"product_brand","embeddable":true,"href":"https:\/\/secureus.se\/dk\/wp-json\/wp\/v2\/product_brand?post=158377"},{"taxonomy":"product_cat","embeddable":true,"href":"https:\/\/secureus.se\/dk\/wp-json\/wp\/v2\/product_cat?post=158377"},{"taxonomy":"product_tag","embeddable":true,"href":"https:\/\/secureus.se\/dk\/wp-json\/wp\/v2\/product_tag?post=158377"}],"curies":[{"name":"wp","href":"https:\/\/api.w.org\/{rel}","templated":true}]}}