{"id":158404,"date":"2025-09-24T14:38:18","date_gmt":"2025-09-24T12:38:18","guid":{"rendered":"https:\/\/secureus.se\/?post_type=product&#038;p=158404"},"modified":"2026-03-26T09:56:46","modified_gmt":"2026-03-26T08:56:46","slug":"fargo-hdp5000e-retransfer-id-card-printer-enkelsidig","status":"publish","type":"product","link":"https:\/\/secureus.se\/dk\/fargo-hdp5000e-retransfer-id-card-printer-enkelsidig\/","title":{"rendered":"Fargo HDP5000e Retransfer ID-kortprinter (enkeltsidet)"},"content":{"rendered":"<p>FARGO HDP5000e er bygget p\u00e5 syv generationer af avanceret retransferteknologi og \u00e5rtiers ekspertise og er konstrueret til milj\u00f8er med h\u00f8j eftersp\u00f8rgsel, hvor p\u00e5lidelighed og printkvalitet ikke er til forhandling. Som brancheleder inden for retransferprint i over 25 \u00e5r leverer HDP5000e enest\u00e5ende printopl\u00f8sning, uovertruffen holdbarhed og minimal nedetid, hvilket sikrer problemfri drift i kortproduktion i store m\u00e6ngder.<\/p>\n<ul>\n<li>Udskriv 133 farvekort i timen<\/li>\n<li>Uovertruffen 4-\u00e5rs producentgaranti<\/li>\n<li>Enkeltsidede og dobbeltsidede modeller tilg\u00e6ngelige<\/li>\n<\/ul>\n<p><strong><br \/>\nProduktv\u00e6gt:<br \/>\n8,00 kg<br \/>\n<\/strong><\/p>","protected":false},"excerpt":{"rendered":"<p>Built on seven generations of advanced retransfer technology and decades of expertise, the FARGO HDP5000e is engineered for high-demand environments where reliability and print quality are non-negotiable. As an industry<\/p>","protected":false},"featured_media":158399,"template":"","meta":{"_acf_changed":false},"product_brand":[],"product_cat":[3206],"product_tag":[],"class_list":{"0":"post-158404","1":"product","2":"type-product","3":"status-publish","4":"has-post-thumbnail","6":"product_cat-fargo","7":"pa_brands-fargo","8":"tm-no-options","10":"first","11":"instock","12":"sale","13":"taxable","14":"shipping-taxable","15":"purchasable","16":"product-type-simple"},"acf":[],"_links":{"self":[{"href":"https:\/\/secureus.se\/dk\/wp-json\/wp\/v2\/product\/158404","targetHints":{"allow":["GET"]}}],"collection":[{"href":"https:\/\/secureus.se\/dk\/wp-json\/wp\/v2\/product"}],"about":[{"href":"https:\/\/secureus.se\/dk\/wp-json\/wp\/v2\/types\/product"}],"wp:featuredmedia":[{"embeddable":true,"href":"https:\/\/secureus.se\/dk\/wp-json\/wp\/v2\/media\/158399"}],"wp:attachment":[{"href":"https:\/\/secureus.se\/dk\/wp-json\/wp\/v2\/media?parent=158404"}],"wp:term":[{"taxonomy":"product_brand","embeddable":true,"href":"https:\/\/secureus.se\/dk\/wp-json\/wp\/v2\/product_brand?post=158404"},{"taxonomy":"product_cat","embeddable":true,"href":"https:\/\/secureus.se\/dk\/wp-json\/wp\/v2\/product_cat?post=158404"},{"taxonomy":"product_tag","embeddable":true,"href":"https:\/\/secureus.se\/dk\/wp-json\/wp\/v2\/product_tag?post=158404"}],"curies":[{"name":"wp","href":"https:\/\/api.w.org\/{rel}","templated":true}]}}