{"id":158743,"date":"2022-03-10T16:01:00","date_gmt":"2022-03-10T15:01:00","guid":{"rendered":"https:\/\/secureus.se\/rfid-armband-silikon-fast-mifare1k-storlek-55-mm-small-5\/"},"modified":"2026-02-17T09:29:39","modified_gmt":"2026-02-17T08:29:39","slug":"rfid-armband-silikon-fast-mifare1k-storlek-55-mm-small-5","status":"publish","type":"product","link":"https:\/\/secureus.se\/dk\/rfid-armband-silikon-fast-mifare1k-storlek-55-mm-small-5\/","title":{"rendered":"RFID-armb\u00e5nd Mifare 1K \u2013 Lille, Hvid, 55 mm"},"content":{"rendered":"<p>Vores RFID-armb\u00e5nd f\u00e5s i forskellige st\u00f8rrelser og farver. Du v\u00e6lger ogs\u00e5 hvilken teknologi du \u00f8nsker monteret i armb\u00e5ndet. \u00d8nsker du tal indgraveret, s\u00e5 kontakt os inden bestilling. Vi har mange flere versioner af armb\u00e5nd, s\u00e5 du altid kan kontakte os for den bedste pris uanset model.<\/p>","protected":false},"excerpt":{"rendered":"<p>Armb\u00e5nd kan bestilles i enhver farve med en minimumsbestillingsv\u00e6rdi p\u00e5 100 enheder. Kontakt os venligst for den bedste pris.<\/p>","protected":false},"featured_media":158742,"template":"","meta":{"_acf_changed":false},"product_brand":[],"product_cat":[1849],"product_tag":[2958],"class_list":{"0":"post-158743","1":"product","2":"type-product","3":"status-publish","4":"has-post-thumbnail","6":"product_cat-rfid-armband","7":"product_tag-stonehouse-produkt","8":"product_shipping_class-postnord-varubrev","9":"pa_brands-stonehouse-security","10":"pa_rfid-armband-farg-vit","11":"pa_rfid-armband-modell-fast-storlek-small-55-mm","12":"pa_rfid-armband-teknik-mifare1k","13":"pa_storlek-small","14":"tm-has-options","16":"first","17":"instock","18":"sale","19":"featured","20":"taxable","21":"shipping-taxable","22":"purchasable","23":"product-type-simple"},"acf":[],"_links":{"self":[{"href":"https:\/\/secureus.se\/dk\/wp-json\/wp\/v2\/product\/158743","targetHints":{"allow":["GET"]}}],"collection":[{"href":"https:\/\/secureus.se\/dk\/wp-json\/wp\/v2\/product"}],"about":[{"href":"https:\/\/secureus.se\/dk\/wp-json\/wp\/v2\/types\/product"}],"wp:featuredmedia":[{"embeddable":true,"href":"https:\/\/secureus.se\/dk\/wp-json\/wp\/v2\/media\/158742"}],"wp:attachment":[{"href":"https:\/\/secureus.se\/dk\/wp-json\/wp\/v2\/media?parent=158743"}],"wp:term":[{"taxonomy":"product_brand","embeddable":true,"href":"https:\/\/secureus.se\/dk\/wp-json\/wp\/v2\/product_brand?post=158743"},{"taxonomy":"product_cat","embeddable":true,"href":"https:\/\/secureus.se\/dk\/wp-json\/wp\/v2\/product_cat?post=158743"},{"taxonomy":"product_tag","embeddable":true,"href":"https:\/\/secureus.se\/dk\/wp-json\/wp\/v2\/product_tag?post=158743"}],"curies":[{"name":"wp","href":"https:\/\/api.w.org\/{rel}","templated":true}]}}