{"id":158822,"date":"2025-10-02T10:45:51","date_gmt":"2025-10-02T08:45:51","guid":{"rendered":"https:\/\/secureus.se\/inomhussiren-12v-m19-volymkontroll-sabotagekontakt\/"},"modified":"2026-03-18T11:18:56","modified_gmt":"2026-03-18T10:18:56","slug":"inomhussiren-12v-m19-volymkontroll-sabotagekontakt","status":"publish","type":"product","link":"https:\/\/secureus.se\/dk\/inomhussiren-12v-m19-volymkontroll-sabotagekontakt\/","title":{"rendered":"Indend\u00f8rs sirene 12V M19 lydstyrkekontrol sabotageafbryder"},"content":{"rendered":"<h1>Indend\u00f8rs sirene 12V M19 lydstyrkekontrol sabotageafbryder<\/h1>\n<p data-start=\"198\" data-end=\"591\">Denne kraftfulde og p\u00e5lidelige indend\u00f8rs sirene er designet til brug i forskellige typer alarmsystemer.<\/p>\n<p data-start=\"198\" data-end=\"591\">Med et lydniveau p\u00e5 op til <strong data-start=\"328\" data-end=\"340\">115 dB\/m<\/strong>, lydstyrkekontrol og dobbelt manipulationsbeskyttelse, er det et fremragende valg til installationer, der kr\u00e6ver sikkerhed, fleksibilitet og p\u00e5lidelig lydsignalering.<\/p>\n<p data-start=\"198\" data-end=\"591\">Det rene, hvide design i slidst\u00e6rk ABS-plastik betyder, at sirenen passer diskret ind i moderne indend\u00f8rsmilj\u00f8er.<\/p>\n<h4 data-start=\"593\" data-end=\"613\"><strong data-start=\"598\" data-end=\"613\">Funktioner:<\/strong><\/h4>\n<ul data-start=\"615\" data-end=\"1505\">\n<li data-start=\"615\" data-end=\"747\">\n<p data-start=\"617\" data-end=\"747\"><strong data-start=\"617\" data-end=\"635\">H\u00f8j volumen<\/strong>Leverer op til 115 dB p\u00e5 1 meters afstand \u2013 nok til effektivt at advare om indbrud eller brand.<\/p>\n<\/li>\n<li data-start=\"748\" data-end=\"895\">\n<p data-start=\"750\" data-end=\"895\"><strong data-start=\"750\" data-end=\"774\">Dobbelt triggersignal<\/strong>Sirenen kan aktiveres via <strong data-start=\"802\" data-end=\"834\">to separate triggerindgange<\/strong>, hvilket giver fleksibilitet ved tilslutning til forskellige alarmsystemer.<\/p>\n<\/li>\n<li data-start=\"896\" data-end=\"1000\">\n<p data-start=\"898\" data-end=\"1000\"><strong data-start=\"898\" data-end=\"915\">To lydtilstande<\/strong>V\u00e6lg mellem to forskellige alarmsignaler (melodi) afh\u00e6ngigt af anvendelse og pr\u00e6ference.<\/p>\n<\/li>\n<li data-start=\"1001\" data-end=\"1109\">\n<p data-start=\"1003\" data-end=\"1109\"><strong data-start=\"1003\" data-end=\"1020\">Lydstyrkekontrol<\/strong>Justerbar lydstyrke for at tilpasse lydniveauet til rummets behov eller brugerens krav.<\/p>\n<\/li>\n<li data-start=\"1110\" data-end=\"1236\">\n<p data-start=\"1112\" data-end=\"1236\"><strong data-start=\"1112\" data-end=\"1129\">Sabotagebeskyttelse<\/strong>Udstyret med dobbelt beskyttelse \u2013 reagerer b\u00e5de p\u00e5 fors\u00f8g p\u00e5 at \u00e5bne huset og p\u00e5 fjernelse fra v\u00e6ggen.<\/p>\n<\/li>\n<li data-start=\"1237\" data-end=\"1376\">\n<p data-start=\"1239\" data-end=\"1376\"><strong data-start=\"1239\" data-end=\"1274\">Moderne og holdbar konstruktion<\/strong>Lavet af flammeh\u00e6mmende og slagfast ABS-plast, designet til lang levetid og p\u00e5lidelig drift.<\/p>\n<\/li>\n<li data-start=\"1377\" data-end=\"1505\">\n<p data-start=\"1379\" data-end=\"1505\"><strong data-start=\"1379\" data-end=\"1408\">Universal kompatibilitet<\/strong>Nem at tilslutte til de fleste konventionelle og adresserbare alarmsystemer, der underst\u00f8tter 12V DC.<\/p>\n<\/li>\n<\/ul>\n<h4 data-start=\"1507\" data-end=\"1543\"><strong data-start=\"1512\" data-end=\"1543\">Typiske anvendelser:<\/strong><\/h4>\n<ul data-start=\"1545\" data-end=\"1698\">\n<li data-start=\"1545\" data-end=\"1554\">\n<p data-start=\"1547\" data-end=\"1554\">Hjemmealarm<\/p>\n<\/li>\n<li data-start=\"1555\" data-end=\"1588\">\n<p data-start=\"1557\" data-end=\"1588\">Kontorer og erhvervslokaler<\/p>\n<\/li>\n<li data-start=\"1589\" data-end=\"1616\">\n<p data-start=\"1591\" data-end=\"1616\">Butikker og lagre<\/p>\n<\/li>\n<li data-start=\"1617\" data-end=\"1668\">\n<p data-start=\"1619\" data-end=\"1668\">Skoler, sundhedsfaciliteter og offentlige bygninger<\/p>\n<\/li>\n<li data-start=\"1669\" data-end=\"1698\">\n<p data-start=\"1671\" data-end=\"1698\">Brandalarm og panikalarm<\/p>\n<\/li>\n<\/ul>\n<h4 data-start=\"1700\" data-end=\"1731\"><strong data-start=\"1705\" data-end=\"1731\">Teknisk specifikation:<\/strong><\/h4>\n<div class=\"_tableContainer_1rjym_1\">\n<div class=\"group _tableWrapper_1rjym_13 flex w-fit flex-col-reverse\">\n<table class=\"w-fit min-w-(--thread-content-width)\" data-start=\"1733\" data-end=\"2706\">\n<thead data-start=\"1733\" data-end=\"1797\">\n<tr data-start=\"1733\" data-end=\"1797\">\n<th data-start=\"1733\" data-end=\"1764\" data-col-size=\"sm\">Ejendom<\/th>\n<th data-start=\"1764\" data-end=\"1797\" data-col-size=\"sm\">V\u00e6rdi<\/th>\n<\/tr>\n<\/thead>\n<tbody data-start=\"1862\" data-end=\"2706\">\n<tr data-start=\"1862\" data-end=\"1926\">\n<td data-start=\"1862\" data-end=\"1892\" data-col-size=\"sm\"><strong data-start=\"1864\" data-end=\"1880\">Model nummer<\/strong><\/td>\n<td data-start=\"1892\" data-end=\"1926\" data-col-size=\"sm\">M19<\/td>\n<\/tr>\n<tr data-start=\"1927\" data-end=\"1991\">\n<td data-start=\"1927\" data-end=\"1957\" data-col-size=\"sm\"><strong data-start=\"1929\" data-end=\"1945\">Type af sirene<\/strong><\/td>\n<td data-start=\"1957\" data-end=\"1991\" data-col-size=\"sm\">Indend\u00f8rs, akustisk<\/td>\n<\/tr>\n<tr data-start=\"1992\" data-end=\"2056\">\n<td data-start=\"1992\" data-end=\"2022\" data-col-size=\"sm\"><strong data-start=\"1994\" data-end=\"2006\">Sp\u00e6nding<\/strong><\/td>\n<td data-start=\"2022\" data-end=\"2056\" data-col-size=\"sm\">12V DC<\/td>\n<\/tr>\n<tr data-start=\"2057\" data-end=\"2121\">\n<td data-start=\"2057\" data-end=\"2087\" data-col-size=\"sm\"><strong data-start=\"2059\" data-end=\"2079\">Str\u00f8mforbrug<\/strong><\/td>\n<td data-start=\"2087\" data-end=\"2121\" data-col-size=\"sm\">0,15 A i tilf\u00e6lde af alarm<\/td>\n<\/tr>\n<tr data-start=\"2122\" data-end=\"2186\">\n<td data-start=\"2122\" data-end=\"2152\" data-col-size=\"sm\"><strong data-start=\"2124\" data-end=\"2136\">Lydniveau<\/strong><\/td>\n<td data-start=\"2152\" data-end=\"2186\" data-col-size=\"sm\">115 dB\/m<\/td>\n<\/tr>\n<tr data-start=\"2187\" data-end=\"2251\">\n<td data-start=\"2187\" data-end=\"2217\" data-col-size=\"sm\"><strong data-start=\"2189\" data-end=\"2200\">Lydvalg<\/strong><\/td>\n<td data-start=\"2217\" data-end=\"2251\" data-col-size=\"sm\">2 melodier<\/td>\n<\/tr>\n<tr data-start=\"2252\" data-end=\"2316\">\n<td data-start=\"2252\" data-end=\"2282\" data-col-size=\"sm\"><strong data-start=\"2254\" data-end=\"2262\">Farve<\/strong><\/td>\n<td data-start=\"2282\" data-end=\"2316\" data-col-size=\"sm\">hvid<\/td>\n<\/tr>\n<tr data-start=\"2317\" data-end=\"2381\">\n<td data-start=\"2317\" data-end=\"2347\" data-col-size=\"sm\"><strong data-start=\"2319\" data-end=\"2336\">Sabotagebeskyttelse<\/strong><\/td>\n<td data-start=\"2347\" data-end=\"2381\" data-col-size=\"sm\">Ja, dobbelt<\/td>\n<\/tr>\n<tr data-start=\"2382\" data-end=\"2446\">\n<td data-start=\"2382\" data-end=\"2412\" data-col-size=\"sm\"><strong data-start=\"2384\" data-end=\"2397\">Lommelygte<\/strong><\/td>\n<td data-start=\"2412\" data-end=\"2446\" data-col-size=\"sm\">Ingen<\/td>\n<\/tr>\n<tr data-start=\"2447\" data-end=\"2511\">\n<td data-start=\"2447\" data-end=\"2477\" data-col-size=\"sm\"><strong data-start=\"2449\" data-end=\"2461\">Materiale<\/strong><\/td>\n<td data-start=\"2477\" data-end=\"2511\" data-col-size=\"sm\">ABS plast<\/td>\n<\/tr>\n<tr data-start=\"2512\" data-end=\"2576\">\n<td data-start=\"2512\" data-end=\"2542\" data-col-size=\"sm\"><strong data-start=\"2514\" data-end=\"2527\">Montering<\/strong><\/td>\n<td data-start=\"2542\" data-end=\"2576\" data-col-size=\"sm\">Indend\u00f8rs v\u00e6gmontering<\/td>\n<\/tr>\n<tr data-start=\"2577\" data-end=\"2641\">\n<td data-start=\"2577\" data-end=\"2607\" data-col-size=\"sm\"><strong data-start=\"2579\" data-end=\"2598\">Triggerindgange<\/strong><\/td>\n<td data-start=\"2607\" data-end=\"2641\" data-col-size=\"sm\">2 stk<\/td>\n<\/tr>\n<tr data-start=\"2642\" data-end=\"2706\">\n<td data-start=\"2642\" data-end=\"2672\" data-col-size=\"sm\"><strong data-start=\"2644\" data-end=\"2653\">Milj\u00f8<\/strong><\/td>\n<td data-start=\"2672\" data-end=\"2706\" data-col-size=\"sm\">Kun til indend\u00f8rs brug<\/td>\n<\/tr>\n<\/tbody>\n<\/table>\n<\/div>\n<\/div>","protected":false},"excerpt":{"rendered":"<p>Effektiv indend\u00f8rs sirene i hvid ABS-plast med justerbar lydstyrke og dobbelt manipulationsdetektion.<\/p>\n<p>Leverer op til 115 dB alarmlyd og underst\u00f8tter to triggersignaler.<\/p>\n<p>Perfekt til alarminstallationer i hjem, kontorer og offentlige milj\u00f8er.<\/p>\n<p>Drevet af 12V DC.<\/p>","protected":false},"featured_media":158821,"template":"","meta":{"_acf_changed":false},"product_brand":[],"product_cat":[1562,5105],"product_tag":[2268],"class_list":{"0":"post-158822","1":"product","2":"type-product","3":"status-publish","4":"has-post-thumbnail","6":"product_cat-larmdon-blixtljus","7":"product_cat-larmsirener","8":"product_tag-larmdon-siren-inomhus","9":"pa_farg-vit","10":"tm-no-options","12":"first","13":"instock","14":"sale","15":"taxable","16":"shipping-taxable","17":"purchasable","18":"product-type-simple"},"acf":[],"_links":{"self":[{"href":"https:\/\/secureus.se\/dk\/wp-json\/wp\/v2\/product\/158822","targetHints":{"allow":["GET"]}}],"collection":[{"href":"https:\/\/secureus.se\/dk\/wp-json\/wp\/v2\/product"}],"about":[{"href":"https:\/\/secureus.se\/dk\/wp-json\/wp\/v2\/types\/product"}],"wp:featuredmedia":[{"embeddable":true,"href":"https:\/\/secureus.se\/dk\/wp-json\/wp\/v2\/media\/158821"}],"wp:attachment":[{"href":"https:\/\/secureus.se\/dk\/wp-json\/wp\/v2\/media?parent=158822"}],"wp:term":[{"taxonomy":"product_brand","embeddable":true,"href":"https:\/\/secureus.se\/dk\/wp-json\/wp\/v2\/product_brand?post=158822"},{"taxonomy":"product_cat","embeddable":true,"href":"https:\/\/secureus.se\/dk\/wp-json\/wp\/v2\/product_cat?post=158822"},{"taxonomy":"product_tag","embeddable":true,"href":"https:\/\/secureus.se\/dk\/wp-json\/wp\/v2\/product_tag?post=158822"}],"curies":[{"name":"wp","href":"https:\/\/api.w.org\/{rel}","templated":true}]}}