{"id":158960,"date":"2025-10-06T15:30:07","date_gmt":"2025-10-06T13:30:07","guid":{"rendered":"https:\/\/secureus.se\/?post_type=product&#038;p=158960"},"modified":"2026-04-02T15:31:21","modified_gmt":"2026-04-02T13:31:21","slug":"ekologisk-mifare-1k-rfid-tagg-vortex-eco-svart","status":"publish","type":"product","link":"https:\/\/secureus.se\/dk\/ekologisk-mifare-1k-rfid-tagg-vortex-eco-svart\/","title":{"rendered":"\u00d8kologisk MIFARE 1K RFID-tag Sort \u2013 Vortex Eco (100% genbrugsmateriale)"},"content":{"rendered":"<h3 data-start=\"729\" data-end=\"804\">Vortex Eco \u2013 B\u00e6redygtig RFID-tag lavet af 100% genbrugsmateriale<\/h3>\n<p data-start=\"806\" data-end=\"1107\"><strong data-start=\"806\" data-end=\"820\">Vortex Eco<\/strong> er en milj\u00f8venlig version af det popul\u00e6re Vortex-m\u00e6rke, lavet af <strong data-start=\"892\" data-end=\"920\">100% genbrugsmateriale<\/strong> \u2013 et b\u00e6redygtigt valg for b\u00e5de erhvervslivet og milj\u00f8et.<br data-start=\"967\" data-end=\"970\" \/>Den sorte farve er en naturlig konsekvens af den genbrugte plastik og viser tydeligt, at b\u00e6redygtighed ikke beh\u00f8ver at g\u00e5 p\u00e5 kompromis med kvaliteten.<\/p>\n<p data-start=\"1109\" data-end=\"1389\">Med hans <strong data-start=\"1117\" data-end=\"1144\">MIFARE 1K chipteknologi<\/strong> og <strong data-start=\"1149\" data-end=\"1167\">IP68-klassificering<\/strong> Vortex Eco tilbyder samme ydeevne og holdbarhed som den originale model. Det overst\u00f8bte hus beskytter mod fugt, st\u00f8v og mekanisk p\u00e5virkning, hvilket g\u00f8r taggen ideel til brug i <strong data-start=\"1353\" data-end=\"1386\">kr\u00e6vende industrielle milj\u00f8er<\/strong>.<\/p>\n<p data-start=\"1391\" data-end=\"1672\">Tagget fungerer fint i begge dele <strong data-start=\"1422\" data-end=\"1453\">indend\u00f8rs og udend\u00f8rs milj\u00f8er<\/strong>og kan modst\u00e5 temperaturer fra <strong data-start=\"1484\" data-end=\"1504\">-25\u00b0C til +85\u00b0C<\/strong>Det kompakte, ergonomiske design g\u00f8r den nem at b\u00e6re p\u00e5 en n\u00f8glering eller i et adgangskontrolsystem, samtidig med at den kan modst\u00e5 daglig brug uden at miste sin funktionalitet.<\/p>\n<hr data-start=\"1674\" data-end=\"1677\" \/>\n<h3 data-start=\"1679\" data-end=\"1708\">Hovedkarakteristika<\/h3>\n<ul data-start=\"1709\" data-end=\"2125\">\n<li data-start=\"1709\" data-end=\"1770\">\n<p data-start=\"1711\" data-end=\"1770\">Lavet af 100% genbrugsmateriale \u2013 milj\u00f8venligt valg<\/p>\n<\/li>\n<li data-start=\"1771\" data-end=\"1818\">\n<p data-start=\"1773\" data-end=\"1818\">Holdbar og vandt\u00e6t konstruktion (IP68)<\/p>\n<\/li>\n<li data-start=\"1819\" data-end=\"1865\">\n<p data-start=\"1821\" data-end=\"1865\">Udstyret med MIFARE 1K-chip (HF 13,56 MHz)<\/p>\n<\/li>\n<li data-start=\"1866\" data-end=\"1905\">\n<p data-start=\"1868\" data-end=\"1905\">Kompatibel med almindelige adgangskontrolsystemer<\/p>\n<\/li>\n<li data-start=\"1906\" data-end=\"1969\">\n<p data-start=\"1908\" data-end=\"1969\">T\u00e5ler barske milj\u00f8er, temperaturbestandig fra -25\u00b0C til +85\u00b0C<\/p>\n<\/li>\n<li data-start=\"1970\" data-end=\"2018\">\n<p data-start=\"1972\" data-end=\"2018\">Ergonomisk, slankt design for nem brug<\/p>\n<\/li>\n<li data-start=\"2019\" data-end=\"2066\">\n<p data-start=\"2021\" data-end=\"2066\">Sort farve \u2013 resultatet af genbrugsplastik<\/p>\n<\/li>\n<li data-start=\"2067\" data-end=\"2125\">\n<p data-start=\"2069\" data-end=\"2125\">Kan m\u00e6rkes med lasergravering eller -tryk (efter anmodning)<\/p>\n<\/li>\n<\/ul>\n<hr data-start=\"2127\" data-end=\"2130\" \/>\n<h3 data-start=\"2132\" data-end=\"2162\">Tekniske specifikationer<\/h3>\n<div class=\"_tableContainer_1rjym_1\">\n<div class=\"group _tableWrapper_1rjym_13 flex w-fit flex-col-reverse\">\n<table class=\"w-fit min-w-(--thread-content-width)\" data-start=\"2164\" data-end=\"2666\">\n<thead data-start=\"2164\" data-end=\"2184\">\n<tr data-start=\"2164\" data-end=\"2184\">\n<th data-start=\"2164\" data-end=\"2175\" data-col-size=\"sm\">Ejendom<\/th>\n<th data-start=\"2175\" data-end=\"2184\" data-col-size=\"md\"><\/th>\n<\/tr>\n<\/thead>\n<tbody data-start=\"2207\" data-end=\"2666\">\n<tr data-start=\"2207\" data-end=\"2234\">\n<td data-start=\"2207\" data-end=\"2220\" data-col-size=\"sm\"><strong data-start=\"2209\" data-end=\"2219\">Model<\/strong><\/td>\n<td data-start=\"2220\" data-end=\"2234\" data-col-size=\"md\">Vortex Eco<\/td>\n<\/tr>\n<tr data-start=\"2235\" data-end=\"2262\">\n<td data-start=\"2235\" data-end=\"2249\" data-col-size=\"sm\"><strong data-start=\"2237\" data-end=\"2248\">Chip type<\/strong><\/td>\n<td data-start=\"2249\" data-end=\"2262\" data-col-size=\"md\">MIFARE 1K<\/td>\n<\/tr>\n<tr data-start=\"2263\" data-end=\"2303\">\n<td data-start=\"2263\" data-end=\"2278\" data-col-size=\"sm\"><strong data-start=\"2265\" data-end=\"2277\">Materiale<\/strong><\/td>\n<td data-start=\"2278\" data-end=\"2303\" data-col-size=\"md\">100% genbrugsplast<\/td>\n<\/tr>\n<tr data-start=\"2304\" data-end=\"2324\">\n<td data-start=\"2304\" data-end=\"2315\" data-col-size=\"sm\"><strong data-start=\"2306\" data-end=\"2314\">Farve<\/strong><\/td>\n<td data-start=\"2315\" data-end=\"2324\" data-col-size=\"md\">Sort<\/td>\n<\/tr>\n<tr data-start=\"2325\" data-end=\"2356\">\n<td data-start=\"2325\" data-end=\"2336\" data-col-size=\"sm\"><strong data-start=\"2327\" data-end=\"2335\">M\u00e5le<\/strong><\/td>\n<td data-start=\"2336\" data-end=\"2356\" data-col-size=\"md\">45 \u00d7 30 \u00d7 2,2 mm<\/td>\n<\/tr>\n<tr data-start=\"2357\" data-end=\"2390\">\n<td data-start=\"2357\" data-end=\"2372\" data-col-size=\"sm\"><strong data-start=\"2359\" data-end=\"2371\">Frekvens<\/strong><\/td>\n<td data-start=\"2372\" data-end=\"2390\" data-col-size=\"md\">13,56 MHz (HF)<\/td>\n<\/tr>\n<tr data-start=\"2391\" data-end=\"2425\">\n<td data-start=\"2391\" data-end=\"2407\" data-col-size=\"sm\"><strong data-start=\"2393\" data-end=\"2406\">Protokol<\/strong><\/td>\n<td data-start=\"2407\" data-end=\"2425\" data-col-size=\"md\">ISO\/IEC 14443A<\/td>\n<\/tr>\n<tr data-start=\"2426\" data-end=\"2469\">\n<td data-start=\"2426\" data-end=\"2449\" data-col-size=\"sm\"><strong data-start=\"2428\" data-end=\"2448\">Driftstemperatur<\/strong><\/td>\n<td data-start=\"2449\" data-end=\"2469\" data-col-size=\"md\">-25\u00b0C til +85\u00b0C<\/td>\n<\/tr>\n<tr data-start=\"2470\" data-end=\"2519\">\n<td data-start=\"2470\" data-end=\"2489\" data-col-size=\"sm\"><strong data-start=\"2472\" data-end=\"2488\">IP-vurdering<\/strong><\/td>\n<td data-start=\"2489\" data-end=\"2519\" data-col-size=\"md\">IP68 \u2013 st\u00f8v- og vandt\u00e6t<\/td>\n<\/tr>\n<tr data-start=\"2520\" data-end=\"2594\">\n<td data-start=\"2520\" data-end=\"2544\" data-col-size=\"sm\"><strong data-start=\"2522\" data-end=\"2543\">Anvendelsesomr\u00e5de<\/strong><\/td>\n<td data-start=\"2544\" data-end=\"2594\" data-col-size=\"md\">Adgangskontrolsystemer, alarmer, industri, kontorer, udend\u00f8rsmilj\u00f8er<\/td>\n<\/tr>\n<tr data-start=\"2595\" data-end=\"2666\">\n<td data-start=\"2595\" data-end=\"2612\" data-col-size=\"sm\"><strong data-start=\"2597\" data-end=\"2611\">Tilpasning<\/strong><\/td>\n<td data-start=\"2612\" data-end=\"2666\" data-col-size=\"md\">Lasergravering, trykning<\/td>\n<\/tr>\n<\/tbody>\n<\/table>\n<\/div>\n<\/div>\n<hr data-start=\"2668\" data-end=\"2671\" \/>\n<h3 data-start=\"2673\" data-end=\"2699\">Milj\u00f8 og b\u00e6redygtighed<\/h3>\n<p data-start=\"2700\" data-end=\"2940\">Vortex Eco er designet til virksomheder, der \u00f8nsker at reducere deres milj\u00f8p\u00e5virkning uden at g\u00e5 p\u00e5 kompromis med kvaliteten. Ved at bruge 100% genbrugsmateriale reduceres b\u00e5de affald og CO2-udledning \u2013 en nem m\u00e5de at bidrage til en mere b\u00e6redygtig fremtid.<\/p>","protected":false},"excerpt":{"rendered":"<p>Milj\u00f8venlig RFID-tag fremstillet af 100% genbrugsmateriale. Holdbar, vandt\u00e6t (IP68) og udstyret med MIFARE 1K-chip. Perfekt til b\u00e5de indend\u00f8rs og udend\u00f8rs brug.<\/p>","protected":false},"featured_media":158958,"template":"","meta":{"_acf_changed":false},"product_brand":[],"product_cat":[4784,4884],"product_tag":[2434],"class_list":{"0":"post-158960","1":"product","2":"type-product","3":"status-publish","4":"has-post-thumbnail","6":"product_cat-mifare1k","7":"product_cat-vortex-eco-ekologiska-taggar","8":"product_tag-mifare-standard-blank-alpha","9":"pa_brands-stonehouse-security","10":"pa_chip-teknik-mifare1k","11":"pa_chip-teknik-mifare1k-ekologisk","12":"pa_farg-svart","13":"tm-no-options","15":"first","16":"instock","17":"sale","18":"taxable","19":"shipping-taxable","20":"purchasable","21":"product-type-simple"},"acf":[],"_links":{"self":[{"href":"https:\/\/secureus.se\/dk\/wp-json\/wp\/v2\/product\/158960","targetHints":{"allow":["GET"]}}],"collection":[{"href":"https:\/\/secureus.se\/dk\/wp-json\/wp\/v2\/product"}],"about":[{"href":"https:\/\/secureus.se\/dk\/wp-json\/wp\/v2\/types\/product"}],"wp:featuredmedia":[{"embeddable":true,"href":"https:\/\/secureus.se\/dk\/wp-json\/wp\/v2\/media\/158958"}],"wp:attachment":[{"href":"https:\/\/secureus.se\/dk\/wp-json\/wp\/v2\/media?parent=158960"}],"wp:term":[{"taxonomy":"product_brand","embeddable":true,"href":"https:\/\/secureus.se\/dk\/wp-json\/wp\/v2\/product_brand?post=158960"},{"taxonomy":"product_cat","embeddable":true,"href":"https:\/\/secureus.se\/dk\/wp-json\/wp\/v2\/product_cat?post=158960"},{"taxonomy":"product_tag","embeddable":true,"href":"https:\/\/secureus.se\/dk\/wp-json\/wp\/v2\/product_tag?post=158960"}],"curies":[{"name":"wp","href":"https:\/\/api.w.org\/{rel}","templated":true}]}}