{"id":159281,"date":"2025-10-17T10:09:57","date_gmt":"2025-10-17T08:09:57","guid":{"rendered":"https:\/\/secureus.se\/ajax-doorbell-dorrklocka-med-kamera-svart\/"},"modified":"2026-03-09T17:34:33","modified_gmt":"2026-03-09T16:34:33","slug":"ajax-doorbell-dorrklocka-med-kamera-svart","status":"publish","type":"product","link":"https:\/\/secureus.se\/dk\/ajax-doorbell-dorrklocka-med-kamera-svart\/","title":{"rendered":"Ajax D\u00f8rklokke \u2013 D\u00f8rklokke med Kamera \u2013 Sort"},"content":{"rendered":"<p data-start=\"959\" data-end=\"1251\"><strong data-start=\"959\" data-end=\"976\">Ajax D\u00f8rklokke<\/strong> giver dig professionel sikkerhed lige ved hovedd\u00f8ren. N\u00e5r nogen n\u00e6rmer sig, aktiveres PIR-sensoren og det AI-drevne kamera. Du f\u00e5r <strong data-start=\"1109\" data-end=\"1133\">\u00f8jeblikkelig push-notifikation<\/strong> I Ajax-appen kan du se livevideo via JetSparrow-teknologi inden for f\u00e5 sekunder og tale i realtid med krystalklar lyd.<\/p>\n<p data-start=\"1253\" data-end=\"1562\">Hvis Wi-Fi-forbindelsen g\u00e5r ned, skifter DoorBell problemfrit over til Ajax-hubben med <strong data-start=\"1327\" data-end=\"1351\">Juvelerprotokollen<\/strong> og sender begivenheder eller billeder via <strong data-start=\"1390\" data-end=\"1399\">Vinger<\/strong> \u2013 ligesom andre Ajax-detektorer. Tak for st\u00f8tten til <strong data-start=\"1455\" data-end=\"1490\">Ajax Cloud NVR (lanceres snart)<\/strong> Du kan snart gemme og afspille optagelser uden yderligere hardware.<\/p>\n<hr data-start=\"1564\" data-end=\"1567\" \/>\n<h2 data-start=\"1569\" data-end=\"1597\"><strong data-start=\"1572\" data-end=\"1597\">Funktioner og fordele<\/strong><\/h2>\n<div class=\"_tableContainer_16hzy_1\">\n<div class=\"_tableWrapper_16hzy_14 group flex w-fit flex-col-reverse\">\n<table class=\"w-fit min-w-(--thread-content-width)\" data-start=\"1599\" data-end=\"2487\">\n<thead data-start=\"1599\" data-end=\"1628\">\n<tr data-start=\"1599\" data-end=\"1628\">\n<th data-start=\"1599\" data-end=\"1614\" data-col-size=\"sm\"><strong data-start=\"1601\" data-end=\"1613\">Kategori<\/strong><\/th>\n<th data-start=\"1614\" data-end=\"1628\" data-col-size=\"md\"><strong data-start=\"1616\" data-end=\"1626\">Detalje<\/strong><\/th>\n<\/tr>\n<\/thead>\n<tbody data-start=\"1658\" data-end=\"2487\">\n<tr data-start=\"1658\" data-end=\"1737\">\n<td data-start=\"1658\" data-end=\"1671\" data-col-size=\"sm\"><strong data-start=\"1660\" data-end=\"1670\">Kamera<\/strong><\/td>\n<td data-col-size=\"md\" data-start=\"1671\" data-end=\"1737\">4MP, 2K (2560 \u00d7 1440), <strong data-start=\"1698\" data-end=\"1713\">H.264-codec<\/strong>, HDR, 155\u00b0 vidvinkel<\/td>\n<\/tr>\n<tr data-start=\"1738\" data-end=\"1805\">\n<td data-start=\"1738\" data-end=\"1756\" data-col-size=\"sm\"><strong data-start=\"1740\" data-end=\"1755\">IR-nattilstand<\/strong><\/td>\n<td data-start=\"1756\" data-end=\"1805\" data-col-size=\"md\">Smart IR op til 6 m \u2013 automatisk intensitet<\/td>\n<\/tr>\n<tr data-start=\"1806\" data-end=\"1884\">\n<td data-start=\"1806\" data-end=\"1822\" data-col-size=\"sm\"><strong data-start=\"1808\" data-end=\"1821\">AI analyse<\/strong><\/td>\n<td data-start=\"1822\" data-end=\"1884\" data-col-size=\"md\">Genkender <strong data-start=\"1835\" data-end=\"1864\">mennesker \/ dyr \/ k\u00f8ret\u00f8jer<\/strong>, zoner kan maskeres<\/td>\n<\/tr>\n<tr data-start=\"1885\" data-end=\"1960\">\n<td data-start=\"1885\" data-end=\"1902\" data-col-size=\"sm\"><strong data-start=\"1887\" data-end=\"1901\">PIR sensor<\/strong><\/td>\n<td data-start=\"1902\" data-end=\"1960\" data-col-size=\"md\">R\u00e6kkevidde \u2264 4 m, 120\u00b0 H \/ 100\u00b0 V, 3 f\u00f8lsomhedsniveauer<\/td>\n<\/tr>\n<tr data-start=\"1961\" data-end=\"2026\">\n<td data-start=\"1961\" data-end=\"1972\" data-col-size=\"sm\"><strong data-start=\"1963\" data-end=\"1971\">Sund<\/strong><\/td>\n<td data-start=\"1972\" data-end=\"2026\" data-col-size=\"md\">2-vejs, st\u00f8j- og ekkod\u00e6mpning, 70 dB alarm @ 10 cm<\/td>\n<\/tr>\n<tr data-start=\"2027\" data-end=\"2150\">\n<td data-start=\"2027\" data-end=\"2047\" data-col-size=\"sm\"><strong data-start=\"2029\" data-end=\"2046\">Meddelelse<\/strong><\/td>\n<td data-start=\"2047\" data-end=\"2150\" data-col-size=\"md\">Wi-Fi 802.11 b\/g\/n 2,4 GHz (\u2264 2 Mbit\/s)<br \/>\nJuvelerradio \u2264 1.700 m<br \/>\nVinger til billedoverf\u00f8rsel<\/td>\n<\/tr>\n<tr data-start=\"2151\" data-end=\"2231\">\n<td data-start=\"2151\" data-end=\"2166\" data-col-size=\"sm\"><strong data-start=\"2153\" data-end=\"2165\">Sikkerhed<\/strong><\/td>\n<td data-start=\"2166\" data-end=\"2231\" data-col-size=\"md\">mTLS-kryptering, sikker opstart, manipulationsknap, frekvenshopping<\/td>\n<\/tr>\n<tr data-start=\"2232\" data-end=\"2313\">\n<td data-start=\"2232\" data-end=\"2244\" data-col-size=\"sm\"><strong data-start=\"2234\" data-end=\"2243\">Str\u00f8m<\/strong><\/td>\n<td data-start=\"2244\" data-end=\"2313\" data-col-size=\"md\">12\u201324V DC \/ 16\u201324V AC, <strong data-start=\"2271\" data-end=\"2281\">\u2264 10W<\/strong>, Li-ion 600 mAh backup-batteri<\/td>\n<\/tr>\n<tr data-start=\"2314\" data-end=\"2364\">\n<td data-start=\"2314\" data-end=\"2331\" data-col-size=\"sm\"><strong data-start=\"2316\" data-end=\"2330\">Driftsmilj\u00f8<\/strong><\/td>\n<td data-start=\"2331\" data-end=\"2364\" data-col-size=\"md\">\u201325 \u2026 +60 \u00b0C, \u2264 90 % RF, IP54<\/td>\n<\/tr>\n<tr data-start=\"2365\" data-end=\"2410\">\n<td data-start=\"2365\" data-end=\"2383\" data-col-size=\"sm\"><strong data-start=\"2367\" data-end=\"2382\">Dimensioner \/ V\u00e6gt<\/strong><\/td>\n<td data-start=\"2383\" data-end=\"2410\" data-col-size=\"md\">145 \u00d7 47 \u00d7 34 mm, 163 g<\/td>\n<\/tr>\n<tr data-start=\"2411\" data-end=\"2487\">\n<td data-start=\"2411\" data-end=\"2427\" data-col-size=\"sm\"><strong data-start=\"2413\" data-end=\"2426\">Montering<\/strong><\/td>\n<td data-start=\"2427\" data-end=\"2487\" data-col-size=\"md\">SmartBracket med fastg\u00f8relsesskrue, anbefalet h\u00f8jde 1,2\u20131,5 m<\/td>\n<\/tr>\n<\/tbody>\n<\/table>\n<div class=\"sticky end-(--thread-content-margin) h-0 self-end select-none\">\n<div class=\"absolute end-0 flex items-end\"><\/div>\n<\/div>\n<\/div>\n<\/div>\n<hr data-start=\"2489\" data-end=\"2492\" \/>\n<h2 data-start=\"585\" data-end=\"635\"><strong data-start=\"602\" data-end=\"635\">Nem installation og opstart<\/strong><\/h2>\n<ul data-start=\"637\" data-end=\"940\">\n<li data-start=\"637\" data-end=\"717\">\n<p data-start=\"639\" data-end=\"717\"><strong data-start=\"639\" data-end=\"661\">Parring via QR-kode<\/strong> \u2013 scan i Ajax-appen for direkte forbindelse til hubben.<\/p>\n<\/li>\n<li data-start=\"718\" data-end=\"794\">\n<p data-start=\"720\" data-end=\"794\"><strong data-start=\"720\" data-end=\"742\">Fuld fjernbetjening<\/strong> \u2013 konfigurer zoner, AI-filtre og notifikationer i appen.<\/p>\n<\/li>\n<li data-start=\"795\" data-end=\"863\">\n<p data-start=\"797\" data-end=\"863\"><strong data-start=\"797\" data-end=\"819\">SmartBracket-panel<\/strong> \u2013 fastg\u00f8r d\u00f8rklokken uden at \u00e5bne huset.<\/p>\n<\/li>\n<li data-start=\"864\" data-end=\"940\">\n<p data-start=\"866\" data-end=\"940\"><strong data-start=\"866\" data-end=\"884\">BellKit-omg\u00e5else<\/strong> \u2013 g\u00f8r det muligt at forbinde DoorBell til din eksisterende kablede d\u00f8rklokke.<\/p>\n<\/li>\n<\/ul>\n<hr data-start=\"2912\" data-end=\"2915\" \/>\n<h2 data-start=\"126\" data-end=\"165\"><strong data-start=\"143\" data-end=\"165\">Pakken indeholder<\/strong><\/h2>\n<div class=\"_tableContainer_16hzy_1\">\n<div class=\"_tableWrapper_16hzy_14 group flex w-fit flex-col-reverse\">\n<table class=\"w-fit min-w-(--thread-content-width)\" data-start=\"167\" data-end=\"470\">\n<thead data-start=\"167\" data-end=\"186\">\n<tr data-start=\"167\" data-end=\"186\">\n<th data-start=\"167\" data-end=\"171\" data-col-size=\"md\">#<\/th>\n<th data-start=\"171\" data-end=\"177\" data-col-size=\"sm\">Del<\/th>\n<th data-start=\"177\" data-end=\"186\" data-col-size=\"sm\">Antal<\/th>\n<\/tr>\n<\/thead>\n<tbody data-start=\"207\" data-end=\"470\">\n<tr data-start=\"207\" data-end=\"235\">\n<td data-start=\"207\" data-end=\"230\" data-col-size=\"md\">\u2460 <strong data-start=\"211\" data-end=\"229\">D\u00f8rklokkeenhed<\/strong><\/td>\n<td data-start=\"230\" data-end=\"235\" data-col-size=\"sm\">1<\/td>\n<td data-col-size=\"sm\"><\/td>\n<\/tr>\n<tr data-start=\"236\" data-end=\"278\">\n<td data-start=\"236\" data-end=\"273\" data-col-size=\"md\">\u2461 <strong data-start=\"240\" data-end=\"256\">SmartBracket<\/strong> monteringspanel<\/td>\n<td data-start=\"273\" data-end=\"278\" data-col-size=\"sm\">1<\/td>\n<td data-col-size=\"sm\"><\/td>\n<\/tr>\n<tr data-start=\"279\" data-end=\"317\">\n<td data-start=\"279\" data-end=\"312\" data-col-size=\"md\">\u2462 <strong data-start=\"283\" data-end=\"300\">Kilebeslag<\/strong> (5\u00b0 + 15\u00b0)<\/td>\n<td data-start=\"312\" data-end=\"317\" data-col-size=\"sm\">2<\/td>\n<td data-col-size=\"sm\"><\/td>\n<\/tr>\n<tr data-start=\"318\" data-end=\"380\">\n<td data-start=\"318\" data-end=\"375\" data-col-size=\"md\">\u2463 <strong data-start=\"322\" data-end=\"340\">BellKit-omg\u00e5else<\/strong> (opret forbindelse til eksisterende ringetone)<\/td>\n<td data-start=\"375\" data-end=\"380\" data-col-size=\"sm\">1<\/td>\n<td data-col-size=\"sm\"><\/td>\n<\/tr>\n<tr data-start=\"381\" data-end=\"427\">\n<td data-start=\"381\" data-end=\"422\" data-col-size=\"md\">\u2464 <strong data-start=\"385\" data-end=\"405\">Installationss\u00e6t<\/strong> (skrue og prop)<\/td>\n<td data-start=\"422\" data-end=\"427\" data-col-size=\"sm\">1<\/td>\n<td data-col-size=\"sm\"><\/td>\n<\/tr>\n<tr data-start=\"428\" data-end=\"470\">\n<td data-start=\"428\" data-end=\"465\" data-col-size=\"md\">\u2465 <strong data-start=\"432\" data-end=\"453\">Hurtigstartguide<\/strong><\/td>\n<td data-start=\"465\" data-end=\"470\" data-col-size=\"sm\">1<\/td>\n<td data-col-size=\"sm\"><\/td>\n<\/tr>\n<\/tbody>\n<\/table>\n<div class=\"sticky end-(--thread-content-margin) h-0 self-end select-none\">\n<div class=\"absolute end-0 flex items-end\"><em data-start=\"474\" data-end=\"578\"><br \/>\nDer medf\u00f8lger ikke et separat str\u00f8mkabel \u2013 enheden tilsluttes et eksisterende 12-24 V DC- eller 16-24 V AC-net.<\/em><\/div>\n<\/div>\n<\/div>\n<\/div>\n<div class=\"_tableContainer_16hzy_1\"><\/div>\n<div class=\"_tableContainer_16hzy_1\"><\/div>","protected":false},"excerpt":{"rendered":"<p data-start=\"113\" data-end=\"195\">\ud83d\udcf8 <strong data-start=\"116\" data-end=\"154\">4 MP kamera (2 K), 155\u00b0 FoV + HDR<\/strong> \u2013 klare detaljer selv i st\u00e6rkt modlys<\/p>\n<p data-start=\"113\" data-end=\"195\">\ud83c\udf19 <strong data-start=\"201\" data-end=\"235\">Smart IR-nattilstand op til 6 m<\/strong> \u2013 automatisk lysjustering, ingen overeksponerede ansigter<\/p>\n<p data-start=\"299\" data-end=\"380\">\ud83e\udde0 <strong data-start=\"302\" data-end=\"326\">AI-genkendelse + PIR<\/strong> \u2013 skelner mellem mennesker, dyr og k\u00f8ret\u00f8jer, f\u00e6rre falske alarmer<\/p>\n<p data-start=\"383\" data-end=\"444\">\ud83d\udd0a <strong data-start=\"386\" data-end=\"401\">2-vejs lyd<\/strong> \u2013 st\u00f8j- og ekkod\u00e6mpning for klare samtaler<\/p>\n<p data-start=\"447\" data-end=\"533\">\ud83d\udce1 <strong data-start=\"450\" data-end=\"474\">Dobbelt kommunikation<\/strong> \u2013 Wi-Fi 2,4 GHz <strong data-start=\"491\" data-end=\"520\">+ Juvelerradio (1,7 km)<\/strong> som en backup<\/p>\n<p data-start=\"536\" data-end=\"609\">\ud83c\udfa6 <strong data-start=\"539\" data-end=\"564\">JetSparrow\u2122-streaming<\/strong> \u2013 livevideo i Ajax-appen uden forsinkelse<\/p>\n<p data-start=\"612\" data-end=\"692\">\ud83d\udee1\ufe0f <strong data-start=\"616\" data-end=\"651\">mTLS-kryptering og manipulationsalarm<\/strong> \u2013 h\u00f8jeste databeskyttelse og fysiske sikkerhed<\/p>\n<p data-start=\"695\" data-end=\"777\">\ud83d\udd0b <strong data-start=\"698\" data-end=\"740\">Str\u00f8madapter + 600 mAh ekstra batteri<\/strong> \u2013 forts\u00e6tter selv ved str\u00f8mafbrydelse<\/p>\n<p data-start=\"780\" data-end=\"837\">\u2614 <strong data-start=\"782\" data-end=\"804\">IP54, \u201325 \u2026 +60 \u00b0C<\/strong> \u2013 bygget til nordisk udend\u00f8rsklima<\/p>\n<p data-start=\"840\" data-end=\"925\">\ud83d\ude80 <strong data-start=\"843\" data-end=\"879\">Klar til kommende Ajax Cloud NVR<\/strong> \u2013 fremtidssikret lagring og fjernafspilning<\/p>","protected":false},"featured_media":159280,"template":"","meta":{"_acf_changed":false},"product_brand":[],"product_cat":[4011,3156,3157],"product_tag":[4863],"class_list":{"0":"post-159281","1":"product","2":"type-product","3":"status-publish","4":"has-post-thumbnail","6":"product_cat-ajax-kameror","7":"product_cat-rorelse-och-kamera","8":"product_cat-utomhussakerhet","9":"product_tag-pf","10":"pa_brands-ajax-systems","11":"pa_farg-svart","12":"tm-no-options","14":"first","15":"instock","16":"sale","17":"taxable","18":"shipping-taxable","19":"purchasable","20":"product-type-simple"},"acf":[],"_links":{"self":[{"href":"https:\/\/secureus.se\/dk\/wp-json\/wp\/v2\/product\/159281","targetHints":{"allow":["GET"]}}],"collection":[{"href":"https:\/\/secureus.se\/dk\/wp-json\/wp\/v2\/product"}],"about":[{"href":"https:\/\/secureus.se\/dk\/wp-json\/wp\/v2\/types\/product"}],"wp:featuredmedia":[{"embeddable":true,"href":"https:\/\/secureus.se\/dk\/wp-json\/wp\/v2\/media\/159280"}],"wp:attachment":[{"href":"https:\/\/secureus.se\/dk\/wp-json\/wp\/v2\/media?parent=159281"}],"wp:term":[{"taxonomy":"product_brand","embeddable":true,"href":"https:\/\/secureus.se\/dk\/wp-json\/wp\/v2\/product_brand?post=159281"},{"taxonomy":"product_cat","embeddable":true,"href":"https:\/\/secureus.se\/dk\/wp-json\/wp\/v2\/product_cat?post=159281"},{"taxonomy":"product_tag","embeddable":true,"href":"https:\/\/secureus.se\/dk\/wp-json\/wp\/v2\/product_tag?post=159281"}],"curies":[{"name":"wp","href":"https:\/\/api.w.org\/{rel}","templated":true}]}}