{"id":159481,"date":"2025-10-24T12:15:19","date_gmt":"2025-10-24T10:15:19","guid":{"rendered":"https:\/\/secureus.se\/larmsandare-enicom-en54-21-certifierad-for-brandlarm-hogsakerhetsanlaggningar\/"},"modified":"2025-12-31T22:05:04","modified_gmt":"2025-12-31T21:05:04","slug":"larmsandare-enicom-en54-21","status":"publish","type":"product","link":"https:\/\/secureus.se\/dk\/larmsandare-enicom-en54-21\/","title":{"rendered":"Alarmsender EniCom EN54-21 certificeret til brandalarmer og h\u00f8jsikkerhedssystemer"},"content":{"rendered":"<h1 data-start=\"693\" data-end=\"779\">Alarmsender EniCom EN54-21 certificeret til brandalarmer og h\u00f8jsikkerhedssystemer<\/h1>\n<p data-start=\"781\" data-end=\"1135\">Alarmsender EniCom 4G er en professionel og certificeret alarmsender i henhold til <strong data-start=\"846\" data-end=\"857\">EN54-21<\/strong>, specielt designet til brandalarmsystemer og applikationer, hvor sikker og redundant signaltransmission er afg\u00f8rende.<\/p>\n<p data-start=\"781\" data-end=\"1135\">Med st\u00f8tte til <strong data-start=\"985\" data-end=\"997\">Ethernet<\/strong> og <strong data-start=\"1002\" data-end=\"1012\">4G\/LTE<\/strong> Enheden kan opretholde alarmkommunikation selv i tilf\u00e6lde af netv\u00e6rksfejl \u2013 perfekt til bygninger, industri og brandstationer.<\/p>\n<p data-start=\"1137\" data-end=\"1483\"><strong data-start=\"1137\" data-end=\"1184\">Dobbelt kommunikationsvej med fuld redundans<\/strong><br data-start=\"1184\" data-end=\"1187\" \/>Prim\u00e6r kommunikation foreg\u00e5r via Ethernet (LAN), mens GSM\/4G-netv\u00e6rket bruges som backup eller parallel sti.<\/p>\n<p data-start=\"1137\" data-end=\"1483\">Der kan defineres op til fire uafh\u00e6ngige kommunikationsstier med individuelle IP-adresser og servere.<\/p>\n<p data-start=\"1137\" data-end=\"1483\">Det underst\u00f8tter <strong data-start=\"1406\" data-end=\"1419\">SIA DC-09<\/strong>-protokol til sikker IP-baseret transmission til alarmcentraler.<\/p>\n<p data-start=\"1485\" data-end=\"1881\"><strong data-start=\"1485\" data-end=\"1519\">Fleksible indgange og udgange<\/strong><br data-start=\"1519\" data-end=\"1522\" \/>Enheden har fire indgange, der kan konfigureres som NO, NC, EOL eller 2EOL, med mulighed for <strong data-start=\"1616\" data-end=\"1633\">zoneduplikering<\/strong> for op til otte logiske indgange.<\/p>\n<p data-start=\"1485\" data-end=\"1881\">Med <strong data-start=\"1674\" data-end=\"1692\">EC-84 ekspander<\/strong> Systemet kan udvides til i alt 64 indgange og 32 udgange.<\/p>\n<p data-start=\"1485\" data-end=\"1881\">De to OC-udgange kan konfigureres som NO\/NC og bistabile eller monostabile, hvilket giver stor fleksibilitet i integrationen.<\/p>\n<p data-start=\"1883\" data-end=\"2339\"><strong data-start=\"1883\" data-end=\"1928\">Avancerede funktioner og cloud-forbindelse<\/strong><br data-start=\"1928\" data-end=\"1931\" \/>ENiCom 4G kan modtage Contact ID-h\u00e6ndelser via PSTN-simulering og videresende dem via Ethernet eller 4G til fire overv\u00e5gningsservere.<\/p>\n<p data-start=\"1883\" data-end=\"2339\">Det har <strong data-start=\"2078\" data-end=\"2095\">underst\u00f8ttelse af dobbelt SIM-kort<\/strong>, <strong data-start=\"2097\" data-end=\"2115\">cloud-forbindelse<\/strong>, <strong data-start=\"2117\" data-end=\"2139\">fjernprogrammering<\/strong>, <strong data-start=\"2141\" data-end=\"2164\">SMS-videresendelse<\/strong>, s\u00e5vel som <strong data-start=\"2171\" data-end=\"2198\">krypteret kommunikation<\/strong> for maksimal sikkerhed.<br data-start=\"2219\" data-end=\"2222\" \/>256 h\u00e6ndelser logges med tidsstempel (512 i den udvidede version), og firmware kan opdateres direkte via USB eller skyen.<\/p>\n<p data-start=\"2341\" data-end=\"2557\"><strong data-start=\"2341\" data-end=\"2373\">EN54-21 certificeret sikkerhed<\/strong><br data-start=\"2373\" data-end=\"2376\" \/>Certificeringen garanterer, at kommunikatoren opfylder europ\u00e6iske krav til brandalarmtransmission, hvilket g\u00f8r den ideel til ethvert system, hvor driftssikkerhed og redundans er afg\u00f8rende.<\/p>\n<p data-start=\"2559\" data-end=\"2583\"><strong data-start=\"2559\" data-end=\"2581\">Anvendelsesomr\u00e5der<\/strong><\/p>\n<ul data-start=\"2584\" data-end=\"2805\">\n<li data-start=\"2584\" data-end=\"2623\">\n<p data-start=\"2586\" data-end=\"2623\">Brandalarm- og r\u00f8gdetekteringssystemer<\/p>\n<\/li>\n<li data-start=\"2624\" data-end=\"2673\">\n<p data-start=\"2626\" data-end=\"2673\">Sikkerheds- og indbrudsalarmer med h\u00f8j redundans<\/p>\n<\/li>\n<li data-start=\"2674\" data-end=\"2722\">\n<p data-start=\"2676\" data-end=\"2722\">Industribygninger og offentlige bygninger<\/p>\n<\/li>\n<li data-start=\"2723\" data-end=\"2761\">\n<p data-start=\"2725\" data-end=\"2761\">Fjernoverv\u00e5gning via cloud eller IP<\/p>\n<\/li>\n<li data-start=\"2762\" data-end=\"2805\">\n<p data-start=\"2764\" data-end=\"2805\">Systemer, der kr\u00e6ver EN54-21-certificering<\/p>\n<\/li>\n<\/ul>\n<hr data-start=\"2807\" data-end=\"2810\" \/>\n<h3 data-start=\"2812\" data-end=\"2844\"><strong data-start=\"2816\" data-end=\"2844\">Tekniske specifikationer<\/strong><\/h3>\n<ul data-start=\"2845\" data-end=\"3623\">\n<li data-start=\"2845\" data-end=\"2874\">\n<p data-start=\"2847\" data-end=\"2874\"><strong data-start=\"2847\" data-end=\"2864\">Certificering:<\/strong> EN54-21<\/p>\n<\/li>\n<li data-start=\"2875\" data-end=\"2930\">\n<p data-start=\"2877\" data-end=\"2930\"><strong data-start=\"2877\" data-end=\"2895\">Meddelelse:<\/strong> Ethernet (LAN), GSM\/4G\/LTE, GPRS<\/p>\n<\/li>\n<li data-start=\"2931\" data-end=\"2959\">\n<p data-start=\"2933\" data-end=\"2959\"><strong data-start=\"2933\" data-end=\"2947\">Protokol:<\/strong> SIA DC-09<\/p>\n<\/li>\n<li data-start=\"2960\" data-end=\"2986\">\n<p data-start=\"2962\" data-end=\"2986\"><strong data-start=\"2962\" data-end=\"2970\">SIM-kort:<\/strong> Dobbelt nano-SIM-kort<\/p>\n<\/li>\n<li data-start=\"2987\" data-end=\"3040\">\n<p data-start=\"2989\" data-end=\"3040\"><strong data-start=\"2989\" data-end=\"3002\">Indgange:<\/strong> 4 stk. (NO\/NC\/EOL\/2EOL\/zone-duplikering)<\/p>\n<\/li>\n<li data-start=\"3041\" data-end=\"3083\">\n<p data-start=\"3043\" data-end=\"3083\"><strong data-start=\"3043\" data-end=\"3056\">Udgange:<\/strong> 2 OC (NO\/NC\/F\u00f8lger)<\/p>\n<\/li>\n<li data-start=\"3084\" data-end=\"3159\">\n<p data-start=\"3086\" data-end=\"3159\"><strong data-start=\"3086\" data-end=\"3110\">Mulighed for udvidelse:<\/strong> EC-84 (8 indgange + 4 udgange, maks. 8 moduler)<\/p>\n<\/li>\n<li data-start=\"3160\" data-end=\"3208\">\n<p data-start=\"3162\" data-end=\"3208\"><strong data-start=\"3162\" data-end=\"3176\">H\u00e6ndelseslog:<\/strong> 512 begivenheder med tidsstempel<\/p>\n<\/li>\n<li data-start=\"3209\" data-end=\"3279\">\n<p data-start=\"3211\" data-end=\"3279\"><strong data-start=\"3211\" data-end=\"3228\">Forbindelser:<\/strong> RJ45 Ethernet 10\/100 Base-T, USB 2.0, SMA-antenne<\/p>\n<\/li>\n<li data-start=\"3280\" data-end=\"3316\">\n<p data-start=\"3282\" data-end=\"3316\"><strong data-start=\"3282\" data-end=\"3303\">Str\u00f8mforsyning:<\/strong> 10\u201328 VDC<\/p>\n<\/li>\n<li data-start=\"3317\" data-end=\"3376\">\n<p data-start=\"3319\" data-end=\"3376\"><strong data-start=\"3319\" data-end=\"3340\">Str\u00f8mforbrug:<\/strong> 150 mA (dvaletilstand) \/ 1000 mA (maks.)<\/p>\n<\/li>\n<li data-start=\"3377\" data-end=\"3410\">\n<p data-start=\"3379\" data-end=\"3410\"><strong data-start=\"3379\" data-end=\"3400\">Arbejdstemperatur:<\/strong> 0-50\u00b0C<\/p>\n<\/li>\n<li data-start=\"3411\" data-end=\"3446\">\n<p data-start=\"3413\" data-end=\"3446\"><strong data-start=\"3413\" data-end=\"3439\">Relativ luftfugtighed:<\/strong> 60 %<\/p>\n<\/li>\n<li data-start=\"3447\" data-end=\"3489\">\n<p data-start=\"3449\" data-end=\"3489\"><strong data-start=\"3449\" data-end=\"3470\">Dimensioner (B x L x H):<\/strong> 135 x 95 x 25 mm<\/p>\n<\/li>\n<li data-start=\"3490\" data-end=\"3509\">\n<p data-start=\"3492\" data-end=\"3509\"><strong data-start=\"3492\" data-end=\"3501\">V\u00e6gt:<\/strong> 140 g<\/p>\n<\/li>\n<li data-start=\"3510\" data-end=\"3563\">\n<p data-start=\"3512\" data-end=\"3563\"><strong data-start=\"3512\" data-end=\"3525\">Materiale:<\/strong> Plastikhus med SMA-antennestik<\/p>\n<\/li>\n<li data-start=\"3564\" data-end=\"3623\">\n<p data-start=\"3566\" data-end=\"3623\"><strong data-start=\"3566\" data-end=\"3584\">Programmering:<\/strong> SMS, USB, Cloud, ProRead-software<\/p>\n<\/li>\n<\/ul>","protected":false},"excerpt":{"rendered":"<p>Alarmsenderen ENiCom 4G er en EN54-21-certificeret alarmsender udviklet til brandalarmer og sikkerhedssystemer med krav til redundant signaltransmission.<\/p>\n<p>Den kombinerer Ethernet- og 4G\/LTE-kommunikation, har 4 redundante indgange, 2 udgange, cloud-forbindelse og underst\u00f8ttelse af SIA DC-09-protokollen \u2013 for maksimal p\u00e5lidelighed i kritiske brandsystemer.<\/p>","protected":false},"featured_media":159477,"template":"","meta":{"_acf_changed":false},"product_brand":[],"product_cat":[1551],"product_tag":[],"class_list":{"0":"post-159481","1":"product","2":"type-product","3":"status-publish","4":"has-post-thumbnail","6":"product_cat-larmoverforing","7":"pa_brands-asc","8":"tm-no-options","10":"first","11":"instock","12":"taxable","13":"shipping-taxable","14":"purchasable","15":"product-type-simple"},"acf":[],"_links":{"self":[{"href":"https:\/\/secureus.se\/dk\/wp-json\/wp\/v2\/product\/159481","targetHints":{"allow":["GET"]}}],"collection":[{"href":"https:\/\/secureus.se\/dk\/wp-json\/wp\/v2\/product"}],"about":[{"href":"https:\/\/secureus.se\/dk\/wp-json\/wp\/v2\/types\/product"}],"wp:featuredmedia":[{"embeddable":true,"href":"https:\/\/secureus.se\/dk\/wp-json\/wp\/v2\/media\/159477"}],"wp:attachment":[{"href":"https:\/\/secureus.se\/dk\/wp-json\/wp\/v2\/media?parent=159481"}],"wp:term":[{"taxonomy":"product_brand","embeddable":true,"href":"https:\/\/secureus.se\/dk\/wp-json\/wp\/v2\/product_brand?post=159481"},{"taxonomy":"product_cat","embeddable":true,"href":"https:\/\/secureus.se\/dk\/wp-json\/wp\/v2\/product_cat?post=159481"},{"taxonomy":"product_tag","embeddable":true,"href":"https:\/\/secureus.se\/dk\/wp-json\/wp\/v2\/product_tag?post=159481"}],"curies":[{"name":"wp","href":"https:\/\/api.w.org\/{rel}","templated":true}]}}