{"id":159720,"date":"2025-11-03T11:31:00","date_gmt":"2025-11-03T10:31:00","guid":{"rendered":"https:\/\/secureus.se\/?post_type=product&#038;p=159720"},"modified":"2026-03-25T15:26:19","modified_gmt":"2026-03-25T14:26:19","slug":"slutbleck-easy-fix-22mm-massing","status":"publish","type":"product","link":"https:\/\/secureus.se\/dk\/slutbleck-easy-fix-22mm-massing\/","title":{"rendered":"Slutbleg Easy-Fix 2,2 mm messing"},"content":{"rendered":"<p>AGB Easy-Fix XT er et slutblik designet til at g\u00f8re det nemt for d\u00f8rproducenter og installat\u00f8rer. Slutblikket er en simpel frontplade, der suppleres af et d\u00e6ksel, der nemt klikkes p\u00e5. D\u00e6ksel medf\u00f8lger ikke, se under &quot;Kombiner med&quot;. Passer til l\u00e5sehuse Polaris 2XT og Revolution XT.<\/p>\n<p><b>Egenskaber:<\/b><\/p>\n<ul>\n<li>Nem at fr\u00e6se i bagefter<\/li>\n<li>Klikbar frakke<\/li>\n<li>Bredde: 22 mm<\/li>\n<li>L\u00e6ngde: 82 mm<\/li>\n<li>Tykkelse: 2,2 mm<\/li>\n<li>Tungest\u00f8rrelse: 3 eller 5 mm uden d\u00e6ksel<\/li>\n<\/ul>","protected":false},"excerpt":{"rendered":"<p>AGB Easy-Fix XT \u00e4r ett slutbleck designats f\u00f6r att g\u00f6ra det enkelt f\u00f6r d\u00f6rrtillverkare och m\u00f6nt\u00f6rer. Slutblecket \u00e4r en enkel front pl\u00e5t som kompletteras med en kappa som enkelt klickas<\/p>","protected":false},"featured_media":159718,"template":"","meta":{"_acf_changed":false},"product_brand":[],"product_cat":[4891],"product_tag":[],"class_list":{"0":"post-159720","1":"product","2":"type-product","3":"status-publish","4":"has-post-thumbnail","6":"product_cat-slutbleck-och-tillbehor","7":"pa_brands-agb","8":"tm-no-options","10":"first","11":"instock","12":"taxable","13":"shipping-taxable","14":"purchasable","15":"product-type-simple"},"acf":[],"_links":{"self":[{"href":"https:\/\/secureus.se\/dk\/wp-json\/wp\/v2\/product\/159720","targetHints":{"allow":["GET"]}}],"collection":[{"href":"https:\/\/secureus.se\/dk\/wp-json\/wp\/v2\/product"}],"about":[{"href":"https:\/\/secureus.se\/dk\/wp-json\/wp\/v2\/types\/product"}],"wp:featuredmedia":[{"embeddable":true,"href":"https:\/\/secureus.se\/dk\/wp-json\/wp\/v2\/media\/159718"}],"wp:attachment":[{"href":"https:\/\/secureus.se\/dk\/wp-json\/wp\/v2\/media?parent=159720"}],"wp:term":[{"taxonomy":"product_brand","embeddable":true,"href":"https:\/\/secureus.se\/dk\/wp-json\/wp\/v2\/product_brand?post=159720"},{"taxonomy":"product_cat","embeddable":true,"href":"https:\/\/secureus.se\/dk\/wp-json\/wp\/v2\/product_cat?post=159720"},{"taxonomy":"product_tag","embeddable":true,"href":"https:\/\/secureus.se\/dk\/wp-json\/wp\/v2\/product_tag?post=159720"}],"curies":[{"name":"wp","href":"https:\/\/api.w.org\/{rel}","templated":true}]}}