{"id":160024,"date":"2025-11-21T11:12:24","date_gmt":"2025-11-21T10:12:24","guid":{"rendered":"https:\/\/secureus.se\/?post_type=product&#038;p=160024"},"modified":"2026-04-01T12:16:13","modified_gmt":"2026-04-01T10:16:13","slug":"axis-t91g61-vaggfaste-vit","status":"publish","type":"product","link":"https:\/\/secureus.se\/dk\/axis-t91g61-vaggfaste-vit\/","title":{"rendered":"AXIS T91G61 v\u00e6gbeslag, hvid"},"content":{"rendered":"<h1>AXIS T91G61 v\u00e6gbeslag, hvid<\/h1>\n<div class=\"dad65929\">\n<div class=\"_4f9bf79 d7dc56a8 _43c05b5\">\n<div class=\"ds-message _63c77b1\">\n<div class=\"ds-markdown\">\n<p class=\"ds-markdown-paragraph\">AXIS T91G61 er et f\u00f8rsteklasses v\u00e6gbeslag, der kombinerer robust holdbarhed med intelligent design for at forenkle installationen og beskytte dit v\u00e6rdifulde kameraudstyr.<\/p>\n<p class=\"ds-markdown-paragraph\">Den er specielt designet til kr\u00e6vende milj\u00f8er og avancerede kameraer s\u00e5som PTZ og multisensormodeller.<\/p>\n<p class=\"ds-markdown-paragraph\">Med sin integrerede beskyttelse og brugervenlige design reducerer den b\u00e5de installationstiden og det langsigtede vedligeholdelsesbehov.<\/p>\n<p class=\"ds-markdown-paragraph\"><strong>Beskyttelse og kapacitet i fokus<\/strong><\/p>\n<p class=\"ds-markdown-paragraph\">Mountens st\u00f8rste fordel er dens evne til at\u00a0<strong>beskytter tilbeh\u00f8r og kabler<\/strong>\u00a0inde i selve strukturen.<\/p>\n<p class=\"ds-markdown-paragraph\">Det giver sikker opbevaringsplads til komponenter s\u00e5som midspans (str\u00f8mforsyninger) og mediekonvertere og beskytter dem mod vejr, vind, st\u00f8d og korrosion.<\/p>\n<p class=\"ds-markdown-paragraph\">Dette eliminerer behovet for eksterne kabinetter, giver et renere installationsudseende og sikrer, at alle kritiske komponenter er lige s\u00e5 beskyttet som kameraet.<\/p>\n<p class=\"ds-markdown-paragraph\">Med beskyttelsesklasse\u00a0<strong>IP66<\/strong>\u00a0er den fuldst\u00e6ndig beskyttet mod st\u00f8v og kraftige vandst\u00e6nk, og med\u00a0<strong>IK10<\/strong>-klassificering, kan den modst\u00e5 kraftige st\u00f8d \u2013 hvilket g\u00f8r den velegnet til stort set alle milj\u00f8er, fra f\u00f8lsomme indend\u00f8rsmilj\u00f8er til barske udend\u00f8rs steder.<\/p>\n<p class=\"ds-markdown-paragraph\"><strong>Str\u00f8mlin installationen<\/strong><br \/>\nTid er dyrebar, og AXIS T91G61 er designet til at spare p\u00e5 den.<\/p>\n<p class=\"ds-markdown-paragraph\">De\u00a0<strong>pr\u00e6konfektioneret Ethernet-kabel med et IP66-klassificeret RJ45-stik<\/strong>\u00a0giver dig mulighed for \u00f8jeblikkeligt at tilslutte kameraet til netv\u00e6rk og str\u00f8m uden at skulle samle og forsegle stik p\u00e5 stedet.<\/p>\n<p class=\"ds-markdown-paragraph\">Derudover har beslaget\u00a0<strong>samme hulm\u00f8nster som Axis&#039; standardbeslag til PTZ-kameraer og er ogs\u00e5 kompatibel med Pelcos monteringsstandard<\/strong>.<\/p>\n<p class=\"ds-markdown-paragraph\">Det betyder, at du nemt kan opgradere en eksisterende installation uden at skulle bore nye huller i v\u00e6ggen, hvilket sparer betydelig tid og kr\u00e6fter.<\/p>\n<p class=\"ds-markdown-paragraph\"><strong>Robust konstruktion og alsidighed<\/strong><br \/>\nLavet af\u00a0<strong>pulverlakeret aluminium<\/strong>\u00a0Beslaget er b\u00e5de let og ekstremt holdbart.<\/p>\n<p class=\"ds-markdown-paragraph\">Den hvide farve (NCS S 1002-B) passer i de fleste milj\u00f8er.<\/p>\n<p class=\"ds-markdown-paragraph\">Med en\u00a0<strong>maksimal belastning p\u00e5 30 kg<\/strong>\u00a0Den h\u00e5ndterer tunge PTZ-kameraer uden problemer.<\/p>\n<p class=\"ds-markdown-paragraph\">Til kabelf\u00f8ring er der fleksibilitet med et kabinethul p\u00e5 bagsiden samt to 3\/4\u2033 r\u00f8rindl\u00f8b p\u00e5 undersiden, s\u00e5 kabler kan f\u00f8res internt eller eksternt efter behov.<\/p>\n<p class=\"ds-markdown-paragraph\">Beslaget kan ogs\u00e5 monteres p\u00e5 s\u00f8jler og hj\u00f8rner ved hj\u00e6lp af tilbeh\u00f8r.<\/p>\n<p class=\"ds-markdown-paragraph\"><strong>Teknisk opsummering:<\/strong><\/p>\n<ul>\n<li>\n<p class=\"ds-markdown-paragraph\"><strong>Kompatibilitet:<\/strong>\u00a0Passer til blandt andet AXIS Q3709-PVE, Q6000-E-serien, P65-serien, Q60-serien og Q61-serien.<\/p>\n<\/li>\n<li>\n<p class=\"ds-markdown-paragraph\"><strong>Materiale og farve:<\/strong>\u00a0Pulverlakeret aluminium, hvid (NCS S 1002-B).<\/p>\n<\/li>\n<li>\n<p class=\"ds-markdown-paragraph\"><strong>Dimensioner:<\/strong>\u00a0185 x 214 x 404 mm.<\/p>\n<\/li>\n<li>\n<p class=\"ds-markdown-paragraph\"><strong>V\u00e6gt:<\/strong>\u00a03,5 kg.<\/p>\n<\/li>\n<li>\n<p class=\"ds-markdown-paragraph\"><strong>Beskyttelsesklasse:<\/strong>\u00a0IP66, IK10.<\/p>\n<\/li>\n<li>\n<p class=\"ds-markdown-paragraph\"><strong>Kabelh\u00e5ndtering:<\/strong>\u00a0Formonteret kabel med IP66-stik, r\u00f8rindl\u00f8b i bunden.<\/p>\n<\/li>\n<\/ul>\n<p class=\"ds-markdown-paragraph\"><strong>Oversigt:<\/strong><br \/>\nAXIS T91G61 v\u00e6gbeslag er et valg for professionelle, der leder efter en p\u00e5lidelig, sikker og tidseffektiv l\u00f8sning til deres kamerainstallationer.<\/p>\n<p class=\"ds-markdown-paragraph\">Det reducerer installationskompleksiteten, giver overlegen beskyttelse af dit udstyr og sikrer et rent og professionelt slutprodukt.<\/p>\n<p class=\"ds-markdown-paragraph\">V\u00e6lg AXIS T91G61 for en fremtidssikret installation.<\/p>\n<\/div>\n<\/div>\n<\/div>\n<\/div>","protected":false},"excerpt":{"rendered":"<p class=\"ds-markdown-paragraph\">Robust beskyttelse med nem installation<\/p>\n<p class=\"ds-markdown-paragraph\">Dette avancerede v\u00e6gbeslag er designet til Axis PTZ- og multisensorkameraer.<\/p>\n<p class=\"ds-markdown-paragraph\">Med et pr\u00e6konfektioneret Ethernet-kabel med IP66-stik er tilslutning af str\u00f8m og data hurtigt og nemt.<\/p>\n<p class=\"ds-markdown-paragraph\">Beslaget har plads til ekstra udstyr s\u00e5som midspans inde i sin beskyttende skal og er egnet til b\u00e5de indend\u00f8rs og udend\u00f8rs brug takket v\u00e6re sit holdbare, hvide pulverlakerede aluminiumschassis.<\/p>","protected":false},"featured_media":160022,"template":"","meta":{"_acf_changed":false},"product_brand":[],"product_cat":[4954],"product_tag":[],"class_list":{"0":"post-160024","1":"product","2":"type-product","3":"status-publish","4":"has-post-thumbnail","6":"product_cat-axis-stativ-fasten","7":"pa_brands-axis","8":"pa_farg-vit","9":"tm-no-options","11":"first","12":"instock","13":"sale","14":"taxable","15":"shipping-taxable","16":"purchasable","17":"product-type-simple"},"acf":[],"_links":{"self":[{"href":"https:\/\/secureus.se\/dk\/wp-json\/wp\/v2\/product\/160024","targetHints":{"allow":["GET"]}}],"collection":[{"href":"https:\/\/secureus.se\/dk\/wp-json\/wp\/v2\/product"}],"about":[{"href":"https:\/\/secureus.se\/dk\/wp-json\/wp\/v2\/types\/product"}],"wp:featuredmedia":[{"embeddable":true,"href":"https:\/\/secureus.se\/dk\/wp-json\/wp\/v2\/media\/160022"}],"wp:attachment":[{"href":"https:\/\/secureus.se\/dk\/wp-json\/wp\/v2\/media?parent=160024"}],"wp:term":[{"taxonomy":"product_brand","embeddable":true,"href":"https:\/\/secureus.se\/dk\/wp-json\/wp\/v2\/product_brand?post=160024"},{"taxonomy":"product_cat","embeddable":true,"href":"https:\/\/secureus.se\/dk\/wp-json\/wp\/v2\/product_cat?post=160024"},{"taxonomy":"product_tag","embeddable":true,"href":"https:\/\/secureus.se\/dk\/wp-json\/wp\/v2\/product_tag?post=160024"}],"curies":[{"name":"wp","href":"https:\/\/api.w.org\/{rel}","templated":true}]}}