{"id":160027,"date":"2025-11-21T11:12:25","date_gmt":"2025-11-21T10:12:25","guid":{"rendered":"https:\/\/secureus.se\/?post_type=product&#038;p=160027"},"modified":"2026-04-01T12:17:01","modified_gmt":"2026-04-01T10:17:01","slug":"axis-t91b57-stolpmontering-for-overvakningskameror","status":"publish","type":"product","link":"https:\/\/secureus.se\/dk\/axis-t91b57-stolpmontering-for-overvakningskameror\/","title":{"rendered":"AXIS T91B57 Stangmontering til overv\u00e5gningskameraer"},"content":{"rendered":"<h1>AXIS T91B57 Stangmontering til overv\u00e5gningskameraer<\/h1>\n<div class=\"dad65929\">\n<div class=\"_4f9bf79 d7dc56a8 _43c05b5\">\n<div class=\"ds-message _63c77b1\">\n<div class=\"ds-markdown\">\n<p class=\"ds-markdown-paragraph\">N\u00e5r du skal montere overv\u00e5gningskameraer p\u00e5 p\u00e6le i udend\u00f8rsmilj\u00f8er, har du brug for et beslag, der ikke blot holder kameraet p\u00e5 plads, men ogs\u00e5 beskytter b\u00e5de kameraet og dets kabler mod ydre p\u00e5virkninger.<\/p>\n<p class=\"ds-markdown-paragraph\"><strong>AXIS T91B57 Stangmontering<\/strong>\u00a0er den professionelle l\u00f8sning til dette, med et design, der prioriterer b\u00e5de sikkerhed og holdbarhed.<\/p>\n<p class=\"ds-markdown-paragraph\"><strong>Maksimal beskyttelse mod h\u00e6rv\u00e6rk og vejrforhold<\/strong><br \/>\nEn af de st\u00f8rste trusler mod udend\u00f8rskameraer er h\u00e6rv\u00e6rk.<\/p>\n<p class=\"ds-markdown-paragraph\">AXIS T91B57 er\u00a0<strong>IK10-klassificeret<\/strong>, hvilket betyder, at den kan modst\u00e5 direkte st\u00f8d svarende til 20 joule \u2013 omtrent det samme som at blive ramt af en 5 kg tung forhammer, der tabes fra en h\u00f8jde p\u00e5 40 cm.<\/p>\n<p class=\"ds-markdown-paragraph\">Dette giver en meget h\u00f8j beskyttelse mod h\u00e6rv\u00e6rk og utilsigtede p\u00e5virkninger. Derudover er hele konstruktionen designet til at modst\u00e5 barske vejrforhold, hvilket g\u00f8r den ideel til langvarige udend\u00f8rs installationer.<\/p>\n<p class=\"ds-markdown-paragraph\"><strong>Insektsikker kabelh\u00e5ndtering for p\u00e5lidelige forbindelser<\/strong><br \/>\nEt almindeligt problem med udend\u00f8rs installationer er, at insekter og sm\u00e5 dyr kommer ind i ledninger, hvilket kan f\u00f8re til beskadigelse af kabler og dyre reparationer.<\/p>\n<p class=\"ds-markdown-paragraph\">AXIS T91B57 har en\u00a0<strong>lukket design med en speciel kabelforskruning<\/strong>\u00a0hvilket effektivt forhindrer insekter og st\u00f8v i at tr\u00e6nge ind. Dette sikrer, at kablerne forbliver beskyttede, og at kameraets forbindelser er stabile over tid.<\/p>\n<p class=\"ds-markdown-paragraph\"><strong>Alsidig og nem at installere<\/strong><br \/>\nBeslagets design g\u00f8r det alsidigt og nemt at tilpasse.<\/p>\n<p class=\"ds-markdown-paragraph\">Det er det\u00a0<strong>justerbar til at passe til st\u00e6nger med en diameter fra 100 mm op til 410 mm<\/strong>, som d\u00e6kker de fleste almindelige postdimensioner.<\/p>\n<p class=\"ds-markdown-paragraph\">Denne tilpasningsevne g\u00f8r den til et fremragende valg til alt fra smalle lygtep\u00e6le til bredere trafikmaster.<\/p>\n<p class=\"ds-markdown-paragraph\">AXIS T91B57 er specielt designet til at v\u00e6re <strong>kompatibel med AXIS T91-seriens v\u00e6gbeslag og AXIS T98A-kabinetter<\/strong>, hvilket skaber et sammenh\u00e6ngende og sikkert system til dit kameraudstyr.<\/p>\n<p class=\"ds-markdown-paragraph\"><strong>Robust konstruktion for lang levetid<\/strong><br \/>\nBeslaget er fremstillet af materialer af h\u00f8j kvalitet og er bygget til at v\u00e6re b\u00e5de st\u00e6rkt og korrosionsbestandigt.<\/p>\n<p class=\"ds-markdown-paragraph\">Dets robuste design sikrer, at kameraet forbliver stabilt selv i vind og vejr, hvilket er afg\u00f8rende for at opretholde en klar billedkvalitet.<\/p>\n<p class=\"ds-markdown-paragraph\"><strong>Oversigt:<\/strong><br \/>\nAXIS T91B57 stangmontering er et p\u00e5lideligt og sikkert valg til professionelle kamerainstallationer p\u00e5 p\u00e6le.<\/p>\n<p class=\"ds-markdown-paragraph\">Kombinationen af h\u00f8j vandalmodstand, insektsikker kabelf\u00f8ring og bred tilpasningsevne g\u00f8r den til en effektiv beskyttelse af din udend\u00f8rs overv\u00e5gningsinvestering.<\/p>\n<p class=\"ds-markdown-paragraph\">V\u00e6lg AXIS T91B57 for en fremtidssikret installation.<\/p>\n<\/div>\n<\/div>\n<\/div>\n<\/div>","protected":false},"excerpt":{"rendered":"<p>Denne alsidige stangmontering giver en sikker montering af dine Axis-kameraer p\u00e5 st\u00e6nger.<\/p>\n<p>Med IK10-klassificeret vandalbeskyttelse og et lukket design med insektsikker ledningsf\u00f8ring er den perfekt til udend\u00f8rs brug.<\/p>\n<p>Beslaget er nemt at justere til st\u00e6nger med diametre p\u00e5 100-410 mm og er kompatibelt med AXIS T91 v\u00e6gbeslag og T98A skabe.<\/p>","protected":false},"featured_media":160025,"template":"","meta":{"_acf_changed":false},"product_brand":[],"product_cat":[4954],"product_tag":[],"class_list":{"0":"post-160027","1":"product","2":"type-product","3":"status-publish","4":"has-post-thumbnail","6":"product_cat-axis-stativ-fasten","7":"pa_brands-axis","8":"pa_farg-vit","9":"tm-no-options","11":"first","12":"instock","13":"sale","14":"taxable","15":"shipping-taxable","16":"purchasable","17":"product-type-simple"},"acf":[],"_links":{"self":[{"href":"https:\/\/secureus.se\/dk\/wp-json\/wp\/v2\/product\/160027","targetHints":{"allow":["GET"]}}],"collection":[{"href":"https:\/\/secureus.se\/dk\/wp-json\/wp\/v2\/product"}],"about":[{"href":"https:\/\/secureus.se\/dk\/wp-json\/wp\/v2\/types\/product"}],"wp:featuredmedia":[{"embeddable":true,"href":"https:\/\/secureus.se\/dk\/wp-json\/wp\/v2\/media\/160025"}],"wp:attachment":[{"href":"https:\/\/secureus.se\/dk\/wp-json\/wp\/v2\/media?parent=160027"}],"wp:term":[{"taxonomy":"product_brand","embeddable":true,"href":"https:\/\/secureus.se\/dk\/wp-json\/wp\/v2\/product_brand?post=160027"},{"taxonomy":"product_cat","embeddable":true,"href":"https:\/\/secureus.se\/dk\/wp-json\/wp\/v2\/product_cat?post=160027"},{"taxonomy":"product_tag","embeddable":true,"href":"https:\/\/secureus.se\/dk\/wp-json\/wp\/v2\/product_tag?post=160027"}],"curies":[{"name":"wp","href":"https:\/\/api.w.org\/{rel}","templated":true}]}}