{"id":160030,"date":"2025-11-21T11:12:26","date_gmt":"2025-11-21T10:12:26","guid":{"rendered":"https:\/\/secureus.se\/?post_type=product&#038;p=160030"},"modified":"2026-04-01T12:16:52","modified_gmt":"2026-04-01T10:16:52","slug":"axis-t91e61-utomhusvaggfaste-for-fasta-kupolpendlar","status":"publish","type":"product","link":"https:\/\/secureus.se\/dk\/axis-t91e61-utomhusvaggfaste-for-fasta-kupolpendlar\/","title":{"rendered":"AXIS T91E61 Udend\u00f8rs v\u00e6gbeslag til faste kuppelformede pendler"},"content":{"rendered":"<h1>AXIS T91E61 Udend\u00f8rs v\u00e6gbeslag til faste kuppelformede pendler<\/h1>\n<div class=\"dad65929\">\n<div class=\"_4f9bf79 d7dc56a8 _43c05b5\">\n<div class=\"ds-message _63c77b1\">\n<div class=\"ds-markdown\">\n<p class=\"ds-markdown-paragraph\">AXIS T91E61 er et v\u00e6gbeslag, der er specielt designet til Axis faste dome-netv\u00e6rkskameraer.<\/p>\n<p class=\"ds-markdown-paragraph\">Med sin kompakte st\u00f8rrelse og diskrete udseende integreres den elegant i b\u00e5de indend\u00f8rs og udend\u00f8rs milj\u00f8er.<\/p>\n<p class=\"ds-markdown-paragraph\">Holderens robuste konstruktion sikrer, at kameraet sidder sikkert og stabilt over tid.<\/p>\n<p class=\"ds-markdown-paragraph\">Robust konstruktion til kr\u00e6vende milj\u00f8er<br \/>\nBeslaget er lavet af pulverlakeret, forkromet aluminium og er b\u00e5de slagfast og korrosionsbestandigt.<\/p>\n<p class=\"ds-markdown-paragraph\">Med en IK10-klassificering kan den modst\u00e5 kraftige st\u00f8d, hvilket g\u00f8r den ideel til installationer, hvor h\u00e6rv\u00e6rk kan v\u00e6re et problem.<\/p>\n<p class=\"ds-markdown-paragraph\">Den hvide farve (NCS S 1002-B) holder sig smuk over tid og passer ind i de fleste milj\u00f8er.<\/p>\n<p class=\"ds-markdown-paragraph\">Nem installation og alsidig brug<br \/>\nBeslaget har et 1,5\u2033 NPS-gevind og er kompatibelt med alle Axis faste kuppelpendler med samme gevindstandard.<\/p>\n<p class=\"ds-markdown-paragraph\">Den har samme hulm\u00f8nster som v\u00e6gbeslagene til Axis udend\u00f8rs faste kamerabokse, hvilket g\u00f8r det nemt at skifte mellem kameratyper uden yderligere boring.<\/p>\n<p class=\"ds-markdown-paragraph\">Ved at bruge AXIS T94R01P r\u00f8rskabet kan kablerne beskyttes med r\u00f8r, og med tilbeh\u00f8r som AXIS T91A47 stangbeslag kan beslaget monteres p\u00e5 p\u00e6le eller i hj\u00f8rner.<\/p>\n<p class=\"ds-markdown-paragraph\">Fleksibel kabelh\u00e5ndtering<br \/>\nDer er flere muligheder for kabelf\u00f8ring. Kabler kan f\u00f8res internt gennem et kabelhul p\u00e5 bagsiden eller via udsk\u00e6ringer p\u00e5 siden.<\/p>\n<p class=\"ds-markdown-paragraph\">Det er ogs\u00e5 muligt at f\u00f8re kablerne eksternt ved at bruge en af de fire udsk\u00e6ringer i bunden af beslaget.<\/p>\n<p class=\"ds-markdown-paragraph\">Denne fleksibilitet g\u00f8r det nemt at tilpasse installationen til lokale forhold.<\/p>\n<p class=\"ds-markdown-paragraph\">Teknisk oversigt<\/p>\n<ul>\n<li>\n<p class=\"ds-markdown-paragraph\">Maksimal belastning: 10 kg<\/p>\n<\/li>\n<li>\n<p class=\"ds-markdown-paragraph\">Dimensioner: 80 x 161 x 120 mm<\/p>\n<\/li>\n<li>\n<p class=\"ds-markdown-paragraph\">V\u00e6gt: 525 g<\/p>\n<\/li>\n<li>\n<p class=\"ds-markdown-paragraph\">Materiale: Pulverlakeret, forkromet aluminium<\/p>\n<\/li>\n<li>\n<p class=\"ds-markdown-paragraph\">Farve: Hvid (NCS S 1002-B)<\/p>\n<\/li>\n<li>\n<p class=\"ds-markdown-paragraph\">Beskyttelsesklasse: IK10, IP-klassificeret til udend\u00f8rs brug<\/p>\n<\/li>\n<li>\n<p class=\"ds-markdown-paragraph\">Kompatibilitet: Passer til Axis M3004-V, M3005-V, M3006-V, M3007-P, M3007-PV, M3024-serien, P32, P33, Q35 med tilh\u00f8rende pendler<\/p>\n<\/li>\n<\/ul>\n<p class=\"ds-markdown-paragraph\">Oversigt:<br \/>\nAXIS T91E61 v\u00e6gbeslaget tilbyder en p\u00e5lidelig og diskret l\u00f8sning til installation af faste Axis-domekameraer.<\/p>\n<p class=\"ds-markdown-paragraph\">Dens robuste konstruktion, nemme installation og fleksible kabelh\u00e5ndtering g\u00f8r den til et fremragende valg for b\u00e5de professionelle installat\u00f8rer og slutkunder, der leder efter en holdbar l\u00f8sning til deres overv\u00e5gningsbehov.<\/p>\n<\/div>\n<\/div>\n<\/div>\n<\/div>","protected":false},"excerpt":{"rendered":"<p class=\"ds-markdown-paragraph\">AXIS T91E61 v\u00e6gbeslag: Diskret og robust l\u00f8sning til faste domekameraer<\/p>\n<p class=\"ds-markdown-paragraph\">Dette v\u00e6gbeslag er specielt designet til Axis faste dome-netv\u00e6rkskameraer.<\/p>\n<p class=\"ds-markdown-paragraph\">Med sin kompakte form og hvide farve giver den en diskret installation, der er velegnet til b\u00e5de indend\u00f8rs og udend\u00f8rs brug.<\/p>\n<p class=\"ds-markdown-paragraph\">Beslaget er lavet af slagfast materiale med en IK10-klassificering og er korrosionsbestandigt for lang levetid.<\/p>","protected":false},"featured_media":160028,"template":"","meta":{"_acf_changed":false},"product_brand":[],"product_cat":[4954],"product_tag":[],"class_list":{"0":"post-160030","1":"product","2":"type-product","3":"status-publish","4":"has-post-thumbnail","6":"product_cat-axis-stativ-fasten","7":"pa_brands-axis","8":"pa_farg-vit","9":"tm-no-options","11":"first","12":"instock","13":"sale","14":"taxable","15":"shipping-taxable","16":"purchasable","17":"product-type-simple"},"acf":[],"_links":{"self":[{"href":"https:\/\/secureus.se\/dk\/wp-json\/wp\/v2\/product\/160030","targetHints":{"allow":["GET"]}}],"collection":[{"href":"https:\/\/secureus.se\/dk\/wp-json\/wp\/v2\/product"}],"about":[{"href":"https:\/\/secureus.se\/dk\/wp-json\/wp\/v2\/types\/product"}],"wp:featuredmedia":[{"embeddable":true,"href":"https:\/\/secureus.se\/dk\/wp-json\/wp\/v2\/media\/160028"}],"wp:attachment":[{"href":"https:\/\/secureus.se\/dk\/wp-json\/wp\/v2\/media?parent=160030"}],"wp:term":[{"taxonomy":"product_brand","embeddable":true,"href":"https:\/\/secureus.se\/dk\/wp-json\/wp\/v2\/product_brand?post=160030"},{"taxonomy":"product_cat","embeddable":true,"href":"https:\/\/secureus.se\/dk\/wp-json\/wp\/v2\/product_cat?post=160030"},{"taxonomy":"product_tag","embeddable":true,"href":"https:\/\/secureus.se\/dk\/wp-json\/wp\/v2\/product_tag?post=160030"}],"curies":[{"name":"wp","href":"https:\/\/api.w.org\/{rel}","templated":true}]}}