{"id":160043,"date":"2025-11-21T11:12:26","date_gmt":"2025-11-21T10:12:26","guid":{"rendered":"https:\/\/secureus.se\/?post_type=product&#038;p=160043"},"modified":"2026-04-23T13:11:31","modified_gmt":"2026-04-23T11:11:31","slug":"axis-f8205-bullet-tillbehor-for-f1005-e-kameror","status":"publish","type":"product","link":"https:\/\/secureus.se\/dk\/axis-f8205-bullet-tillbehor-for-f1005-e-kameror\/","title":{"rendered":"AXIS F8205 Bullet-tilbeh\u00f8r til F1005-E-kameraer"},"content":{"rendered":"<h1>AXIS F8205 Bullet-tilbeh\u00f8r til F1005-E-kameraer<\/h1>\n<p class=\"ds-markdown-paragraph\">AXIS F8205 Bullet Accessory er et tilbeh\u00f8r, der konverterer kompatible Axis-sensorenheder, s\u00e5som AXIS F1005-E Sensor Unit, samt komplette modul\u00e6re kameraer til et bullet-kamera.<\/p>\n<p class=\"ds-markdown-paragraph\">Dette giver et robust og diskret design, der er velegnet til b\u00e5de indend\u00f8rs og udend\u00f8rs brug.<\/p>\n<h4>Hovedtr\u00e6k:<\/h4>\n<ul>\n<li>\n<p class=\"ds-markdown-paragraph\">Konverterer til punktform: Giver et ensartet og professionelt udseende.<\/p>\n<\/li>\n<li>\n<p class=\"ds-markdown-paragraph\">Kompatibilitet: Tilpasset til AXIS F1005-E sensorenhed og andre modul\u00e6re kameraer.<\/p>\n<\/li>\n<li>\n<p class=\"ds-markdown-paragraph\">Monteringsudstyr medf\u00f8lger: C-klemme og stativ medf\u00f8lger til fleksibel installation.<\/p>\n<\/li>\n<li>\n<p class=\"ds-markdown-paragraph\">Nem montering: Designet til hurtig og nem installation uden ekstra v\u00e6rkt\u00f8j.<\/p>\n<\/li>\n<li>\n<h4><strong>Anvendelsesomr\u00e5der:<\/strong><\/h4>\n<ul>\n<li>\n<p class=\"ds-markdown-paragraph\">Ideel til butikker, kontorer, indgange og andre steder, hvor der \u00f8nskes en diskret, men robust kamerabeslag.<\/p>\n<\/li>\n<li>\n<p class=\"ds-markdown-paragraph\">G\u00f8r det nemt at integrere modul\u00e6re kameraer i eksisterende overv\u00e5gningssystemer med bullet-design.<\/p>\n<\/li>\n<\/ul>\n<\/li>\n<\/ul>\n<div class=\"sc-bczRLJ fySwpa\">\n<div class=\"sc-bczRLJ kEeNDb\"><\/div>\n<\/div>","protected":false},"excerpt":{"rendered":"<p>AXIS F8205 er et kugleformet tilbeh\u00f8r designet til brug med Axis-kameraer, sandsynligvis inklusive F1005-E-modeller.<\/p>\n<p>Dette g\u00f8r det nemmere at montere og placere kameraet i udend\u00f8rsmilj\u00f8er eller andre kr\u00e6vende installationer.<\/p>","protected":false},"featured_media":160042,"template":"","meta":{"_acf_changed":false},"product_brand":[],"product_cat":[4954],"product_tag":[],"class_list":{"0":"post-160043","1":"product","2":"type-product","3":"status-publish","4":"has-post-thumbnail","6":"product_cat-axis-stativ-fasten","7":"pa_brands-axis","8":"pa_farg-vit","9":"tm-no-options","11":"first","12":"instock","13":"sale","14":"taxable","15":"shipping-taxable","16":"purchasable","17":"product-type-simple"},"acf":[],"_links":{"self":[{"href":"https:\/\/secureus.se\/dk\/wp-json\/wp\/v2\/product\/160043","targetHints":{"allow":["GET"]}}],"collection":[{"href":"https:\/\/secureus.se\/dk\/wp-json\/wp\/v2\/product"}],"about":[{"href":"https:\/\/secureus.se\/dk\/wp-json\/wp\/v2\/types\/product"}],"wp:featuredmedia":[{"embeddable":true,"href":"https:\/\/secureus.se\/dk\/wp-json\/wp\/v2\/media\/160042"}],"wp:attachment":[{"href":"https:\/\/secureus.se\/dk\/wp-json\/wp\/v2\/media?parent=160043"}],"wp:term":[{"taxonomy":"product_brand","embeddable":true,"href":"https:\/\/secureus.se\/dk\/wp-json\/wp\/v2\/product_brand?post=160043"},{"taxonomy":"product_cat","embeddable":true,"href":"https:\/\/secureus.se\/dk\/wp-json\/wp\/v2\/product_cat?post=160043"},{"taxonomy":"product_tag","embeddable":true,"href":"https:\/\/secureus.se\/dk\/wp-json\/wp\/v2\/product_tag?post=160043"}],"curies":[{"name":"wp","href":"https:\/\/api.w.org\/{rel}","templated":true}]}}