{"id":160049,"date":"2025-11-21T11:12:27","date_gmt":"2025-11-21T10:12:27","guid":{"rendered":"https:\/\/secureus.se\/?post_type=product&#038;p=160049"},"modified":"2026-04-01T12:16:08","modified_gmt":"2026-04-01T10:16:08","slug":"axis-tp3103-e-pendelsats-for-m32-och-p32-kameror","status":"publish","type":"product","link":"https:\/\/secureus.se\/dk\/axis-tp3103-e-pendelsats-for-m32-och-p32-kameror\/","title":{"rendered":"AXIS TP3103-E penduls\u00e6t til M32- og P32-kameraer"},"content":{"rendered":"<h1>AXIS TP3103-E penduls\u00e6t til M32- og P32-kameraer<\/h1>\n<div class=\"dad65929\">\n<div class=\"_4f9bf79 d7dc56a8 _43c05b5\">\n<div class=\"ds-message _63c77b1\">\n<div class=\"ds-markdown\">\n<p class=\"ds-markdown-paragraph\"><strong>Produkt oversigt<\/strong><\/p>\n<p class=\"ds-markdown-paragraph\">Axis TP3103-E er et penduls\u00e6t designet til udvalgte M32- og P32-kameraer.<\/p>\n<p class=\"ds-markdown-paragraph\">Den er forberedt til udend\u00f8rs brug og giver forbedret vejrbeskyttelse og muligg\u00f8r brug af forskellige typer beslag til fleksibel montering.<\/p>\n<p class=\"ds-markdown-paragraph\"><strong>Hovedtr\u00e6k<\/strong><\/p>\n<ul>\n<li>\n<p class=\"ds-markdown-paragraph\">Udend\u00f8rsklassificeret med forbedret vejrbeskyttelse<\/p>\n<\/li>\n<li>\n<p class=\"ds-markdown-paragraph\">Kompatibel med forskellige beslag<\/p>\n<\/li>\n<li>\n<p class=\"ds-markdown-paragraph\">Nem og sikker montering<\/p>\n<\/li>\n<li>\n<p class=\"ds-markdown-paragraph\">Robust konstruktion til langvarig brug<\/p>\n<\/li>\n<\/ul>\n<p class=\"ds-markdown-paragraph\"><strong>Teknisk information<\/strong><\/p>\n<ul>\n<li>\n<p class=\"ds-markdown-paragraph\">Produktnavn: Axis TP3103-E pendels\u00e6t til M32- og P32-kameraer<\/p>\n<\/li>\n<li>\n<p class=\"ds-markdown-paragraph\">Kategori: Kamerabeslag til loft-\/v\u00e6gbeslag, kabinetter og beslag<\/p>\n<\/li>\n<li>\n<p class=\"ds-markdown-paragraph\">UPC-kode: 7331021079281<\/p>\n<\/li>\n<li>\n<p class=\"ds-markdown-paragraph\">EAN-kode: 7331021079281<\/p>\n<\/li>\n<li>\n<p class=\"ds-markdown-paragraph\">Produktionsland: Kina (med forbehold for \u00e6ndringer)<\/p>\n<\/li>\n<\/ul>\n<p class=\"ds-markdown-paragraph\"><strong>Kompatibilitet<\/strong><\/p>\n<ul>\n<li>\n<p class=\"ds-markdown-paragraph\">Udvalgte Axis M32-kameraer<\/p>\n<\/li>\n<li>\n<p class=\"ds-markdown-paragraph\">Udvalgte Axis P32-kameraer<\/p>\n<\/li>\n<\/ul>\n<p class=\"ds-markdown-paragraph\"><strong>Inkluderet<\/strong><\/p>\n<ul>\n<li>\n<p class=\"ds-markdown-paragraph\">Penduls\u00e6t<\/p>\n<\/li>\n<li>\n<p class=\"ds-markdown-paragraph\">Monteringsvejledning<\/p>\n<\/li>\n<li>\n<p class=\"ds-markdown-paragraph\">Andre n\u00f8dvendige komponenter til installation<\/p>\n<\/li>\n<\/ul>\n<\/div>\n<\/div>\n<\/div>\n<\/div>","protected":false},"excerpt":{"rendered":"<p>Axis TP3103-E pendels\u00e6ttet tilbyder en p\u00e5lidelig l\u00f8sning til udend\u00f8rs montering af Axis M32- og P32-kameraer med fokus p\u00e5 holdbarhed og tilpasningsevne.<\/p>","protected":false},"featured_media":160047,"template":"","meta":{"_acf_changed":false},"product_brand":[],"product_cat":[4954],"product_tag":[],"class_list":{"0":"post-160049","1":"product","2":"type-product","3":"status-publish","4":"has-post-thumbnail","6":"product_cat-axis-stativ-fasten","7":"pa_brands-axis","8":"pa_farg-vit","9":"tm-no-options","11":"first","12":"instock","13":"sale","14":"taxable","15":"shipping-taxable","16":"purchasable","17":"product-type-simple"},"acf":[],"_links":{"self":[{"href":"https:\/\/secureus.se\/dk\/wp-json\/wp\/v2\/product\/160049","targetHints":{"allow":["GET"]}}],"collection":[{"href":"https:\/\/secureus.se\/dk\/wp-json\/wp\/v2\/product"}],"about":[{"href":"https:\/\/secureus.se\/dk\/wp-json\/wp\/v2\/types\/product"}],"wp:featuredmedia":[{"embeddable":true,"href":"https:\/\/secureus.se\/dk\/wp-json\/wp\/v2\/media\/160047"}],"wp:attachment":[{"href":"https:\/\/secureus.se\/dk\/wp-json\/wp\/v2\/media?parent=160049"}],"wp:term":[{"taxonomy":"product_brand","embeddable":true,"href":"https:\/\/secureus.se\/dk\/wp-json\/wp\/v2\/product_brand?post=160049"},{"taxonomy":"product_cat","embeddable":true,"href":"https:\/\/secureus.se\/dk\/wp-json\/wp\/v2\/product_cat?post=160049"},{"taxonomy":"product_tag","embeddable":true,"href":"https:\/\/secureus.se\/dk\/wp-json\/wp\/v2\/product_tag?post=160049"}],"curies":[{"name":"wp","href":"https:\/\/api.w.org\/{rel}","templated":true}]}}