{"id":160052,"date":"2025-11-21T11:12:27","date_gmt":"2025-11-21T10:12:27","guid":{"rendered":"https:\/\/secureus.se\/?post_type=product&#038;p=160052"},"modified":"2026-04-23T13:11:20","modified_gmt":"2026-04-23T11:11:20","slug":"axis-t94n02d-hangsats-for-axis-p3715-plve-for-montering-pa-15-nps-gangade-fasten","status":"publish","type":"product","link":"https:\/\/secureus.se\/dk\/axis-t94n02d-hangsats-for-axis-p3715-plve-for-montering-pa-15-nps-gangade-fasten\/","title":{"rendered":"AXIS T94N02D Oph\u00e6ngningss\u00e6t til AXIS P3715-PLVE til montering p\u00e5 1,5\u2033 NPS gevindbeslag"},"content":{"rendered":"<h1>AXIS T94N02D Oph\u00e6ngningss\u00e6t til AXIS P3715-PLVE til montering p\u00e5 1,5\u2033 NPS gevindbeslag<\/h1>\n<div class=\"dad65929\">\n<div class=\"_4f9bf79 d7dc56a8 _43c05b5\">\n<div class=\"ds-message _63c77b1\">\n<div class=\"ds-markdown\">\n<p class=\"ds-markdown-paragraph\"><strong>Produkt oversigt<\/strong><\/p>\n<p class=\"ds-markdown-paragraph\">Axis T94N02D er et oph\u00e6ngningss\u00e6t designet til montering af AXIS P3715-PLVE netv\u00e6rkskameraer p\u00e5 1,5\u2033 NPS-gevindbeslag.<\/p>\n<p class=\"ds-markdown-paragraph\">Den er velegnet til b\u00e5de indend\u00f8rs og udend\u00f8rs brug og g\u00f8r det muligt at montere kameraet p\u00e5 p\u00e6le, r\u00e6kv\u00e6rk og udvendige hj\u00f8rner ved hj\u00e6lp af Axis&#039; T91 monteringstilbeh\u00f8r.<\/p>\n<p class=\"ds-markdown-paragraph\"><strong>Hovedtr\u00e6k<\/strong><\/p>\n<ul>\n<li>\n<p class=\"ds-markdown-paragraph\">Kompatibel med AXIS P3715-PLVE-kameraer<\/p>\n<\/li>\n<li>\n<p class=\"ds-markdown-paragraph\">Velegnet til indend\u00f8rs og udend\u00f8rs brug<\/p>\n<\/li>\n<li>\n<p class=\"ds-markdown-paragraph\">Tilpasset til 1,5\u2033 NPS-gevindbeslag<\/p>\n<\/li>\n<li>\n<p class=\"ds-markdown-paragraph\">Muligg\u00f8r montering p\u00e5 stolper, brystv\u00e6rn og udvendige hj\u00f8rner<\/p>\n<\/li>\n<li>\n<p class=\"ds-markdown-paragraph\">Fleksibel integration med Axis T91 monteringstilbeh\u00f8r<\/p>\n<\/li>\n<\/ul>\n<p class=\"ds-markdown-paragraph\"><strong>Teknisk information<\/strong><\/p>\n<ul>\n<li>\n<p class=\"ds-markdown-paragraph\">Produktnavn: Axis T94N02D vedh\u00e6ngss\u00e6t til AXIS P3715-PLVE<\/p>\n<\/li>\n<li>\n<p class=\"ds-markdown-paragraph\">Kategori: Kamerabeslag, Kabinetter og beslag<\/p>\n<\/li>\n<li>\n<p class=\"ds-markdown-paragraph\">UPC-kode: 7331021072060<\/p>\n<\/li>\n<li>\n<p class=\"ds-markdown-paragraph\">EAN-kode: 7331021072060<\/p>\n<\/li>\n<li>\n<p class=\"ds-markdown-paragraph\">Produktionsland: Kina (med forbehold for \u00e6ndringer)<\/p>\n<\/li>\n<\/ul>\n<p class=\"ds-markdown-paragraph\"><strong>Anvendelsesomr\u00e5der<\/strong><\/p>\n<ul>\n<li>\n<p class=\"ds-markdown-paragraph\">Ideel til overv\u00e5gning af udend\u00f8rsomr\u00e5der, parker, bygninger og industrielle milj\u00f8er<\/p>\n<\/li>\n<li>\n<p class=\"ds-markdown-paragraph\">Nem installation p\u00e5 eksisterende 1,5\u2033 NPS-gevindbeslag<\/p>\n<\/li>\n<\/ul>\n<p class=\"ds-markdown-paragraph\">Axis T94N02D tilbyder en robust og tilpasningsdygtig l\u00f8sning til avanceret kameramontering med fokus p\u00e5 kompatibilitet og holdbarhed.<\/p>\n<\/div>\n<\/div>\n<\/div>\n<\/div>\n<div class=\"sc-bczRLJ fySwpa\">\n<div class=\"sc-bczRLJ kEeNDb\"><\/div>\n<\/div>","protected":false},"excerpt":{"rendered":"<p class=\"ds-markdown-paragraph\">Axis T94N02D vedh\u00e6ngss\u00e6t til P3715-PLVE kameraer.<\/p>\n<p class=\"ds-markdown-paragraph\">Til montering p\u00e5 1,5\u2033 NPS-gevindbeslag indend\u00f8rs og udend\u00f8rs. Kompatibel med Axis T91-beslag.<\/p>","protected":false},"featured_media":160050,"template":"","meta":{"_acf_changed":false},"product_brand":[],"product_cat":[4954],"product_tag":[],"class_list":{"0":"post-160052","1":"product","2":"type-product","3":"status-publish","4":"has-post-thumbnail","6":"product_cat-axis-stativ-fasten","7":"pa_brands-axis","8":"pa_farg-vit","9":"tm-no-options","11":"first","12":"onbackorder","13":"sale","14":"taxable","15":"shipping-taxable","16":"purchasable","17":"product-type-simple"},"acf":[],"_links":{"self":[{"href":"https:\/\/secureus.se\/dk\/wp-json\/wp\/v2\/product\/160052","targetHints":{"allow":["GET"]}}],"collection":[{"href":"https:\/\/secureus.se\/dk\/wp-json\/wp\/v2\/product"}],"about":[{"href":"https:\/\/secureus.se\/dk\/wp-json\/wp\/v2\/types\/product"}],"wp:featuredmedia":[{"embeddable":true,"href":"https:\/\/secureus.se\/dk\/wp-json\/wp\/v2\/media\/160050"}],"wp:attachment":[{"href":"https:\/\/secureus.se\/dk\/wp-json\/wp\/v2\/media?parent=160052"}],"wp:term":[{"taxonomy":"product_brand","embeddable":true,"href":"https:\/\/secureus.se\/dk\/wp-json\/wp\/v2\/product_brand?post=160052"},{"taxonomy":"product_cat","embeddable":true,"href":"https:\/\/secureus.se\/dk\/wp-json\/wp\/v2\/product_cat?post=160052"},{"taxonomy":"product_tag","embeddable":true,"href":"https:\/\/secureus.se\/dk\/wp-json\/wp\/v2\/product_tag?post=160052"}],"curies":[{"name":"wp","href":"https:\/\/api.w.org\/{rel}","templated":true}]}}