{"id":160058,"date":"2025-11-21T11:12:27","date_gmt":"2025-11-21T10:12:27","guid":{"rendered":"https:\/\/secureus.se\/?post_type=product&#038;p=160058"},"modified":"2026-04-09T11:23:07","modified_gmt":"2026-04-09T09:23:07","slug":"axis-t91b57-stolpfaste-for-robusta-installationer-inomhus-utomhus-pa-stolpar-gra","status":"publish","type":"product","link":"https:\/\/secureus.se\/dk\/axis-t91b57-stolpfaste-for-robusta-installationer-inomhus-utomhus-pa-stolpar-gra\/","title":{"rendered":"AXIS T91B57 Stangmontering til robuste indend\u00f8rs\/udend\u00f8rs stanginstallationer, gr\u00e5"},"content":{"rendered":"<h1>AXIS T91B57 Stangmontering til robuste indend\u00f8rs\/udend\u00f8rs stanginstallationer, gr\u00e5<\/h1>\n<div class=\"dad65929\">\n<div class=\"_4f9bf79 d7dc56a8 _43c05b5\">\n<div class=\"ds-message _63c77b1\">\n<div class=\"ds-markdown\">\n<p class=\"ds-markdown-paragraph\"><strong>Produkt oversigt<\/strong><\/p>\n<p class=\"ds-markdown-paragraph\">Axis T91B57 er et robust stangbeslag i aluminium til b\u00e5de indend\u00f8rs og udend\u00f8rs brug.<\/p>\n<p class=\"ds-markdown-paragraph\">Den er egnet til stolper med en diameter p\u00e5 100-410 mm og leveres med 1450 mm rustfri st\u00e5lstropper med TX30-skruer for nem installation.<\/p>\n<p class=\"ds-markdown-paragraph\">Beslaget har en lukket bagside og kabelt\u00e6tning, der beskytter mod insekter.<\/p>\n<p class=\"ds-markdown-paragraph\"><strong>Hovedtr\u00e6k<\/strong><\/p>\n<ul>\n<li>\n<p class=\"ds-markdown-paragraph\">Passer til stolper 100-410 mm<\/p>\n<\/li>\n<li>\n<p class=\"ds-markdown-paragraph\">IK10-klassificeret vandalmodstand<\/p>\n<\/li>\n<li>\n<p class=\"ds-markdown-paragraph\">Kabelforsegling mod insekter<\/p>\n<\/li>\n<li>\n<p class=\"ds-markdown-paragraph\">Robust og sikker konstruktion<\/p>\n<\/li>\n<li>\n<p class=\"ds-markdown-paragraph\">Bygr\u00e5 farve<\/p>\n<\/li>\n<\/ul>\n<p class=\"ds-markdown-paragraph\"><strong>Kompatibilitet<\/strong><\/p>\n<ul>\n<li>\n<p class=\"ds-markdown-paragraph\">AXIS T91G61 v\u00e6gbeslag<\/p>\n<\/li>\n<li>\n<p class=\"ds-markdown-paragraph\">AXIS T94J01A v\u00e6gbeslag<\/p>\n<\/li>\n<li>\n<p class=\"ds-markdown-paragraph\">AXIS T98A kabinetserie<\/p>\n<\/li>\n<li>\n<p class=\"ds-markdown-paragraph\">AXIS A9188-VE Netv\u00e6rk I\/O Rel\u00e6modul<\/p>\n<\/li>\n<\/ul>\n<p class=\"ds-markdown-paragraph\"><strong>Teknisk information<\/strong><\/p>\n<ul>\n<li>\n<p class=\"ds-markdown-paragraph\">Maksimal belastning: 30 kg<\/p>\n<\/li>\n<li>\n<p class=\"ds-markdown-paragraph\">Materiale: Pulverlakeret aluminium<\/p>\n<\/li>\n<li>\n<p class=\"ds-markdown-paragraph\">Farve: Bygr\u00e5<\/p>\n<\/li>\n<li>\n<p class=\"ds-markdown-paragraph\">Dimensioner: 190 x 214 x 67 mm<\/p>\n<\/li>\n<li>\n<p class=\"ds-markdown-paragraph\">V\u00e6gt: 1,4 kg<\/p>\n<\/li>\n<li>\n<p class=\"ds-markdown-paragraph\">Indeholder: Installationsvejledning, insektsikker kabelforskruning, stropper i rustfrit st\u00e5l<\/p>\n<\/li>\n<\/ul>\n<p class=\"ds-markdown-paragraph\"><strong>Certificeringer<\/strong><\/p>\n<ul>\n<li>\n<p class=\"ds-markdown-paragraph\">Sikkerhed: IEC\/EN\/UL 60950-1, IEC\/EN\/UL 60950-22<\/p>\n<\/li>\n<li>\n<p class=\"ds-markdown-paragraph\">Milj\u00f8: EN 50581<\/p>\n<\/li>\n<li>\n<p class=\"ds-markdown-paragraph\">Slagfasthed: IEC 62262 IK10<\/p>\n<\/li>\n<\/ul>\n<\/div>\n<\/div>\n<\/div>\n<\/div>","protected":false},"excerpt":{"rendered":"<p>Axis T91B57 tilbyder en holdbar og p\u00e5lidelig l\u00f8sning til kr\u00e6vende masteinstallationer med fokus p\u00e5 beskyttelse og langvarig ydeevne.<\/p>","protected":false},"featured_media":160056,"template":"","meta":{"_acf_changed":false},"product_brand":[],"product_cat":[4954],"product_tag":[],"class_list":{"0":"post-160058","1":"product","2":"type-product","3":"status-publish","4":"has-post-thumbnail","6":"product_cat-axis-stativ-fasten","7":"pa_brands-axis","8":"pa_farg-gra","9":"tm-no-options","11":"first","12":"instock","13":"sale","14":"taxable","15":"shipping-taxable","16":"purchasable","17":"product-type-simple"},"acf":[],"_links":{"self":[{"href":"https:\/\/secureus.se\/dk\/wp-json\/wp\/v2\/product\/160058","targetHints":{"allow":["GET"]}}],"collection":[{"href":"https:\/\/secureus.se\/dk\/wp-json\/wp\/v2\/product"}],"about":[{"href":"https:\/\/secureus.se\/dk\/wp-json\/wp\/v2\/types\/product"}],"wp:featuredmedia":[{"embeddable":true,"href":"https:\/\/secureus.se\/dk\/wp-json\/wp\/v2\/media\/160056"}],"wp:attachment":[{"href":"https:\/\/secureus.se\/dk\/wp-json\/wp\/v2\/media?parent=160058"}],"wp:term":[{"taxonomy":"product_brand","embeddable":true,"href":"https:\/\/secureus.se\/dk\/wp-json\/wp\/v2\/product_brand?post=160058"},{"taxonomy":"product_cat","embeddable":true,"href":"https:\/\/secureus.se\/dk\/wp-json\/wp\/v2\/product_cat?post=160058"},{"taxonomy":"product_tag","embeddable":true,"href":"https:\/\/secureus.se\/dk\/wp-json\/wp\/v2\/product_tag?post=160058"}],"curies":[{"name":"wp","href":"https:\/\/api.w.org\/{rel}","templated":true}]}}