{"id":160064,"date":"2025-11-21T11:12:27","date_gmt":"2025-11-21T10:12:27","guid":{"rendered":"https:\/\/secureus.se\/?post_type=product&#038;p=160064"},"modified":"2026-04-09T11:23:27","modified_gmt":"2026-04-09T09:23:27","slug":"axis-t91a64-hornfaste-for-vaggfastena-t91b6-och-t91d61-inomhus-och-utomhusbruk-vit","status":"publish","type":"product","link":"https:\/\/secureus.se\/dk\/axis-t91a64-hornfaste-for-vaggfastena-t91b6-och-t91d61-inomhus-och-utomhusbruk-vit\/","title":{"rendered":"AXIS T91A64 hj\u00f8rnebeslag til T91B6 og T91D61 v\u00e6gbeslag, indend\u00f8rs og udend\u00f8rs brug, hvid"},"content":{"rendered":"<h1>AXIS T91A64 hj\u00f8rnebeslag til T91B6 og T91D61 v\u00e6gbeslag, indend\u00f8rs og udend\u00f8rs brug, hvid<\/h1>\n<p class=\"ds-markdown-paragraph\"><strong>Produkt oversigt<\/strong><\/p>\n<p class=\"ds-markdown-paragraph\">Axis T91A64 er et robust hj\u00f8rnebeslag i aluminium, der er designet til montering af Axis-netv\u00e6rkskameraer p\u00e5 udvendige hj\u00f8rner. Beslaget kr\u00e6ver et separat v\u00e6gbeslag til installation og er kompatibelt med AXIS T91B6 og AXIS T91D61 v\u00e6gbeslag. Med sin IK10-klassificering er det velegnet til b\u00e5de indend\u00f8rs og udend\u00f8rs milj\u00f8er.<\/p>\n<p class=\"ds-markdown-paragraph\"><strong>Hovedtr\u00e6k<\/strong><\/p>\n<ul>\n<li>\n<p class=\"ds-markdown-paragraph\">Robust og sikker montering p\u00e5 udvendige hj\u00f8rner<\/p>\n<\/li>\n<li>\n<p class=\"ds-markdown-paragraph\">Velegnet til indend\u00f8rs og udend\u00f8rs brug<\/p>\n<\/li>\n<li>\n<p class=\"ds-markdown-paragraph\">Nem installation<\/p>\n<\/li>\n<li>\n<p class=\"ds-markdown-paragraph\">Hvid pulverlakeret aluminium<\/p>\n<\/li>\n<\/ul>\n<p class=\"ds-markdown-paragraph\"><strong>Kompatibilitet<\/strong><\/p>\n<ul>\n<li>\n<p class=\"ds-markdown-paragraph\">AXIS T91B6 v\u00e6gbeslag<\/p>\n<\/li>\n<li>\n<p class=\"ds-markdown-paragraph\">AXIS T91D61 V\u00e6gbeslag 1,5\u2033 NPS<\/p>\n<\/li>\n<li>\n<p class=\"ds-markdown-paragraph\">AXIS T91161 v\u00e6gbeslag<\/p>\n<\/li>\n<li>\n<p class=\"ds-markdown-paragraph\">AXIS T91061 v\u00e6gbeslag<\/p>\n<\/li>\n<\/ul>\n<p class=\"ds-markdown-paragraph\"><strong>Teknisk information<\/strong><\/p>\n<ul>\n<li>\n<p class=\"ds-markdown-paragraph\">Maksimal belastning: 25 kg<\/p>\n<\/li>\n<li>\n<p class=\"ds-markdown-paragraph\">V\u00e6gt: 1250 g<\/p>\n<\/li>\n<li>\n<p class=\"ds-markdown-paragraph\">Materiale: Aluminium<\/p>\n<\/li>\n<li>\n<p class=\"ds-markdown-paragraph\">Farve: Hvid<\/p>\n<\/li>\n<li>\n<ul>\n<li>\n<p class=\"ds-markdown-paragraph\">Inkluderer: Installationsvejledning<\/p>\n<\/li>\n<li>\n<p class=\"ds-markdown-paragraph\"><strong>Certificeringer<\/strong><\/p>\n<\/li>\n<\/ul>\n<ul>\n<li>\n<p class=\"ds-markdown-paragraph\">Slagfasthed: IEC 62262 IK10<\/p>\n<\/li>\n<li>\n<p class=\"ds-markdown-paragraph\">Milj\u00f8: EN 50581<\/p>\n<\/li>\n<\/ul>\n<\/li>\n<\/ul>","protected":false},"excerpt":{"rendered":"<p>Axis T91A64 tilbyder en fleksibel og p\u00e5lidelig l\u00f8sning til montering af hj\u00f8rnekameraer med fokus p\u00e5 stabilitet og holdbarhed.<\/p>","protected":false},"featured_media":160062,"template":"","meta":{"_acf_changed":false},"product_brand":[],"product_cat":[4954],"product_tag":[],"class_list":{"0":"post-160064","1":"product","2":"type-product","3":"status-publish","4":"has-post-thumbnail","6":"product_cat-axis-stativ-fasten","7":"pa_brands-axis","8":"pa_farg-vit","9":"tm-no-options","11":"first","12":"onbackorder","13":"sale","14":"taxable","15":"shipping-taxable","16":"purchasable","17":"product-type-simple"},"acf":[],"_links":{"self":[{"href":"https:\/\/secureus.se\/dk\/wp-json\/wp\/v2\/product\/160064","targetHints":{"allow":["GET"]}}],"collection":[{"href":"https:\/\/secureus.se\/dk\/wp-json\/wp\/v2\/product"}],"about":[{"href":"https:\/\/secureus.se\/dk\/wp-json\/wp\/v2\/types\/product"}],"wp:featuredmedia":[{"embeddable":true,"href":"https:\/\/secureus.se\/dk\/wp-json\/wp\/v2\/media\/160062"}],"wp:attachment":[{"href":"https:\/\/secureus.se\/dk\/wp-json\/wp\/v2\/media?parent=160064"}],"wp:term":[{"taxonomy":"product_brand","embeddable":true,"href":"https:\/\/secureus.se\/dk\/wp-json\/wp\/v2\/product_brand?post=160064"},{"taxonomy":"product_cat","embeddable":true,"href":"https:\/\/secureus.se\/dk\/wp-json\/wp\/v2\/product_cat?post=160064"},{"taxonomy":"product_tag","embeddable":true,"href":"https:\/\/secureus.se\/dk\/wp-json\/wp\/v2\/product_tag?post=160064"}],"curies":[{"name":"wp","href":"https:\/\/api.w.org\/{rel}","templated":true}]}}