{"id":160073,"date":"2025-11-21T11:12:28","date_gmt":"2025-11-21T10:12:28","guid":{"rendered":"https:\/\/secureus.se\/?post_type=product&#038;p=160073"},"modified":"2026-04-23T13:10:38","modified_gmt":"2026-04-23T11:10:38","slug":"axis-01589-001l-judforlangningskabel-b-5m-for-utvalda-35-mm-mikrofoner","status":"publish","type":"product","link":"https:\/\/secureus.se\/dk\/axis-01589-001l-judforlangningskabel-b-5m-for-utvalda-35-mm-mikrofoner\/","title":{"rendered":"AXIS 01589-001l forl\u00e6ngerkabel B 5M til udvalgte 3,5 mm mikrofoner"},"content":{"rendered":"<h1>AXIS 01589-001 lydforl\u00e6ngerkabel B 5M til udvalgte 3,5 mm mikrofoner<\/h1>\n<p class=\"ds-markdown-paragraph\"><strong>Produkt oversigt<\/strong><\/p>\n<p class=\"ds-markdown-paragraph\">Axis 01589-001 er et dedikeret lydforl\u00e6ngerkabel designet til at udvide r\u00e6kkevidden af kompatible Axis-mikrofoner med 3,5 mm-tilslutning.<\/p>\n<p class=\"ds-markdown-paragraph\">Med en l\u00e6ngde p\u00e5 5 meter (16,4 fod) giver den mulighed for fleksibel placering af mikrofonen i forhold til netv\u00e6rkskameraet, hvilket er ideelt i installationer, hvor direkte forbindelse ikke er praktisk.<\/p>\n<p class=\"ds-markdown-paragraph\"><strong>Hovedtr\u00e6k<\/strong><\/p>\n<ul>\n<li>\n<p class=\"ds-markdown-paragraph\">3,5 mm mono- eller stereostik<\/p>\n<\/li>\n<li>\n<p class=\"ds-markdown-paragraph\">L\u00e6ngde: 5 meter (16,4 fod)<\/p>\n<\/li>\n<li>\n<p class=\"ds-markdown-paragraph\">Kompatibel med udvalgte Axis-mikrofoner<\/p>\n<\/li>\n<li>\n<p class=\"ds-markdown-paragraph\">Muligg\u00f8r transmission af lydsignaler over afstand<\/p>\n<\/li>\n<li>\n<p class=\"ds-markdown-paragraph\">Enkel og direkte installation<\/p>\n<\/li>\n<\/ul>\n<p class=\"ds-markdown-paragraph\"><strong>Anvendelsesomr\u00e5der<\/strong><\/p>\n<ul>\n<li>\n<p class=\"ds-markdown-paragraph\">Udvidelse af lydoptagelse i overv\u00e5gningssystemer<\/p>\n<\/li>\n<li>\n<p class=\"ds-markdown-paragraph\">Fleksibel mikrofonplacering i butikker, kontorer og offentlige milj\u00f8er<\/p>\n<\/li>\n<li>\n<p class=\"ds-markdown-paragraph\">Installationer hvor kamera og mikrofon skal adskilles<\/p>\n<\/li>\n<\/ul>\n<p class=\"ds-markdown-paragraph\"><strong>Teknisk information<\/strong><\/p>\n<ul>\n<li>\n<p class=\"ds-markdown-paragraph\">Stiktype: 3,5 mm jackstik<\/p>\n<\/li>\n<li>\n<p class=\"ds-markdown-paragraph\">Kabell\u00e6ngde: 5 m<\/p>\n<\/li>\n<li>\n<p class=\"ds-markdown-paragraph\">Farve: Sort<\/p>\n<\/li>\n<li>\n<p class=\"ds-markdown-paragraph\">UPC-kode: 7331021065628<\/p>\n<\/li>\n<li>\n<p class=\"ds-markdown-paragraph\">EAN-kode: 7331021065628<\/p>\n<\/li>\n<li>\n<p class=\"ds-markdown-paragraph\">Oprindelsesland: Kina<\/p>\n<\/li>\n<\/ul>\n<p class=\"ds-markdown-paragraph\"><strong>Kompatibilitet<\/strong><\/p>\n<ul>\n<li>\n<p class=\"ds-markdown-paragraph\">Udvalgte Axis-mikrofoner med 3,5 mm tilslutning<\/p>\n<\/li>\n<li>\n<p class=\"ds-markdown-paragraph\">Axis netv\u00e6rkskameraer med lydindgang<\/p>\n<\/li>\n<\/ul>\n<p class=\"ds-markdown-paragraph\">Axis 01589-001 lydforl\u00e6ngerkabel tilbyder en enkel og effektiv l\u00f8sning til at udvide lydoptagelsesmulighederne i dit overv\u00e5gningssystem med h\u00f8j kvalitet og p\u00e5lidelig ydeevne.<\/p>","protected":false},"excerpt":{"rendered":"<div class=\"_4f9bf79 _43c05b5\">\n<div class=\"ds-message _63c77b1\">\n<div class=\"ds-markdown\">\n<p class=\"ds-markdown-paragraph\">5 meter forl\u00e6ngerkabel med 3,5 mm stik til udvalgte Axis-mikrofoner.<\/p>\n<p class=\"ds-markdown-paragraph\">Muligg\u00f8r transmission af lydsignaler op til 5 meter fra mikrofonen til netv\u00e6rkskameraet. Ideel til installationer, hvor mikrofonen skal placeres i en afstand fra kameraet.<\/p>\n<p class=\"ds-markdown-paragraph\">Nem at tilslutte og bruge.<\/p>\n<\/div>\n<\/div>\n<div class=\"ds-theme\"><\/div>\n<div class=\"ds-flex _0a3d93b\">\n<div class=\"ds-flex _965abe9\">\n<div class=\"ds-icon-button db183363\" role=\"button\">\n<div class=\"ds-icon-button__hover-bg\"><\/div>\n<div class=\"ds-icon\"><\/div>\n<\/div>\n<div class=\"ds-icon-button db183363 ds-icon-button--disabled\" role=\"button\">\n<div class=\"ds-icon\"><\/div>\n<\/div>\n<div class=\"ds-icon-button db183363\" role=\"button\">\n<div class=\"ds-icon-button__hover-bg\"><\/div>\n<div class=\"ds-icon\"><\/div>\n<\/div>\n<div class=\"ds-icon-button db183363\" role=\"button\">\n<div class=\"ds-icon-button__hover-bg\"><\/div>\n<div class=\"ds-icon\"><\/div>\n<\/div>\n<div class=\"ds-icon-button db183363\" role=\"button\">\n<div class=\"ds-icon-button__hover-bg\"><\/div>\n<div class=\"ds-icon\"><\/div>\n<\/div>\n<\/div>\n<div><\/div>\n<\/div>\n<\/div>\n<div class=\"_9663006\" data-um-id=\"41\">\n<div class=\"d29f3d7d ds-message _63c77b1\"><\/div>\n<\/div>","protected":false},"featured_media":160072,"template":"","meta":{"_acf_changed":false},"product_brand":[],"product_cat":[4956],"product_tag":[],"class_list":{"0":"post-160073","1":"product","2":"type-product","3":"status-publish","4":"has-post-thumbnail","6":"product_cat-ovrigt-fran-axis","7":"pa_brands-axis","8":"pa_farg-vit","9":"tm-no-options","11":"first","12":"instock","13":"sale","14":"taxable","15":"shipping-taxable","16":"purchasable","17":"product-type-simple"},"acf":[],"_links":{"self":[{"href":"https:\/\/secureus.se\/dk\/wp-json\/wp\/v2\/product\/160073","targetHints":{"allow":["GET"]}}],"collection":[{"href":"https:\/\/secureus.se\/dk\/wp-json\/wp\/v2\/product"}],"about":[{"href":"https:\/\/secureus.se\/dk\/wp-json\/wp\/v2\/types\/product"}],"wp:featuredmedia":[{"embeddable":true,"href":"https:\/\/secureus.se\/dk\/wp-json\/wp\/v2\/media\/160072"}],"wp:attachment":[{"href":"https:\/\/secureus.se\/dk\/wp-json\/wp\/v2\/media?parent=160073"}],"wp:term":[{"taxonomy":"product_brand","embeddable":true,"href":"https:\/\/secureus.se\/dk\/wp-json\/wp\/v2\/product_brand?post=160073"},{"taxonomy":"product_cat","embeddable":true,"href":"https:\/\/secureus.se\/dk\/wp-json\/wp\/v2\/product_cat?post=160073"},{"taxonomy":"product_tag","embeddable":true,"href":"https:\/\/secureus.se\/dk\/wp-json\/wp\/v2\/product_tag?post=160073"}],"curies":[{"name":"wp","href":"https:\/\/api.w.org\/{rel}","templated":true}]}}