{"id":160083,"date":"2025-11-21T11:12:28","date_gmt":"2025-11-21T10:12:28","guid":{"rendered":"https:\/\/secureus.se\/?post_type=product&#038;p=160083"},"modified":"2026-04-09T11:22:44","modified_gmt":"2026-04-09T09:22:44","slug":"axis-m4318-plve-m43-serien-12mp-ip-minidomkamera-med-panoramautsikt-for-utomhusbruk","status":"publish","type":"product","link":"https:\/\/secureus.se\/dk\/axis-m4318-plve-m43-serien-12mp-ip-minidomkamera-med-panoramautsikt-for-utomhusbruk\/","title":{"rendered":"AXIS M4318-PLVE M43-serien, 12MP IP Mini Dome-kamera med panoramaudsigt til udend\u00f8rs brug"},"content":{"rendered":"<h1>AXIS M4318-PLVE M43-serien, 12MP IP Mini Dome-kamera med panoramaudsigt til udend\u00f8rs brug<\/h1>\n<div class=\"dad65929\">\n<div class=\"_4f9bf79 d7dc56a8 _43c05b5\">\n<div class=\"ds-message _63c77b1\">\n<div class=\"ds-markdown\">\n<p class=\"ds-markdown-paragraph\"><strong>Produkt oversigt<\/strong><\/p>\n<p class=\"ds-markdown-paragraph\">Axis M4318-PLVE er et avanceret 12MP panorama mini-dome-kamera, der er specielt designet til kr\u00e6vende udend\u00f8rsmilj\u00f8er.<\/p>\n<p class=\"ds-markdown-paragraph\">Med sit kompakte design og exceptionelle ydeevne tilbyder kameraet komplette 180\u00b0 og 360\u00b0 oversigtsvisninger, hvilket g\u00f8r det ideelt til overv\u00e5gning af store omr\u00e5der uden blinde vinkler.<\/p>\n<p class=\"ds-markdown-paragraph\"><strong>Avanceret billedteknologi til alle lysforhold<\/strong><\/p>\n<p class=\"ds-markdown-paragraph\">Kameraet er udstyret med en 12MP-sensor og et stereografisk objektiv med Sharpdome 360-teknologi, der giver forbedret skarphed selv i billedets kanter.<\/p>\n<p class=\"ds-markdown-paragraph\">Indbygget IR-belysning med individuelt styrbare LED&#039;er sikrer klare, bl\u00e6ndfri billeder, selv i totalt m\u00f8rke.<\/p>\n<p class=\"ds-markdown-paragraph\">Lightfinder-teknologi sikrer naturtro farvebilleder i svagt lys, mens Forensic WDR h\u00e5ndterer ekstreme lyskontraster.<\/p>\n<p class=\"ds-markdown-paragraph\"><strong>Intelligent analyse med dybdeg\u00e5ende l\u00e6ring<\/strong><\/p>\n<p class=\"ds-markdown-paragraph\">Med en dedikeret Deep Learning Processing Unit (DLPU) muligg\u00f8r kameraet avanceret AI-analyse direkte i kameraet.<\/p>\n<p class=\"ds-markdown-paragraph\">AXIS Object Analytics registrerer og klassificerer automatisk personer, k\u00f8ret\u00f8jer og k\u00f8ret\u00f8jstyper.<\/p>\n<p class=\"ds-markdown-paragraph\">Kameraet underst\u00f8tter ogs\u00e5 AXIS Image Health Analytics til automatisk overv\u00e5gning af billedkvalitet og AXIS Scene Metadata til avanceret metadataudtr\u00e6kning.<\/p>\n<p class=\"ds-markdown-paragraph\"><strong>Robust konstruktion til udend\u00f8rs brug<\/strong>Med IP66- og IK10-klassificeringer kan kameraet modst\u00e5 barske vejrforhold og h\u00e6rv\u00e6rk.<\/p>\n<p class=\"ds-markdown-paragraph\">Det kompakte design med hvidt polycarbonatglasforst\u00e6rket h\u00e6rdet glas passer diskret ind i ethvert milj\u00f8.<\/p>\n<p class=\"ds-markdown-paragraph\">Kameraet er PoE-drevet (IEEE 802.3af\/at) og kan modst\u00e5 temperaturer fra -40\u00b0C til +50\u00b0C.<\/p>\n<p class=\"ds-markdown-paragraph\"><strong>Teknisk information<\/strong><\/p>\n<ul>\n<li>\n<p class=\"ds-markdown-paragraph\">Sensor: 1\/2,3\u2033 RGB CMOS, 12 MP<\/p>\n<\/li>\n<li>\n<p class=\"ds-markdown-paragraph\">Objektiv: 1,2 mm fast objektiv, F2.2<\/p>\n<\/li>\n<li>\n<p class=\"ds-markdown-paragraph\">Synsfelt: 182\u00b0 vandret og lodret<\/p>\n<\/li>\n<li>\n<p class=\"ds-markdown-paragraph\">Videokomprimering: H.264, H.265, Motion JPEG<\/p>\n<\/li>\n<li>\n<p class=\"ds-markdown-paragraph\">IR-belysning: 15 meter r\u00e6kkevidde, 850 nm<\/p>\n<\/li>\n<li>\n<p class=\"ds-markdown-paragraph\">Netv\u00e6rk: Power over Ethernet (PoE)<\/p>\n<\/li>\n<li>\n<p class=\"ds-markdown-paragraph\">Lagring: microSD-kort og NAS<\/p>\n<\/li>\n<li>\n<p class=\"ds-markdown-paragraph\">Certificeringer: IP66, IK10, NEMA 4X<\/p>\n<\/li>\n<\/ul>\n<p class=\"ds-markdown-paragraph\"><strong>Analysefunktioner<\/strong><\/p>\n<ul>\n<li>\n<p class=\"ds-markdown-paragraph\">AXIS Object Analytics: Person- og k\u00f8ret\u00f8jsdetektion<\/p>\n<\/li>\n<li>\n<p class=\"ds-markdown-paragraph\">AXIS Image Health Analytics: Overv\u00e5gning af billedkvalitet<\/p>\n<\/li>\n<li>\n<p class=\"ds-markdown-paragraph\">AXIS Scene Metadata: Metadataudtr\u00e6kning<\/p>\n<\/li>\n<li>\n<p class=\"ds-markdown-paragraph\">AXIS Video Motion Detection: Bev\u00e6gelsesdetektion<\/p>\n<\/li>\n<li>\n<p class=\"ds-markdown-paragraph\">Support til ACAP-applikationer<\/p>\n<\/li>\n<\/ul>\n<p class=\"ds-markdown-paragraph\"><strong>Sikkerhed og integration<\/strong><\/p>\n<p class=\"ds-markdown-paragraph\">Axis Edge Vault sikrer hardwarebaseret cybersikkerhed med sikker opstart, krypteret lagring og signerede videostreams.<\/p>\n<p class=\"ds-markdown-paragraph\">Kameraet er ONVIF-kompatibelt og integreres problemfrit med f\u00f8rende VMS-systemer.<\/p>\n<p class=\"ds-markdown-paragraph\">Axis M4318-PLVE kombinerer avanceret panoramateknologi med intelligent AI-analyse for at skabe en komplet overv\u00e5gningsl\u00f8sning til kr\u00e6vende udend\u00f8rsmilj\u00f8er.<\/p>\n<p class=\"ds-markdown-paragraph\">Med sin exceptionelle billedkvalitet og omfattende analysefunktioner tilbyder kameraet b\u00e5de omfattende d\u00e6kning og intelligent indsigt.<\/p>\n<\/div>\n<\/div>\n<\/div>\n<\/div>\n<div class=\"sc-bczRLJ fySwpa\">\n<div class=\"sc-bczRLJ kEeNDb\"><\/div>\n<\/div>","protected":false},"excerpt":{"rendered":"<p>Axis M4318-PLVE 12MP Panorama Mini-Dome<\/p>\n<p>Udend\u00f8rskamera med 360\u00b0 visning og 12MP sensor.<\/p>\n<p>Indbygget IR-belysning til nattesyn, dybdeg\u00e5ende l\u00e6ringsanalyse til person- og k\u00f8ret\u00f8jsdetektion.<\/p>\n<p>IP66\/IK10-beskyttet, PoE-drevet.<\/p>\n<p>Perfekt til avanceret udend\u00f8rsoverv\u00e5gning.<\/p>","protected":false},"featured_media":160079,"template":"","meta":{"_acf_changed":false},"product_brand":[],"product_cat":[4950],"product_tag":[],"class_list":{"0":"post-160083","1":"product","2":"type-product","3":"status-publish","4":"has-post-thumbnail","6":"product_cat-axis-domekameror","7":"pa_brands-axis","8":"pa_farg-vit","9":"tm-no-options","11":"first","12":"instock","13":"sale","14":"taxable","15":"shipping-taxable","16":"purchasable","17":"product-type-simple"},"acf":[],"_links":{"self":[{"href":"https:\/\/secureus.se\/dk\/wp-json\/wp\/v2\/product\/160083","targetHints":{"allow":["GET"]}}],"collection":[{"href":"https:\/\/secureus.se\/dk\/wp-json\/wp\/v2\/product"}],"about":[{"href":"https:\/\/secureus.se\/dk\/wp-json\/wp\/v2\/types\/product"}],"wp:featuredmedia":[{"embeddable":true,"href":"https:\/\/secureus.se\/dk\/wp-json\/wp\/v2\/media\/160079"}],"wp:attachment":[{"href":"https:\/\/secureus.se\/dk\/wp-json\/wp\/v2\/media?parent=160083"}],"wp:term":[{"taxonomy":"product_brand","embeddable":true,"href":"https:\/\/secureus.se\/dk\/wp-json\/wp\/v2\/product_brand?post=160083"},{"taxonomy":"product_cat","embeddable":true,"href":"https:\/\/secureus.se\/dk\/wp-json\/wp\/v2\/product_cat?post=160083"},{"taxonomy":"product_tag","embeddable":true,"href":"https:\/\/secureus.se\/dk\/wp-json\/wp\/v2\/product_tag?post=160083"}],"curies":[{"name":"wp","href":"https:\/\/api.w.org\/{rel}","templated":true}]}}