{"id":160105,"date":"2025-11-21T11:12:28","date_gmt":"2025-11-21T10:12:28","guid":{"rendered":"https:\/\/secureus.se\/?post_type=product&#038;p=160105"},"modified":"2026-04-09T11:22:10","modified_gmt":"2026-04-09T09:22:10","slug":"axis-m3216-lve-m32-serien-4mp-zipstream-ip-dome-kamera-29-mm-fast-objektiv-ir-30m-ip66-vit","status":"publish","type":"product","link":"https:\/\/secureus.se\/dk\/axis-m3216-lve-m32-serien-4mp-zipstream-ip-dome-kamera-29-mm-fast-objektiv-ir-30m-ip66-vit\/","title":{"rendered":"AXIS M3216-LVE M32-serien, 4MP Zipstream IP Dome-kamera, 2,9 mm fast objektiv, IR 30M, IP66, hvid"},"content":{"rendered":"<h1>AXIS M3216-LVE M32-serien, 4MP Zipstream IP Dome-kamera, 2,9 mm fast objektiv, IR 30M, IP66, hvid<\/h1>\n<h3>Produkt oversigt<\/h3>\n<p class=\"ds-markdown-paragraph\">AXIS M3216-LVE er et omkostningseffektivt 4MP netv\u00e6rksdomekamera. Det er bygget til at levere fremragende billedkvalitet under alle lysforhold og har indbygget intelligens til avanceret analyse direkte i kameraet (&quot;ved kanten&quot;).<\/p>\n<h3>Vigtigste egenskaber<\/h3>\n<ul>\n<li>\n<p class=\"ds-markdown-paragraph\"><strong>Fremragende 4MP billedkvalitet:<\/strong>\u00a0Skarpt billede i h\u00f8j opl\u00f8sning.<\/p>\n<\/li>\n<li>\n<p class=\"ds-markdown-paragraph\"><strong>Avanceret billedteknologi:<\/strong><\/p>\n<ul>\n<li>\n<p class=\"ds-markdown-paragraph\"><strong>Lysfinder:<\/strong>\u00a0Giver gode farvebilleder selv i svagt lys.<\/p>\n<\/li>\n<li>\n<p class=\"ds-markdown-paragraph\"><strong>Retsmedicinsk WDR:<\/strong>\u00a0H\u00e5ndterer sorte skygger og lyse omr\u00e5der godt (op til 120 dB).<\/p>\n<\/li>\n<li>\n<p class=\"ds-markdown-paragraph\"><strong>Optimeret IR:<\/strong>\u00a0Effektiv IR-belysning med en r\u00e6kkevidde p\u00e5 30 meter.<\/p>\n<\/li>\n<\/ul>\n<\/li>\n<li>\n<p class=\"ds-markdown-paragraph\"><strong>Analyse af dybdeg\u00e5ende l\u00e6ring:<\/strong>\u00a0Kan identificere og klassificere\u00a0<strong>mennesker og k\u00f8ret\u00f8jer<\/strong>\u00a0(biler, busser, lastbiler, cykler). Underst\u00f8tter scenarier som linjeoverskridelse, omr\u00e5deindgang og opt\u00e6lling.<\/p>\n<\/li>\n<li>\n<p class=\"ds-markdown-paragraph\"><strong>Lyd- og I\/O-forbindelser:<\/strong>\u00a0Muligg\u00f8r tilslutning af ekstern mikrofon, h\u00f8jttalere og sensorer.<\/p>\n<\/li>\n<li>\n<p class=\"ds-markdown-paragraph\"><strong>Indbygget cybersikkerhedsbeskyttelse:<\/strong>\u00a0Omfattende sikkerhedsfunktioner til beskyttelse af kameraet og netv\u00e6rket.<\/p>\n<\/li>\n<\/ul>\n<h3>Tekniske specifikationer<\/h3>\n<div class=\"ds-scroll-area _1210dd7 c03cafe9\">\n<div class=\"ds-scroll-area__gutters\">\n<div class=\"ds-scroll-area__vertical-gutter\"><\/div>\n<\/div>\n<table>\n<thead>\n<tr>\n<th>Kategori<\/th>\n<th>Specifikation<\/th>\n<\/tr>\n<\/thead>\n<tbody>\n<tr>\n<td><strong>Billedsensor<\/strong><\/td>\n<td>1\/2,7\u2033 RGB CMOS<\/td>\n<\/tr>\n<tr>\n<td><strong>Objektiv<\/strong><\/td>\n<td>2,9 mm fast objektiv, F2.0. Vandret synsfelt: 102\u00b0<\/td>\n<\/tr>\n<tr>\n<td><strong>24\/7-tilstand<\/strong><\/td>\n<td>Automatisk IR-filter<\/td>\n<\/tr>\n<tr>\n<td><strong>Minimumsbelysning<\/strong><\/td>\n<td>Farve: 10 lux (med WDR og Lightfinder). Sort\/hvid: 0 lux (med IR t\u00e6ndt)<\/td>\n<\/tr>\n<tr>\n<td><strong>Justeringsomr\u00e5de<\/strong><\/td>\n<td>Panoreringsvinkel: \u00b1190\u00b0, H\u00e6ldningsvinkel: -10\u00b0 til +80\u00b0, Rotation: \u00b1190\u00b0<\/td>\n<\/tr>\n<tr>\n<td><strong>Processor (SoC)<\/strong><\/td>\n<td>ARTPEC-8 med Deep Learning-enhed (DLPU)<\/td>\n<\/tr>\n<tr>\n<td><strong>Hukommelse<\/strong><\/td>\n<td>1 GB RAM, 8 GB flashhukommelse<\/td>\n<\/tr>\n<tr>\n<td><strong>Videokomprimering<\/strong><\/td>\n<td>H.264, H.265, Bev\u00e6gelses-JPEG<\/td>\n<\/tr>\n<tr>\n<td><strong>Billedhastighed<\/strong><\/td>\n<td>Op til 30 billeder i sekundet i alle opl\u00f8sninger<\/td>\n<\/tr>\n<tr>\n<td><strong>Lydkomprimering<\/strong><\/td>\n<td>AAC, G.711, G.726, Opus, LPCM<\/td>\n<\/tr>\n<tr>\n<td><strong>Netv\u00e6rksprotokol<\/strong><\/td>\n<td>IPv4\/IPv6, HTTP\/HTTPS, RTSP, ONVIF, SIP osv.<\/td>\n<\/tr>\n<tr>\n<td><strong>Str\u00f8mforsyning<\/strong><\/td>\n<td>Str\u00f8m via Ethernet (PoE) \u2013 IEEE 802.3af\/at<\/td>\n<\/tr>\n<tr>\n<td><strong>Driftstemperatur<\/strong><\/td>\n<td>-40\u00b0C til 50\u00b0C<\/td>\n<\/tr>\n<tr>\n<td><strong>Opbevaring<\/strong><\/td>\n<td>Underst\u00f8ttelse af microSD-kort og NAS (netv\u00e6rkstilsluttet lagring)<\/td>\n<\/tr>\n<tr>\n<td><strong>Beskyttelsesklasse<\/strong><\/td>\n<td>IP66, IK10<\/td>\n<\/tr>\n<\/tbody>\n<\/table>\n<\/div>\n<h3>Medf\u00f8lgende tilbeh\u00f8r<\/h3>\n<p class=\"ds-markdown-paragraph\">Installationsvejledning, hulskabelon, RESISTORxe TR20-bit, klemmeforbindelse, kabelforskruninger, kontaktliste og vejrbeskyttelse.<\/p>\n<h3>Ekstraudstyr<\/h3>\n<ul>\n<li>\n<p class=\"ds-markdown-paragraph\">AXIS TP3822-E Vejrbeskyttelse (Sort)<\/p>\n<\/li>\n<li>\n<p class=\"ds-markdown-paragraph\">AXIS TP3821-E D\u00e6ksel (Sort)<\/p>\n<\/li>\n<li>\n<p class=\"ds-markdown-paragraph\">AXIS TM3815-E Dome (R\u00f8get)<\/p>\n<\/li>\n<li>\n<p class=\"ds-markdown-paragraph\">AXIS overv\u00e5gningskort (hukommelseskort)<\/p>\n<\/li>\n<\/ul>\n<h3>Anvendelsesomr\u00e5der<\/h3>\n<p class=\"ds-markdown-paragraph\">Kameraet er velegnet til overv\u00e5gning af butikker, kontorer, skoler, offentlig transport og industrielle milj\u00f8er, hvor intelligent analyse og h\u00f8j billedkvalitet er vigtig.<\/p>","protected":false},"excerpt":{"rendered":"<p>Et omkostningseffektivt 4MP dome-kamera med avanceret billedteknologi, der giver fremragende billedkvalitet under alle lysforhold.<\/p>\n<p>Kameraet har indbygget AI-analyse til at identificere personer og k\u00f8ret\u00f8jer direkte i kameraet samt lyd- og I\/O-forbindelser til systemintegration.<\/p>\n<p>Med IP66\/I<\/p>","protected":false},"featured_media":160103,"template":"","meta":{"_acf_changed":false},"product_brand":[],"product_cat":[4950],"product_tag":[],"class_list":{"0":"post-160105","1":"product","2":"type-product","3":"status-publish","4":"has-post-thumbnail","6":"product_cat-axis-domekameror","7":"pa_brands-axis","8":"pa_farg-vit","9":"tm-no-options","11":"first","12":"instock","13":"sale","14":"taxable","15":"shipping-taxable","16":"purchasable","17":"product-type-simple"},"acf":[],"_links":{"self":[{"href":"https:\/\/secureus.se\/dk\/wp-json\/wp\/v2\/product\/160105","targetHints":{"allow":["GET"]}}],"collection":[{"href":"https:\/\/secureus.se\/dk\/wp-json\/wp\/v2\/product"}],"about":[{"href":"https:\/\/secureus.se\/dk\/wp-json\/wp\/v2\/types\/product"}],"wp:featuredmedia":[{"embeddable":true,"href":"https:\/\/secureus.se\/dk\/wp-json\/wp\/v2\/media\/160103"}],"wp:attachment":[{"href":"https:\/\/secureus.se\/dk\/wp-json\/wp\/v2\/media?parent=160105"}],"wp:term":[{"taxonomy":"product_brand","embeddable":true,"href":"https:\/\/secureus.se\/dk\/wp-json\/wp\/v2\/product_brand?post=160105"},{"taxonomy":"product_cat","embeddable":true,"href":"https:\/\/secureus.se\/dk\/wp-json\/wp\/v2\/product_cat?post=160105"},{"taxonomy":"product_tag","embeddable":true,"href":"https:\/\/secureus.se\/dk\/wp-json\/wp\/v2\/product_tag?post=160105"}],"curies":[{"name":"wp","href":"https:\/\/api.w.org\/{rel}","templated":true}]}}