{"id":160128,"date":"2025-11-21T11:12:29","date_gmt":"2025-11-21T10:12:29","guid":{"rendered":"https:\/\/secureus.se\/?post_type=product&#038;p=160128"},"modified":"2026-04-23T13:01:50","modified_gmt":"2026-04-23T11:01:50","slug":"axis-m3215-lve-m32-serien-2mp-zipstream-ip-dome-kamera-med-dlpu-28-mm-fast-objektiv-ir-30m-ip66-ersatter-m3205-lve","status":"publish","type":"product","link":"https:\/\/secureus.se\/dk\/axis-m3215-lve-m32-serien-2mp-zipstream-ip-dome-kamera-med-dlpu-28-mm-fast-objektiv-ir-30m-ip66-ersatter-m3205-lve\/","title":{"rendered":"AXIS M3215-LVE M32-serien, 2MP Zipstream IP Dome-kamera med DLPU, 2,8 mm fast objektiv, IR 30M, IP66 (erstatter M3205-LVE)"},"content":{"rendered":"<h1>AXIS M3215-LVE M32-serien, 2MP Zipstream IP-domekamera med DLPU, 2,8 mm fast linse, IR 30M, IP66<\/h1>\n<div class=\"dad65929\">\n<div class=\"_4f9bf79 d7dc56a8 _43c05b5\">\n<div class=\"ds-message _63c77b1\">\n<div class=\"ds-markdown\">\n<p class=\"ds-markdown-paragraph\">AXIS M3215-LVE er et omkostningseffektivt 2MP domekamera, der kombinerer p\u00e5lidelig ydeevne med avancerede funktioner til b\u00e5de indend\u00f8rs og udend\u00f8rs overv\u00e5gning.<\/p>\n<p class=\"ds-markdown-paragraph\">Med et fast 2,8 mm objektiv og en 1\/2,9\u2033 RGB CMOS-sensor leverer kameraet skarpe 1080p-billeder med op til 30 billeder i sekundet.<\/p>\n<p class=\"ds-markdown-paragraph\">Kameraet er udstyret med Axis&#039; gennempr\u00f8vede billedteknologi, herunder Lightfinder for exceptionel billedkvalitet i svagt lys, Forensic WDR for detaljerede billeder i motiver med h\u00f8j kontrast og OptimizedIR med IR-belysning, der r\u00e6kker op til 30 meter.<\/p>\n<p class=\"ds-markdown-paragraph\">Dette sikrer p\u00e5lidelig overv\u00e5gning d\u00f8gnet rundt uanset lysforholdene.<\/p>\n<p class=\"ds-markdown-paragraph\">Kameraet er bygget p\u00e5 ARTPEC-8-processoren med dedikeret Deep Learning Processing Unit (DLPU) og muligg\u00f8r avanceret AI-analyse direkte i kameraet.<\/p>\n<p class=\"ds-markdown-paragraph\">Med AXIS Object Analytics kan den automatisk registrere og klassificere personer, k\u00f8ret\u00f8jer og forskellige k\u00f8ret\u00f8jstyper og underst\u00f8tter scenarier som linjeoverskridelse og omr\u00e5deoverv\u00e5gning.<\/p>\n<p class=\"ds-markdown-paragraph\">Med robust IP66- og IK10-beskyttelse kan kameraet modst\u00e5 barske vejrforhold og fysisk belastning.<\/p>\n<p class=\"ds-markdown-paragraph\">Indbygget cybersikkerhedsfunktionalitet inkluderer Axis Edge Vault-platformen til sikker opbevaring af kryptografiske n\u00f8gler, sikker opstart og krypteret filsystem.<\/p>\n<p class=\"ds-markdown-paragraph\"><strong>Vigtigste tekniske funktioner:<\/strong><\/p>\n<ul>\n<li>\n<p class=\"ds-markdown-paragraph\">2MP RGB CMOS-sensor med fast 2,8 mm linse<\/p>\n<\/li>\n<li>\n<p class=\"ds-markdown-paragraph\">Lightfinder, Forensic WDR og OptimizedIR med 30 meter IR-belysning<\/p>\n<\/li>\n<li>\n<p class=\"ds-markdown-paragraph\">ARTPEC-8-processor med Deep Learning Processing Unit (DLPU)<\/p>\n<\/li>\n<li>\n<p class=\"ds-markdown-paragraph\">AXIS Object Analytics med klassificering af personer og k\u00f8ret\u00f8jer<\/p>\n<\/li>\n<li>\n<p class=\"ds-markdown-paragraph\">IP66- og IK10-beskyttelse til udend\u00f8rs brug<\/p>\n<\/li>\n<li>\n<p class=\"ds-markdown-paragraph\">Axis Edge Vault til avanceret cybersikkerhed<\/p>\n<\/li>\n<li>\n<p class=\"ds-markdown-paragraph\">Underst\u00f8ttelse af H.264\/H.265-komprimering med Axis Zipstream-teknologi<\/p>\n<\/li>\n<li>\n<p class=\"ds-markdown-paragraph\">PoE-drift (IEEE 802.3af\/at) for nem installation<\/p>\n<\/li>\n<li>\n<p class=\"ds-markdown-paragraph\">5 \u00e5rs garanti<\/p>\n<\/li>\n<\/ul>\n<p class=\"ds-markdown-paragraph\">AXIS M3215-LVE er et fremragende valg til budgetbevidste installationer, der kr\u00e6ver p\u00e5lidelig billedkvalitet, intelligent analyse og robust beskyttelse til b\u00e5de indend\u00f8rs og udend\u00f8rs milj\u00f8er.<\/p>\n<\/div>\n<\/div>\n<\/div>\n<\/div>","protected":false},"excerpt":{"rendered":"<p>Lightfinder, Forensic WDR og OptimisedIR med 30 meter IR-belysning sikrer fremragende billedkvalitet under alle lysforhold. Kameraet har IP66-beskyttelse til udend\u00f8rs brug og indbygget cybersikkerhed.<\/p>","protected":false},"featured_media":160125,"template":"","meta":{"_acf_changed":false},"product_brand":[],"product_cat":[4950],"product_tag":[],"class_list":{"0":"post-160128","1":"product","2":"type-product","3":"status-publish","4":"has-post-thumbnail","6":"product_cat-axis-domekameror","7":"pa_brands-axis","8":"pa_farg-vit","9":"tm-no-options","11":"first","12":"onbackorder","13":"sale","14":"taxable","15":"shipping-taxable","16":"purchasable","17":"product-type-simple"},"acf":[],"_links":{"self":[{"href":"https:\/\/secureus.se\/dk\/wp-json\/wp\/v2\/product\/160128","targetHints":{"allow":["GET"]}}],"collection":[{"href":"https:\/\/secureus.se\/dk\/wp-json\/wp\/v2\/product"}],"about":[{"href":"https:\/\/secureus.se\/dk\/wp-json\/wp\/v2\/types\/product"}],"wp:featuredmedia":[{"embeddable":true,"href":"https:\/\/secureus.se\/dk\/wp-json\/wp\/v2\/media\/160125"}],"wp:attachment":[{"href":"https:\/\/secureus.se\/dk\/wp-json\/wp\/v2\/media?parent=160128"}],"wp:term":[{"taxonomy":"product_brand","embeddable":true,"href":"https:\/\/secureus.se\/dk\/wp-json\/wp\/v2\/product_brand?post=160128"},{"taxonomy":"product_cat","embeddable":true,"href":"https:\/\/secureus.se\/dk\/wp-json\/wp\/v2\/product_cat?post=160128"},{"taxonomy":"product_tag","embeddable":true,"href":"https:\/\/secureus.se\/dk\/wp-json\/wp\/v2\/product_tag?post=160128"}],"curies":[{"name":"wp","href":"https:\/\/api.w.org\/{rel}","templated":true}]}}