{"id":160137,"date":"2025-11-21T11:12:29","date_gmt":"2025-11-21T10:12:29","guid":{"rendered":"https:\/\/secureus.se\/?post_type=product&#038;p=160137"},"modified":"2026-04-23T13:01:41","modified_gmt":"2026-04-23T11:01:41","slug":"axis-p1465-le-p14-serien-2mp-zipstream-ip-bullet-kamera-29-mm-objektiv-ir-80m-ip67-vit","status":"publish","type":"product","link":"https:\/\/secureus.se\/dk\/axis-p1465-le-p14-serien-2mp-zipstream-ip-bullet-kamera-29-mm-objektiv-ir-80m-ip67-vit\/","title":{"rendered":"AXIS P1465-LE P14-serien, 2MP Zipstream IP Bullet-kamera, 29 mm objektiv, IR 80M, IP67, hvid"},"content":{"rendered":"<h1>AXIS P1465-LE P14-serien, 2MP Zipstream IP Bullet-kamera, 29 mm objektiv, IR 80M, IP67, hvid<\/h1>\n<h3 class=\"TypographyStyle--11lquxl jakscM titleText\" data-test-selector=\"OverviewTitle\">Produkt oversigt<\/h3>\n<div class=\"sc-bczRLJ eJpGGI\">\n<div class=\"headernamehrnone\">Dette fuldt udstyrede kamera leverer fremragende billedkvalitet under alle lysforhold. Det har en opl\u00f8sning p\u00e5 2 MP med en billedhastighed p\u00e5 op til 60 fps.<\/div>\n<div><\/div>\n<div class=\"headernamehrnone\">Takket v\u00e6re Lightfinder 2.0 og Forensic WDR leverer den \u00e6gte farver og fantastiske detaljer i udfordrende lys eller n\u00e6sten m\u00f8rke.<\/div>\n<div><\/div>\n<div class=\"headernamehrnone\">OptimizedIR muligg\u00f8r overv\u00e5gning i totalt m\u00f8rke op til 40 m (131 ft) uden behov for yderligere belysning.<\/div>\n<div><\/div>\n<div class=\"headernamehrnone\">Og bev\u00e6gelsestilpasningsbaseret eksponering reducerer bev\u00e6gelsessl\u00f8r fra objekter, der n\u00e6rmer sig eller n\u00e6rmer sig.<\/div>\n<div><\/div>\n<div class=\"headernamehrnone\">Kameraet f\u00e5s ogs\u00e5 i to varianter med forskellige objektiver: et 9 mm vidvinkelobjektiv til overv\u00e5gning af store omr\u00e5der og et 29 mm teleobjektiv til overv\u00e5gning p\u00e5 afstand.<\/div>\n<div><\/div>\n<div class=\"headernamehrnone\">Dette h\u00f8jtydende kamera er baseret p\u00e5 ARTPEC-8 og har en DLPU (Deep Learning Processing Unit).<\/div>\n<div><\/div>\n<div class=\"headernamehrnone\">Dette muligg\u00f8r forbedrede behandlings- og lagringsfunktioner, s\u00e5 du kan indsamle og analysere endnu flere data end f\u00f8r \u2013 i gr\u00e6nseomr\u00e5det.<\/div>\n<div><\/div>\n<div class=\"headernamehrnone\">Takket v\u00e6re AXIS Object Analytics kan den registrere og klassificere personer, k\u00f8ret\u00f8jer og k\u00f8ret\u00f8jstyper \u2013 alt sammen skr\u00e6ddersyet til dine specifikke behov.<\/div>\n<div><\/div>\n<div class=\"headernamehrnone\">Med kant-til-kant-teknologi kan den tilsluttes en Axis-netv\u00e6rksh\u00f8jttaler for tovejslyd.<\/div>\n<div><\/div>\n<div class=\"headernamehrnone\">Derudover kan den drives af DC-str\u00f8m og PoE.<\/div>\n<div><\/div>\n<div class=\"headernamehrnone\">Og selv i tilf\u00e6lde af str\u00f8mafbrydelse sikrer redundant j\u00e6vnstr\u00f8m en p\u00e5lidelig str\u00f8mforsyning, der beskytter dine data.<\/div>\n<div><\/div>\n<div class=\"headernamehrnone\">AXIS P1465-LE har indbyggede cybersikkerhedsfunktioner, der hj\u00e6lper med at forhindre uautoriseret adgang og beskytte dit system.<\/div>\n<div><\/div>\n<div class=\"headernamehrnone\">Axis Edge Vault beskytter dit Axis-enheds-ID og forenkler godkendelse af Axis-produkter i dit netv\u00e6rk.<\/div>\n<div><\/div>\n<div class=\"headernamehrnone\">Derudover sikrer signeret firmware og sikker opstart, at firmwaren ikke er blevet kompromitteret, og at kun autoriseret firmware er installeret.<\/div>\n<div><\/div>\n<div class=\"headernamehrnone\">Og om n\u00f8dvendigt sikrer sikker opstart, at kameraet er helt fri for malware, selv efter en fabriksnulstilling.<\/div>\n<div><\/div>\n<div class=\"headernamehrnone\">Derudover er dette robuste, udend\u00f8rskamera med IP66\/67-, NEMA 4X- og IK10-klassificeringer beskyttet mod st\u00f8v, regn, sne og st\u00f8d og kan modst\u00e5 vind p\u00e5 op til 50 m\/s.<\/div>\n<div><\/div>\n<div class=\"row headername\">\n<div class=\"item-header rd-hyg-item-header\"><strong>Hovedkarakteristika<\/strong><\/div>\n<div class=\"row\">\n<ul>\n<li>Lightfinder 2.0, Forensisk WDR, Optimeret IR<\/li>\n<li>Analyse med dybdeg\u00e5ende l\u00e6ring<\/li>\n<li>Lyd- og I\/O-forbindelser<\/li>\n<li>Indbyggede cybersikkerhedsfunktioner<\/li>\n<li>To alternative linser<\/li>\n<\/ul>\n<\/div>\n<\/div>\n<div>\n<div class=\"row headername non-etl-overview\"><\/div>\n<\/div>\n<\/div>\n<div class=\"sc-bczRLJ fySwpa\">\n<div class=\"sc-bczRLJ kEeNDb\"><\/div>\n<\/div>","protected":false},"excerpt":{"rendered":"<p>AXIS P1465-LE P14-serien, 2MP Zipstream IP Bullet-kamera, 29 mm objektiv, IR 80M, IP67, hvid<\/p>","protected":false},"featured_media":160134,"template":"","meta":{"_acf_changed":false},"product_brand":[],"product_cat":[4949],"product_tag":[],"class_list":{"0":"post-160137","1":"product","2":"type-product","3":"status-publish","4":"has-post-thumbnail","6":"product_cat-axis-bulletkameror","7":"pa_brands-axis","8":"pa_farg-vit","9":"tm-no-options","11":"first","12":"onbackorder","13":"sale","14":"taxable","15":"shipping-taxable","16":"purchasable","17":"product-type-simple"},"acf":[],"_links":{"self":[{"href":"https:\/\/secureus.se\/dk\/wp-json\/wp\/v2\/product\/160137","targetHints":{"allow":["GET"]}}],"collection":[{"href":"https:\/\/secureus.se\/dk\/wp-json\/wp\/v2\/product"}],"about":[{"href":"https:\/\/secureus.se\/dk\/wp-json\/wp\/v2\/types\/product"}],"wp:featuredmedia":[{"embeddable":true,"href":"https:\/\/secureus.se\/dk\/wp-json\/wp\/v2\/media\/160134"}],"wp:attachment":[{"href":"https:\/\/secureus.se\/dk\/wp-json\/wp\/v2\/media?parent=160137"}],"wp:term":[{"taxonomy":"product_brand","embeddable":true,"href":"https:\/\/secureus.se\/dk\/wp-json\/wp\/v2\/product_brand?post=160137"},{"taxonomy":"product_cat","embeddable":true,"href":"https:\/\/secureus.se\/dk\/wp-json\/wp\/v2\/product_cat?post=160137"},{"taxonomy":"product_tag","embeddable":true,"href":"https:\/\/secureus.se\/dk\/wp-json\/wp\/v2\/product_tag?post=160137"}],"curies":[{"name":"wp","href":"https:\/\/api.w.org\/{rel}","templated":true}]}}