{"id":160161,"date":"2025-11-21T11:12:30","date_gmt":"2025-11-21T10:12:30","guid":{"rendered":"https:\/\/secureus.se\/?post_type=product&#038;p=160161"},"modified":"2026-04-23T12:59:27","modified_gmt":"2026-04-23T10:59:27","slug":"axis-q1971-e-varmekamera-for-utomhusbruk-13-mm-fast-objektiv-30-fps-ik10-vit","status":"publish","type":"product","link":"https:\/\/secureus.se\/dk\/axis-q1971-e-varmekamera-for-utomhusbruk-13-mm-fast-objektiv-30-fps-ik10-vit\/","title":{"rendered":"AXIS Q1971-E udend\u00f8rs termisk kamera, 13 mm fast linse, 30 fps, IK10, hvid"},"content":{"rendered":"<h1>AXIS Q1971-E udend\u00f8rs termisk kamera, 13 mm fast linse, 30 fps, IK10, hvid<\/h1>\n<p class=\"ds-markdown-paragraph\">AXIS Q1971-E termisk kamera med 13 mm linse er et avanceret termisk kamera, der eliminerer afh\u00e6ngigheden af dagslys og visuelle billeder for at tilbyde exceptionel detektion og verifikation d\u00f8gnet rundt.<\/p>\n<p class=\"ds-markdown-paragraph\">Den er s\u00e6rligt velegnet til perimeterbeskyttelse i kritiske udend\u00f8rsmilj\u00f8er, hvor det robuste, halogenfri design modst\u00e5r barske forhold og leverer ensartet ydeevne selv i t\u00e5ge, r\u00f8g, snefald eller totalt m\u00f8rke.<\/p>\n<p class=\"ds-markdown-paragraph\"><strong>Teknisk ydeevne med 13 mm objektiv<\/strong><br \/>\nDenne variant af Q1971-E er udstyret med en fast 13 mm athermiseret linse med en lysstyrke p\u00e5 F1.0.<\/p>\n<p class=\"ds-markdown-paragraph\">Linsen giver et vandret synsfelt p\u00e5 29\u00b0 og et lodret synsfelt p\u00e5 22\u00b0, hvilket g\u00f8r den ideel til overv\u00e5gning af moderat store omr\u00e5der s\u00e5som l\u00e6sseramper, portpassager eller specifikke sektorer i et stort omr\u00e5de.<\/p>\n<p class=\"ds-markdown-paragraph\">Den korte fokuseringsafstand p\u00e5 4,7 meter sikrer skarp detektion selv p\u00e5 relativt korte afstande. Kameraets hjerte er en uk\u00f8let mikrobolometersensor p\u00e5 384\u00d7288 pixels med en meget h\u00f8j f\u00f8lsomhed (NETD &lt;20 mK), som garanterer klare og detaljerede termiske billeder til at detektere tilstedev\u00e6relse og aktivitet med h\u00f8j pr\u00e6cision.<\/p>\n<p class=\"ds-markdown-paragraph\"><strong>AI-baseret analyse og proaktiv overv\u00e5gning<\/strong><br \/>\nMed en kraftfuld ARTPEC-8 System-on-Chip og en dedikeret Deep Learning Processing Unit (DLPU) er Q1971-E en intelligent enhed, der underst\u00f8tter avanceret analyse.<\/p>\n<p class=\"ds-markdown-paragraph\">Den leveres med indbyggede analytikere som AXIS Video Motion Detection, AXIS Fence Guard og AXIS Loitering Guard.<\/p>\n<p class=\"ds-markdown-paragraph\">For yderligere beskyttelse kan den kraftfulde AI-analytiker AXIS Perimeter Defender aktiveres, hvilket muligg\u00f8r pr\u00e6cis klassificering og tidlig detektion af ubudne g\u00e6ster.<\/p>\n<p class=\"ds-markdown-paragraph\">Platformen underst\u00f8tter ogs\u00e5 tredjepartsanalytikere via AXIS Camera Application Platform (ACAP), hvilket giver uendelige muligheder for tilpasning.<\/p>\n<p class=\"ds-markdown-paragraph\"><strong>F\u00f8rende cybersikkerhed med Axis Edge Vault<\/strong><br \/>\nI dagens forbundne verden er cybersikkerhed afg\u00f8rende. AXIS Q1971-E har den indbyggede hardwarebaserede sikkerhedsplatform Axis Edge Vault.<\/p>\n<p class=\"ds-markdown-paragraph\">Denne platform beskytter enhedens identitet og integritet gennem funktioner som sikker opstart og et sikkert n\u00f8glelager, der er FIPS 140-2 niveau 2-certificeret.<\/p>\n<p class=\"ds-markdown-paragraph\">Den tilbyder ogs\u00e5 &quot;signeret video&quot;, som garanterer, at videobeviser ikke er blevet manipuleret med og kan spores tilbage til netop dette kamera.<\/p>\n<p class=\"ds-markdown-paragraph\"><strong>Robust konstruktion og nem integration<\/strong><br \/>\nKameraet er bygget til at v\u00e6re holdbart med et hus af aluminium og polycarbonat, der opfylder IP66\/IP67, IK10 og NEMA 4X beskyttelsesklassificeringer.<\/p>\n<p class=\"ds-markdown-paragraph\">Den kan modst\u00e5 temperaturer fra -40\u00b0C til 60\u00b0C og kondenserende luftfugtighed. For nem integration og betjening underst\u00f8tter den en bred vifte af netv\u00e6rksprotokoller, ONVIF-profiler (G, M, S, T) og VAPIX API.<\/p>\n<p class=\"ds-markdown-paragraph\">I\/O-porte g\u00f8r det muligt at tilslutte eksternt udstyr s\u00e5som sirener eller lys direkte til kameraet for \u00f8jeblikkelig handling. Det str\u00f8mforsynes via PoE (IEEE 802.3af\/at) eller 12-28 V DC, hvilket giver fleksibilitet i installationen.<\/p>\n<p class=\"ds-markdown-paragraph\"><strong>Billeder og videostreams<\/strong><br \/>\nSelvom sensorens native opl\u00f8sning er 384\u00d7288, kan den skaleres op til 768\u00d7576 for forbedrede visuelle detaljer.<\/p>\n<p class=\"ds-markdown-paragraph\">Kameraet underst\u00f8tter video med op til 30 billeder i sekundet og flere streams i H.264, H.265 og Motion JPEG.<\/p>\n<p class=\"ds-markdown-paragraph\">Axis Zipstream-teknologi reducerer b\u00e5ndbredde- og lagerkrav med gennemsnitligt 50 % uden at ofre retsmedicinsk vigtige oplysninger.<\/p>\n<p class=\"ds-markdown-paragraph\">Afslutningsvis er AXIS Q1971-E med 13 mm objektiv et fremragende valg til specifikke overv\u00e5gningsbehov, der kr\u00e6ver en balance mellem d\u00e6kningsomr\u00e5de og detaljeniveau.<\/p>\n<p class=\"ds-markdown-paragraph\">Dens kombination af uovertruffen termisk detektion, AI-funktioner, robust cybersikkerhed og p\u00e5lidelig konstruktion g\u00f8r den til et f\u00f8rsteklasses valg til proaktiv beskyttelse af faciliteter og infrastruktur.<\/p>\n<p class=\"ds-markdown-paragraph\"><strong>Vigtige specifikationer for 13 mm-modellen:<\/strong><\/p>\n<ul>\n<li>\n<p class=\"ds-markdown-paragraph\"><strong>Sensor:<\/strong>\u00a0Uk\u00f8let mikrobolometer, 384\u00d7288 pixels<\/p>\n<\/li>\n<li>\n<p class=\"ds-markdown-paragraph\"><strong>Objektiv:<\/strong>\u00a0Fast 13 mm, F1.0, 29\u00b0 vandret synsfelt<\/p>\n<\/li>\n<li>\n<p class=\"ds-markdown-paragraph\"><strong>F\u00f8lsomhed (NETD):<\/strong>\u00a0&lt;20 mK<\/p>\n<\/li>\n<li>\n<p class=\"ds-markdown-paragraph\"><strong>Billedbehandling:<\/strong>\u00a0ARTPEC-8 SoC med DLPU (AI)<\/p>\n<\/li>\n<li>\n<p class=\"ds-markdown-paragraph\"><strong>Analytiker:<\/strong>\u00a0Inkluderer\/underst\u00f8tter AXIS Perimeter Defender<\/p>\n<\/li>\n<li>\n<p class=\"ds-markdown-paragraph\"><strong>Cybersikkerhed:<\/strong>\u00a0Axis Edge Vault (FIPS 140-2 niveau 2)<\/p>\n<\/li>\n<li>\n<p class=\"ds-markdown-paragraph\"><strong>Beskyttelsesklasse:<\/strong>\u00a0IP66\/IP67, IK10, NEMA 4X<\/p>\n<\/li>\n<li>\n<p class=\"ds-markdown-paragraph\"><strong>Str\u00f8mforsyning:<\/strong>\u00a0PoE (IEEE 802.3af\/at) eller 12-28 V DC<\/p>\n<\/li>\n<li>\n<p class=\"ds-markdown-paragraph\"><strong>Garanti:<\/strong>\u00a05 \u00e5rs garanti<\/p>\n<\/li>\n<\/ul>","protected":false},"excerpt":{"rendered":"<p>AXIS Q1971-E er et robust termisk kamera med en 13 mm fast linse, designet til p\u00e5lidelig detektion og verifikation d\u00f8gnet rundt uanset lys- og vejrforhold.<\/p>\n<p>Den er ideel til kr\u00e6vende perimeterbeskyttelse og fungerer fremragende selv i scenarier med lav kontrast.<\/p>\n<p>Kameraet tilbyder en 13 mm athermiseret linse med et 29\u00b0 vandret synsfelt, perfekt til overv\u00e5gning af moderat store omr\u00e5der p\u00e5 mellemlange afstande.<\/p>","protected":false},"featured_media":160158,"template":"","meta":{"_acf_changed":false},"product_brand":[],"product_cat":[4955],"product_tag":[],"class_list":{"0":"post-160161","1":"product","2":"type-product","3":"status-publish","4":"has-post-thumbnail","6":"product_cat-axis-varmekameror","7":"pa_brands-axis","8":"pa_farg-vit","9":"tm-no-options","11":"first","12":"instock","13":"sale","14":"taxable","15":"shipping-taxable","16":"purchasable","17":"product-type-simple"},"acf":[],"_links":{"self":[{"href":"https:\/\/secureus.se\/dk\/wp-json\/wp\/v2\/product\/160161","targetHints":{"allow":["GET"]}}],"collection":[{"href":"https:\/\/secureus.se\/dk\/wp-json\/wp\/v2\/product"}],"about":[{"href":"https:\/\/secureus.se\/dk\/wp-json\/wp\/v2\/types\/product"}],"wp:featuredmedia":[{"embeddable":true,"href":"https:\/\/secureus.se\/dk\/wp-json\/wp\/v2\/media\/160158"}],"wp:attachment":[{"href":"https:\/\/secureus.se\/dk\/wp-json\/wp\/v2\/media?parent=160161"}],"wp:term":[{"taxonomy":"product_brand","embeddable":true,"href":"https:\/\/secureus.se\/dk\/wp-json\/wp\/v2\/product_brand?post=160161"},{"taxonomy":"product_cat","embeddable":true,"href":"https:\/\/secureus.se\/dk\/wp-json\/wp\/v2\/product_cat?post=160161"},{"taxonomy":"product_tag","embeddable":true,"href":"https:\/\/secureus.se\/dk\/wp-json\/wp\/v2\/product_tag?post=160161"}],"curies":[{"name":"wp","href":"https:\/\/api.w.org\/{rel}","templated":true}]}}