{"id":160164,"date":"2025-11-21T11:12:30","date_gmt":"2025-11-21T10:12:30","guid":{"rendered":"https:\/\/secureus.se\/?post_type=product&#038;p=160164"},"modified":"2026-04-01T12:16:15","modified_gmt":"2026-04-01T10:16:15","slug":"axis-30w-1-port-midspan-for-inomhusbruk-240v-ac-02172-002","status":"publish","type":"product","link":"https:\/\/secureus.se\/dk\/axis-30w-1-port-midspan-for-inomhusbruk-240v-ac-02172-002\/","title":{"rendered":"AXIS 30W 1-ports mellemsp\u00e6ndingsadapter til indend\u00f8rs brug, 240V AC (02172-002)"},"content":{"rendered":"<h1>AXIS 30W 1-ports mellemsp\u00e6ndingsadapter til indend\u00f8rs brug, 240V AC<\/h1>\n<p class=\"ds-markdown-paragraph\">AXIS 30 W Midspan er en p\u00e5lidelig og energieffektiv 1-port PoE-injektor (midspan), der er designet til effektivt at forsyne en enkelt h\u00f8jtydende netv\u00e6rksenhed med str\u00f8m.<\/p>\n<p class=\"ds-markdown-paragraph\">Den tilbyder en optimal l\u00f8sning til situationer, hvor eksisterende netv\u00e6rksswitche mangler PoE-funktionalitet eller ikke kan levere nok str\u00f8m, hvilket eliminerer behovet for at investere i en helt ny switch eller foretage dyre elektriske installationer.<\/p>\n<p class=\"ds-markdown-paragraph\"><strong>Enkel og omkostningseffektiv Power over Ethernet-l\u00f8sning<\/strong><br \/>\nKernen i denne enhed er dens evne til at levere b\u00e5de data og str\u00f8m via et enkelt standard Ethernet-kabel (kategori 5e eller h\u00f8jere).<\/p>\n<p class=\"ds-markdown-paragraph\">Denne &quot;plug-and-play&quot;-l\u00f8sning forenkler installationen af netv\u00e6rksudstyr betydeligt, is\u00e6r p\u00e5 steder, hvor adgangen til stikkontakter er begr\u00e6nset eller d\u00e5rlig.<\/p>\n<p class=\"ds-markdown-paragraph\">Injektoren er kompatibel med IEEE 802.3af (PoE) og IEEE 802.3at (PoE+) standarderne, hvilket g\u00f8r den til en alsidig partner til en bred vifte af Axis-produkter, fra basale IP-kameraer til mere kraftfulde enheder s\u00e5som termiske kameraer og sikkerhedsradarer, der kr\u00e6ver op til 30 W.<\/p>\n<p class=\"ds-markdown-paragraph\"><strong>Tekniske fordele og ydeevne<\/strong><br \/>\nAXIS 30 W Midspan underst\u00f8tter Gigabit Ethernet (10\/100\/1000 Mbps), hvilket sikrer, at datab\u00e5ndbredden ikke er begr\u00e6nset, mens enheden forsyner dit udstyr med str\u00f8m.<\/p>\n<p class=\"ds-markdown-paragraph\">Den har et bredt indgangssp\u00e6ndingsomr\u00e5de p\u00e5 100 til 240 V AC, hvilket g\u00f8r den velegnet til global brug.<\/p>\n<p class=\"ds-markdown-paragraph\">Udgangseffekten er 56 V DC med en maksimal effekt p\u00e5 30 W. For at sikre energieffektivitet forbruger midspan-lampen kun 100 mW, n\u00e5r der ikke er tilsluttet nogen enhed.<\/p>\n<p class=\"ds-markdown-paragraph\">Den er udstyret med en LED-indikator p\u00e5 frontpanelet for nem visuel bekr\u00e6ftelse af str\u00f8m- og dataforsyning.<\/p>\n<p class=\"ds-markdown-paragraph\"><strong>Holdbart design og alsidig montering<\/strong><br \/>\nEnheden er fremstillet i et slidst\u00e6rkt, sort plastikchassis og er b\u00e5de PVC- og halogenfri, hvilket er i overensstemmelse med Axis&#039; milj\u00f8ambitioner.<\/p>\n<p class=\"ds-markdown-paragraph\">Det kompakte design (30 x 46 x 140,1 mm) og den lave v\u00e6gt (145 g) g\u00f8r den diskret og nem at integrere i ethvert rum.<\/p>\n<p class=\"ds-markdown-paragraph\">For fleksibel installation kan den monteres p\u00e5 v\u00e6ggen, placeres p\u00e5 en hylde eller fastg\u00f8res til en standard DIN-skinne ved hj\u00e6lp af det separat solgte tilbeh\u00f8r (AXIS T91A03 DIN-skinneklemme).<\/p>\n<p class=\"ds-markdown-paragraph\"><strong>Robuste driftsforhold og godkendelser<\/strong><br \/>\nAXIS 30 W Midspan er designet til p\u00e5lidelig drift inden for et temperaturomr\u00e5de p\u00e5 -20 \u00b0C til 40 \u00b0C ved fuld belastning (30 W) og op til 55 \u00b0C ved lavere effekt (15 W).<\/p>\n<p class=\"ds-markdown-paragraph\">Den har gennemg\u00e5et strenge tests og opfylder relevante sikkerheds- og EMC-standarder, herunder UL, CE, FCC og RoHS, hvilket sikrer b\u00e5de sikker drift og h\u00f8j kvalitet.<\/p>\n<p class=\"ds-markdown-paragraph\"><strong>Resum\u00e9<\/strong><br \/>\nAXIS 30 W Midspan er det perfekte supplement til din Axis-sikkerhedsl\u00f8sning.<\/p>\n<p class=\"ds-markdown-paragraph\">Det eliminerer installationsbarrierer ved at give dig mulighed for nemt at forsyne str\u00f8mkr\u00e6vende enheder, hvor du har brug for dem, uden at g\u00e5 p\u00e5 kompromis med netv\u00e6rkets ydeevne.<\/p>\n<p class=\"ds-markdown-paragraph\">Uanset om du udvider et eksisterende system eller installerer nyt udstyr, tilbyder denne midspan en p\u00e5lidelig, sikker og fremtidssikret str\u00f8mforsyningsl\u00f8sning.<\/p>\n<p class=\"ds-markdown-paragraph\"><strong>Vigtige specifikationer:<\/strong><\/p>\n<ul>\n<li>\n<p class=\"ds-markdown-paragraph\"><strong>Type:<\/strong>\u00a01-port PoE-injektor (Midspan)<\/p>\n<\/li>\n<li>\n<p class=\"ds-markdown-paragraph\"><strong>PoE-standard:<\/strong>\u00a0IEEE 802.3af (PoE) &amp; IEEE 802.3at (PoE+)<\/p>\n<\/li>\n<li>\n<p class=\"ds-markdown-paragraph\"><strong>Maksimal effekt:<\/strong>\u00a030W<\/p>\n<\/li>\n<li>\n<p class=\"ds-markdown-paragraph\"><strong>Dataflytning:<\/strong>\u00a010\/100\/1000 Mbps<\/p>\n<\/li>\n<li>\n<p class=\"ds-markdown-paragraph\"><strong>Indgangssp\u00e6nding:<\/strong>\u00a0100-240V AC<\/p>\n<\/li>\n<li>\n<p class=\"ds-markdown-paragraph\"><strong>Montering:<\/strong>\u00a0V\u00e6g, hylde, DIN-skinne (tilbeh\u00f8r)<\/p>\n<\/li>\n<li>\n<p class=\"ds-markdown-paragraph\"><strong>Garanti:<\/strong>\u00a03 \u00e5rs garanti<\/p>\n<\/li>\n<\/ul>\n<div class=\"sc-bczRLJ fySwpa\">\n<div class=\"sc-bczRLJ kEeNDb\"><\/div>\n<\/div>","protected":false},"excerpt":{"rendered":"<p>AXIS 30 W Midspan er en kompakt og effektiv 1-port PoE-injektor (midspan), der leverer op til 30 W str\u00f8m til en netv\u00e6rksenhed via et enkelt Ethernet-kabel.<\/p>\n<p>Den er kompatibel med b\u00e5de IEEE 802.3af (15 W) og IEEE 802.3at (30 W) standarder, hvilket sikrer kompatibilitet med de fleste Axis-netv\u00e6rksprodukter med indbygget PoE, s\u00e5som kameraer og radarer.<\/p>","protected":false},"featured_media":160162,"template":"","meta":{"_acf_changed":false},"product_brand":[],"product_cat":[4951],"product_tag":[],"class_list":{"0":"post-160164","1":"product","2":"type-product","3":"status-publish","4":"has-post-thumbnail","6":"product_cat-axis-natverksuttag-poe","7":"pa_brands-axis","8":"tm-no-options","10":"first","11":"onbackorder","12":"sale","13":"taxable","14":"shipping-taxable","15":"purchasable","16":"product-type-simple"},"acf":[],"_links":{"self":[{"href":"https:\/\/secureus.se\/dk\/wp-json\/wp\/v2\/product\/160164","targetHints":{"allow":["GET"]}}],"collection":[{"href":"https:\/\/secureus.se\/dk\/wp-json\/wp\/v2\/product"}],"about":[{"href":"https:\/\/secureus.se\/dk\/wp-json\/wp\/v2\/types\/product"}],"wp:featuredmedia":[{"embeddable":true,"href":"https:\/\/secureus.se\/dk\/wp-json\/wp\/v2\/media\/160162"}],"wp:attachment":[{"href":"https:\/\/secureus.se\/dk\/wp-json\/wp\/v2\/media?parent=160164"}],"wp:term":[{"taxonomy":"product_brand","embeddable":true,"href":"https:\/\/secureus.se\/dk\/wp-json\/wp\/v2\/product_brand?post=160164"},{"taxonomy":"product_cat","embeddable":true,"href":"https:\/\/secureus.se\/dk\/wp-json\/wp\/v2\/product_cat?post=160164"},{"taxonomy":"product_tag","embeddable":true,"href":"https:\/\/secureus.se\/dk\/wp-json\/wp\/v2\/product_tag?post=160164"}],"curies":[{"name":"wp","href":"https:\/\/api.w.org\/{rel}","templated":true}]}}